{"id":2002,"date":"2023-08-23T14:07:04","date_gmt":"2023-08-23T11:07:04","guid":{"rendered":"https:\/\/sorwespa.com\/kontakt\/"},"modified":"2025-11-14T12:20:28","modified_gmt":"2025-11-14T10:20:28","slug":"yhteystiedot","status":"publish","type":"page","link":"https:\/\/sorwespa.com\/fi\/yhteystiedot\/","title":{"rendered":"YHTEYSTIEDOT"},"content":{"rendered":"\n<div class=\"wp-block-cover alignfull is-light\"><img loading=\"lazy\" decoding=\"async\" width=\"1150\" height=\"768\" class=\"wp-block-cover__image-background wp-image-425\" alt=\"\" src=\"https:\/\/sorwespa.com\/wp-content\/uploads\/2023\/08\/Herbs.png\" data-object-fit=\"cover\" srcset=\"https:\/\/sorwespa.com\/wp-content\/uploads\/2023\/08\/Herbs.png 1150w, https:\/\/sorwespa.com\/wp-content\/uploads\/2023\/08\/Herbs-300x200.png 300w, https:\/\/sorwespa.com\/wp-content\/uploads\/2023\/08\/Herbs-1024x684.png 1024w, https:\/\/sorwespa.com\/wp-content\/uploads\/2023\/08\/Herbs-768x513.png 768w\" sizes=\"auto, (max-width: 1150px) 100vw, 1150px\" \/><span aria-hidden=\"true\" class=\"wp-block-cover__background has-background-dim-20 has-background-dim\"><\/span><div class=\"wp-block-cover__inner-container is-layout-flow wp-block-cover-is-layout-flow\">\n<h1 class=\"wp-block-heading has-text-align-center has-white-color has-text-color has-x-large-font-size\">YHTEYSTIEDOT<\/h1>\n<\/div><\/div>\n\n\n\n<div style=\"height:40px\" aria-hidden=\"true\" class=\"wp-block-spacer mobile-spacer-10\"><\/div>\n\n\n\n<div class=\"wp-block-columns alignwide is-layout-flex wp-container-core-columns-is-layout-9d6595d7 wp-block-columns-is-layout-flex\">\n<div class=\"wp-block-column is-layout-flow wp-block-column-is-layout-flow\" style=\"padding-right:var(--wp--preset--spacing--60);padding-left:var(--wp--preset--spacing--60)\">\n<h3 class=\"wp-block-heading has-text-color\" style=\"color:#d19a04;font-size:30px\">N\u00e4in saavut meille<\/h3>\n\n\n\n<ul class=\"wp-block-list\">\n<li>Mannermaalta lautalla, valitse Virtsu-Kuivastu-reitti lippuvaraukset <a href=\"https:\/\/www.praamid.ee\/en\/homepage\/\">www.praamid.ee<\/a>. Matka satamasta S\u00d6RWESPAhan kest\u00e4\u00e4 noin tunnin ja 10 minuuttia.<\/li>\n\n\n\n<li>Hiidenmaalta tultaessa: S\u00f5ru-Triigi-reitti, lippuvarukset <a href=\"https:\/\/www.veeteed.com\/#\/en\/\" target=\"_blank\" rel=\"noreferrer noopener\">www.veeteed.com<\/a>. Matka Triigin satamasta L\u00e4tsaan kest\u00e4\u00e4 noin 50 minuuttia.<\/li>\n\n\n\n<li><a href=\"https:\/\/flynyx.com\/?___store=fi&amp;___from_store=en\" target=\"_blank\" rel=\"noreferrer noopener\">Lentoaikataulut ja varaukset<\/a> Tallinna\u2013Kuressaare ja Kuressaare\u2013Tallinna.<\/li>\n\n\n\n<li>Lentokentt\u00e4kuljetukset numerosta <a href=\"tel:+37255512303\">+372 5551 2303<\/a> tai taksi numerosta 1700. Matka lentokent\u00e4lt\u00e4 L\u00e4\u00e4tsaan kest\u00e4\u00e4 noin 20 minuuttia. Taksimatkan hinta on noin 20 euroa.<\/li>\n\n\n\n<li>Kuressaaresta bussilla: matka kest\u00e4\u00e4 25 minuuttia, pys\u00e4kki on rakennuksen edess\u00e4. Aikataulu:\u00a0<a href=\"https:\/\/web.peatus.ee\/?locale=fi\" target=\"_blank\" rel=\"noreferrer noopener\">http:\/\/peatus.ee\/<\/a><\/li>\n\n\n\n<li>Lis\u00e4tietoja <a href=\"https:\/\/www.visitsaaremaa.ee\/en\/plan\/transport\/car-rental-in-kuressaare\/\" target=\"_blank\" rel=\"noreferrer noopener\">autonvuokrauksesta<\/a>. Vuokraa <a href=\"https:\/\/luksuskaater.ee\/fi\/frontpage-fi\/\">luksusjahti<\/a>.<\/li>\n<\/ul>\n<\/div>\n\n\n\n<div class=\"wp-block-column is-layout-flow wp-block-column-is-layout-flow\" style=\"padding-top:0;padding-right:var(--wp--preset--spacing--70);padding-bottom:0;padding-left:var(--wp--preset--spacing--70)\">\n<h3 class=\"wp-block-heading has-text-color\" style=\"color:#d19a04;font-size:30px\"><strong>L\u00e4himm\u00e4t satamat<\/strong><\/h3>\n\n\n\n<ul class=\"wp-block-list\">\n<li>L\u00e4\u00e4tsan venesatama (0,6 km)<\/li>\n\n\n\n<li>Salmen jokisatama (2 km)<\/li>\n\n\n\n<li>L\u00f5malan venesatama (12 km)<\/li>\n\n\n\n<li>Nasvan venesatama (14 km)<\/li>\n\n\n\n<li>Kuressaaren venesatama (19 km)<\/li>\n\n\n\n<li>M\u00f5ntun venesatama (24 km)<\/li>\n<\/ul>\n\n\n\n<p>Ennen matkaa suosittelemme tutustumaan Saarenmaan tapahtumakalenteriin ja katsomaan, miten pitk\u00e4 loma tarvitaan. Kaikki tapahtumat l\u00f6ytyv\u00e4t <a href=\"https:\/\/visitsaaremaa.ee\/en\/plan\/saaremaa-events\/\">t\u00e4\u00e4lt\u00e4<\/a>.<\/p>\n<\/div>\n<\/div>\n\n\n\n<div style=\"height:40px\" aria-hidden=\"true\" class=\"wp-block-spacer mobile-spacer-10\"><\/div>\n\n\n\n<div class=\"wp-block-edhotels-content-on-image undefined alignfull\" style=\"min-height:400px\"><div class=\"image\"><img loading=\"lazy\" decoding=\"async\" width=\"1828\" height=\"2560\" src=\"https:\/\/sorwespa.com\/wp-content\/uploads\/2023\/08\/sorwespa126-scaled.jpg\" alt=\"\" class=\"grid-item wp-image-144\" style=\"object-position:50% 50%\" srcset=\"https:\/\/sorwespa.com\/wp-content\/uploads\/2023\/08\/sorwespa126-scaled.jpg 1828w, https:\/\/sorwespa.com\/wp-content\/uploads\/2023\/08\/sorwespa126-214x300.jpg 214w, https:\/\/sorwespa.com\/wp-content\/uploads\/2023\/08\/sorwespa126-731x1024.jpg 731w, https:\/\/sorwespa.com\/wp-content\/uploads\/2023\/08\/sorwespa126-768x1075.jpg 768w, https:\/\/sorwespa.com\/wp-content\/uploads\/2023\/08\/sorwespa126-1097x1536.jpg 1097w, https:\/\/sorwespa.com\/wp-content\/uploads\/2023\/08\/sorwespa126-1463x2048.jpg 1463w, https:\/\/sorwespa.com\/wp-content\/uploads\/2023\/08\/sorwespa126-1568x2195.jpg 1568w\" sizes=\"auto, (max-width: 1828px) 100vw, 1828px\" \/><\/div><div class=\"content-wrapper\"><div class=\"outer-content right\"><div class=\"content-inner-block top\" style=\"background-color:#d19a04d6;max-width:400px;margin:-29px 20px\">\n<p>Kala tee, L\u00e4\u00e4tsan kyl\u00e4<br>93216, Saarenmaa, Viro<\/p>\n\n\n\n<h3 class=\"wp-block-heading has-white-color has-text-color\" style=\"font-size:30px\">S\u00d6RWESPA<\/h3>\n\n\n\n<p class=\"has-text-align-left has-white-color has-text-color\">Majoitus ja spa +372 55512303<br>S\u00e4hk\u00f6posti: <a style=\"background-color:rgba(0, 0, 0, 0);color:#ffffff\" href=\"mailto:info@sorwespa.com\">info@sorwespa.com<\/a><\/p>\n\n\n\n<h3 class=\"wp-block-heading has-white-color has-text-color\" style=\"font-size:30px\">S\u00d6RWEK\u00d6\u00d6K<\/h3>\n\n\n\n<p class=\"has-white-color has-text-color\">Ravintola ja tapahtumat +372 55940204 <br>S\u00e4hk\u00f6posti: <a style=\"background-color:rgba(0, 0, 0, 0);color:#ffffff\" href=\"mailto:info@sorwe.ee\">info@sorwe.ee<\/a><\/p>\n<\/div><\/div><\/div><\/div>\n\n\n\n<div style=\"height:40px\" aria-hidden=\"true\" class=\"wp-block-spacer mobile-spacer-10\"><\/div>\n\n\n\n<div class=\"wp-block-columns alignfull is-layout-flex wp-container-core-columns-is-layout-9d6595d7 wp-block-columns-is-layout-flex\">\n<div class=\"wp-block-column is-layout-flow wp-block-column-is-layout-flow\">\n<iframe src=\"https:\/\/www.google.com\/maps\/embed?pb=!1m18!1m12!1m3!1d2105.6463518412397!2d22.24466667692459!3d58.1461093051639!2m3!1f0!2f0!3f0!3m2!1i1024!2i768!4f13.1!3m3!1m2!1s0x46f2169482b95f9f%3A0x64d2e350e0e228e8!2zU8OWUldFU1BB!5e0!3m2!1set!2see!4v1761901369031!5m2!1set!2see\" width=\"100%\" height=\"350\" style=\"border:0;\" allowfullscreen=\"\" loading=\"lazy\" referrerpolicy=\"no-referrer-when-downgrade\"><\/iframe>\n<\/div>\n<\/div>\n\n\n\n<p><\/p>\n","protected":false},"excerpt":{"rendered":"<p>N\u00e4in saavut meille L\u00e4himm\u00e4t satamat Ennen matkaa suosittelemme tutustumaan Saarenmaan tapahtumakalenteriin ja katsomaan, miten pitk\u00e4 loma tarvitaan. Kaikki tapahtumat l\u00f6ytyv\u00e4t t\u00e4\u00e4lt\u00e4.<\/p>\n","protected":false},"author":2,"featured_media":0,"parent":0,"menu_order":0,"comment_status":"closed","ping_status":"closed","template":"","meta":{"inline_featured_image":false,"footnotes":""},"class_list":["post-2002","page","type-page","status-publish","hentry"],"yoast_head":"<!-- This site is optimized with the Yoast SEO plugin v26.8 - https:\/\/yoast.com\/product\/yoast-seo-wordpress\/ -->\n<title>YHTEYSTIEDOT - S\u00d6RWESPA<\/title>\n<meta name=\"robots\" content=\"index, follow, max-snippet:-1, max-image-preview:large, max-video-preview:-1\" \/>\n<link rel=\"canonical\" href=\"https:\/\/sorwespa.com\/fi\/yhteystiedot\/\" \/>\n<meta property=\"og:locale\" content=\"fi_FI\" \/>\n<meta property=\"og:type\" content=\"article\" \/>\n<meta property=\"og:title\" content=\"YHTEYSTIEDOT - S\u00d6RWESPA\" \/>\n<meta property=\"og:description\" content=\"N\u00e4in saavut meille L\u00e4himm\u00e4t satamat Ennen matkaa suosittelemme tutustumaan Saarenmaan tapahtumakalenteriin ja katsomaan, miten pitk\u00e4 loma tarvitaan. Kaikki tapahtumat l\u00f6ytyv\u00e4t t\u00e4\u00e4lt\u00e4.\" \/>\n<meta property=\"og:url\" content=\"https:\/\/sorwespa.com\/fi\/yhteystiedot\/\" \/>\n<meta property=\"og:site_name\" content=\"S\u00d6RWESPA\" \/>\n<meta property=\"article:modified_time\" content=\"2025-11-14T10:20:28+00:00\" \/>\n<meta property=\"og:image\" content=\"https:\/\/sorwespa.com\/wp-content\/uploads\/2023\/08\/Herbs.png\" \/>\n\t<meta property=\"og:image:width\" content=\"1150\" \/>\n\t<meta property=\"og:image:height\" content=\"768\" \/>\n\t<meta property=\"og:image:type\" content=\"image\/png\" \/>\n<meta name=\"twitter:card\" content=\"summary_large_image\" \/>\n<meta name=\"twitter:label1\" content=\"Arvioitu lukuaika\" \/>\n\t<meta name=\"twitter:data1\" content=\"2 minuuttia\" \/>\n<script type=\"application\/ld+json\" class=\"yoast-schema-graph\">{\"@context\":\"https:\/\/schema.org\",\"@graph\":[{\"@type\":\"WebPage\",\"@id\":\"https:\/\/sorwespa.com\/fi\/yhteystiedot\/\",\"url\":\"https:\/\/sorwespa.com\/fi\/yhteystiedot\/\",\"name\":\"YHTEYSTIEDOT - S\u00d6RWESPA\",\"isPartOf\":{\"@id\":\"https:\/\/sorwespa.com\/#website\"},\"primaryImageOfPage\":{\"@id\":\"https:\/\/sorwespa.com\/fi\/yhteystiedot\/#primaryimage\"},\"image\":{\"@id\":\"https:\/\/sorwespa.com\/fi\/yhteystiedot\/#primaryimage\"},\"thumbnailUrl\":\"https:\/\/sorwespa.com\/wp-content\/uploads\/2023\/08\/Herbs.png\",\"datePublished\":\"2023-08-23T11:07:04+00:00\",\"dateModified\":\"2025-11-14T10:20:28+00:00\",\"breadcrumb\":{\"@id\":\"https:\/\/sorwespa.com\/fi\/yhteystiedot\/#breadcrumb\"},\"inLanguage\":\"fi\",\"potentialAction\":[{\"@type\":\"ReadAction\",\"target\":[\"https:\/\/sorwespa.com\/fi\/yhteystiedot\/\"]}]},{\"@type\":\"ImageObject\",\"inLanguage\":\"fi\",\"@id\":\"https:\/\/sorwespa.com\/fi\/yhteystiedot\/#primaryimage\",\"url\":\"https:\/\/sorwespa.com\/wp-content\/uploads\/2023\/08\/Herbs.png\",\"contentUrl\":\"https:\/\/sorwespa.com\/wp-content\/uploads\/2023\/08\/Herbs.png\"},{\"@type\":\"BreadcrumbList\",\"@id\":\"https:\/\/sorwespa.com\/fi\/yhteystiedot\/#breadcrumb\",\"itemListElement\":[{\"@type\":\"ListItem\",\"position\":1,\"name\":\"Home\",\"item\":\"https:\/\/sorwespa.com\/fi\/\"},{\"@type\":\"ListItem\",\"position\":2,\"name\":\"YHTEYSTIEDOT\"}]},{\"@type\":\"WebSite\",\"@id\":\"https:\/\/sorwespa.com\/#website\",\"url\":\"https:\/\/sorwespa.com\/\",\"name\":\"S\u00d6RWESPA\",\"description\":\"Majutus privaatsetes majakestes, spaahoone saunade ja basseiniga S\u00f5rve poolsaare alguses\",\"potentialAction\":[{\"@type\":\"SearchAction\",\"target\":{\"@type\":\"EntryPoint\",\"urlTemplate\":\"https:\/\/sorwespa.com\/?s={search_term_string}\"},\"query-input\":{\"@type\":\"PropertyValueSpecification\",\"valueRequired\":true,\"valueName\":\"search_term_string\"}}],\"inLanguage\":\"fi\"}]}<\/script>\n<!-- \/ Yoast SEO plugin. -->","yoast_head_json":{"title":"YHTEYSTIEDOT - S\u00d6RWESPA","robots":{"index":"index","follow":"follow","max-snippet":"max-snippet:-1","max-image-preview":"max-image-preview:large","max-video-preview":"max-video-preview:-1"},"canonical":"https:\/\/sorwespa.com\/fi\/yhteystiedot\/","og_locale":"fi_FI","og_type":"article","og_title":"YHTEYSTIEDOT - S\u00d6RWESPA","og_description":"N\u00e4in saavut meille L\u00e4himm\u00e4t satamat Ennen matkaa suosittelemme tutustumaan Saarenmaan tapahtumakalenteriin ja katsomaan, miten pitk\u00e4 loma tarvitaan. Kaikki tapahtumat l\u00f6ytyv\u00e4t t\u00e4\u00e4lt\u00e4.","og_url":"https:\/\/sorwespa.com\/fi\/yhteystiedot\/","og_site_name":"S\u00d6RWESPA","article_modified_time":"2025-11-14T10:20:28+00:00","og_image":[{"width":1150,"height":768,"url":"https:\/\/sorwespa.com\/wp-content\/uploads\/2023\/08\/Herbs.png","type":"image\/png"}],"twitter_card":"summary_large_image","twitter_misc":{"Arvioitu lukuaika":"2 minuuttia"},"schema":{"@context":"https:\/\/schema.org","@graph":[{"@type":"WebPage","@id":"https:\/\/sorwespa.com\/fi\/yhteystiedot\/","url":"https:\/\/sorwespa.com\/fi\/yhteystiedot\/","name":"YHTEYSTIEDOT - S\u00d6RWESPA","isPartOf":{"@id":"https:\/\/sorwespa.com\/#website"},"primaryImageOfPage":{"@id":"https:\/\/sorwespa.com\/fi\/yhteystiedot\/#primaryimage"},"image":{"@id":"https:\/\/sorwespa.com\/fi\/yhteystiedot\/#primaryimage"},"thumbnailUrl":"https:\/\/sorwespa.com\/wp-content\/uploads\/2023\/08\/Herbs.png","datePublished":"2023-08-23T11:07:04+00:00","dateModified":"2025-11-14T10:20:28+00:00","breadcrumb":{"@id":"https:\/\/sorwespa.com\/fi\/yhteystiedot\/#breadcrumb"},"inLanguage":"fi","potentialAction":[{"@type":"ReadAction","target":["https:\/\/sorwespa.com\/fi\/yhteystiedot\/"]}]},{"@type":"ImageObject","inLanguage":"fi","@id":"https:\/\/sorwespa.com\/fi\/yhteystiedot\/#primaryimage","url":"https:\/\/sorwespa.com\/wp-content\/uploads\/2023\/08\/Herbs.png","contentUrl":"https:\/\/sorwespa.com\/wp-content\/uploads\/2023\/08\/Herbs.png"},{"@type":"BreadcrumbList","@id":"https:\/\/sorwespa.com\/fi\/yhteystiedot\/#breadcrumb","itemListElement":[{"@type":"ListItem","position":1,"name":"Home","item":"https:\/\/sorwespa.com\/fi\/"},{"@type":"ListItem","position":2,"name":"YHTEYSTIEDOT"}]},{"@type":"WebSite","@id":"https:\/\/sorwespa.com\/#website","url":"https:\/\/sorwespa.com\/","name":"S\u00d6RWESPA","description":"Majutus privaatsetes majakestes, spaahoone saunade ja basseiniga S\u00f5rve poolsaare alguses","potentialAction":[{"@type":"SearchAction","target":{"@type":"EntryPoint","urlTemplate":"https:\/\/sorwespa.com\/?s={search_term_string}"},"query-input":{"@type":"PropertyValueSpecification","valueRequired":true,"valueName":"search_term_string"}}],"inLanguage":"fi"}]}},"_links":{"self":[{"href":"https:\/\/sorwespa.com\/fi\/wp-json\/wp\/v2\/pages\/2002","targetHints":{"allow":["GET"]}}],"collection":[{"href":"https:\/\/sorwespa.com\/fi\/wp-json\/wp\/v2\/pages"}],"about":[{"href":"https:\/\/sorwespa.com\/fi\/wp-json\/wp\/v2\/types\/page"}],"author":[{"embeddable":true,"href":"https:\/\/sorwespa.com\/fi\/wp-json\/wp\/v2\/users\/2"}],"replies":[{"embeddable":true,"href":"https:\/\/sorwespa.com\/fi\/wp-json\/wp\/v2\/comments?post=2002"}],"version-history":[{"count":9,"href":"https:\/\/sorwespa.com\/fi\/wp-json\/wp\/v2\/pages\/2002\/revisions"}],"predecessor-version":[{"id":2217,"href":"https:\/\/sorwespa.com\/fi\/wp-json\/wp\/v2\/pages\/2002\/revisions\/2217"}],"wp:attachment":[{"href":"https:\/\/sorwespa.com\/fi\/wp-json\/wp\/v2\/media?parent=2002"}],"curies":[{"name":"wp","href":"https:\/\/api.w.org\/{rel}","templated":true}]}}