{"id":1995,"date":"2023-08-23T14:03:15","date_gmt":"2023-08-23T11:03:15","guid":{"rendered":"https:\/\/sorwespa.com\/mida-teha-saaremaal\/"},"modified":"2025-11-14T12:00:50","modified_gmt":"2025-11-14T10:00:50","slug":"tekemista","status":"publish","type":"page","link":"https:\/\/sorwespa.com\/fi\/tekemista\/","title":{"rendered":"TEKEMIST\u00c4"},"content":{"rendered":"\n<div class=\"wp-block-cover alignfull is-light\"><img loading=\"lazy\" decoding=\"async\" width=\"1150\" height=\"768\" class=\"wp-block-cover__image-background wp-image-443\" alt=\"\" src=\"https:\/\/sorwespa.com\/wp-content\/uploads\/2023\/08\/Walking-on-the-field.png\" style=\"object-position:46% 40%\" data-object-fit=\"cover\" data-object-position=\"46% 40%\" srcset=\"https:\/\/sorwespa.com\/wp-content\/uploads\/2023\/08\/Walking-on-the-field.png 1150w, https:\/\/sorwespa.com\/wp-content\/uploads\/2023\/08\/Walking-on-the-field-300x200.png 300w, https:\/\/sorwespa.com\/wp-content\/uploads\/2023\/08\/Walking-on-the-field-1024x684.png 1024w, https:\/\/sorwespa.com\/wp-content\/uploads\/2023\/08\/Walking-on-the-field-768x513.png 768w\" sizes=\"auto, (max-width: 1150px) 100vw, 1150px\" \/><span aria-hidden=\"true\" class=\"wp-block-cover__background has-background-dim-30 has-background-dim\"><\/span><div class=\"wp-block-cover__inner-container is-layout-flow wp-block-cover-is-layout-flow\">\n<h1 class=\"wp-block-heading has-text-align-center has-white-color has-text-color has-x-large-font-size\">TEKEMIST\u00c4<\/h1>\n\n\n\n<p class=\"has-text-align-center has-white-color has-text-color has-medium-font-size\">El\u00e4myksi\u00e4 kaikkina vuodenaikoina<\/p>\n<\/div><\/div>\n\n\n\n<div style=\"height:40px\" aria-hidden=\"true\" class=\"wp-block-spacer mobile-spacer-10\"><\/div>\n\n\n\n<p style=\"font-size:18px\">S\u00d6RWESPA sijaitsee S\u00f5rvenniemess\u00e4, joka on yhdistelm\u00e4<strong> <\/strong>rentoutumista, yksityisyytt\u00e4 ja Saarenmaalle ominaista taikaa. Se sopii niin pakopaikaksi kiireiselle kuin hemmottelupaikaksi nautintoja etsiv\u00e4lle.<\/p>\n\n\n\n<div style=\"height:40px\" aria-hidden=\"true\" class=\"wp-block-spacer mobile-spacer-10\"><\/div>\n\n\n\n<div class=\"wp-block-columns alignwide is-layout-flex wp-container-core-columns-is-layout-9d6595d7 wp-block-columns-is-layout-flex\">\n<div class=\"wp-block-column is-vertically-aligned-center is-layout-flow wp-block-column-is-layout-flow\">\n<p>Kes\u00e4ll\u00e4 saari houkuttelee lomailijoita aurinkoisuudellaan, mutta Saarenmaalla riitt\u00e4\u00e4 n\u00e4ht\u00e4v\u00e4\u00e4 ja koettavaa my\u00f6s muina vuodenaikoina.<\/p>\n\n\n\n<ul class=\"wp-block-list\">\n<li>S\u00d6RWESPAssa voit nauttia kylpyl\u00e4palveluista ja kes\u00e4isin vilvoitella ulkouima-altaissa. Kylpyl\u00e4 vuokraa polkupy\u00f6ri\u00e4 ja k\u00e4velysauvoja.<\/li>\n\n\n\n<li>Hyvi\u00e4 uimapaikkoja l\u00f6ytyy L\u00e4\u00e4tsan rannalta (et\u00e4isyys 0,5 km) ja J\u00e4rven virkistysalueelta (9 km). Surffareiden suosikkeja ovat M\u00e4ndjala Surfclub (11 km:n) ja Saaremaa Surfclub (13 km).<\/li>\n\n\n\n<li>Aktiivilomailijoille suosittelemme Salme Rannaparkin kuntopolkua (2 km) sek\u00e4 19 kilometrin pituista L\u00e4\u00e4tsa-Kuressaare-reitti\u00e4, joka alkaa meilt\u00e4. M\u00e4ndjalan frisbeegolfkent\u00e4lle on matkaa 11 kilometri\u00e4 ja Viieristin vaellusreitille 14 kilometri\u00e4.\u00a0<\/li>\n\n\n\n<li>Ratsastusta ja hevosvaelluksia harrastaville suosittelemme Tee\u00e4\u00e4re-tallia (5 km).<\/li>\n\n\n\n<li>Vilsandin saaristossa (38 km) veneill\u00e4\u00e4n, kalastetaan, katsellaan hylkeit\u00e4, sukelletaan ja nautitaan muista ainutlaatuisista kokemuksista.<\/li>\n\n\n\n<li>Muita mielenkiintoisia kohteita ovat S\u00e4\u00e4retirpin harju (30 km), S\u00f5rven majakka, vierailijakeskus ja museo sek\u00e4 Mihklin maatilamuseo (33 km).<\/li>\n<\/ul>\n\n\n\n<p>Jos viel\u00e4 mietit, mit\u00e4 Saarenmaalla voi tehd\u00e4, kerromme mielell\u00e4mme lis\u00e4\u00e4. Varaat vain itsellesi sopivimman majoituksen, niin lomasi voi alkaa.<\/p>\n<\/div>\n\n\n\n<div class=\"wp-block-column wp-block-edhotels-first-column-in-mobile is-layout-flow wp-block-column-is-layout-flow\">\n<figure class=\"wp-block-gallery has-nested-images columns-default is-cropped wp-block-gallery-1 is-layout-flex wp-block-gallery-is-layout-flex\">\n<figure class=\"wp-block-image size-large\"><a href=\"https:\/\/sorwespa.com\/wp-content\/uploads\/2023\/11\/sorwespa-saun.jpg\"><img loading=\"lazy\" decoding=\"async\" width=\"768\" height=\"1024\" data-id=\"824\" src=\"https:\/\/sorwespa.com\/wp-content\/uploads\/2023\/11\/sorwespa-saun-768x1024.jpg\" alt=\"\" class=\"wp-image-824\" srcset=\"https:\/\/sorwespa.com\/wp-content\/uploads\/2023\/11\/sorwespa-saun-768x1024.jpg 768w, https:\/\/sorwespa.com\/wp-content\/uploads\/2023\/11\/sorwespa-saun-225x300.jpg 225w, https:\/\/sorwespa.com\/wp-content\/uploads\/2023\/11\/sorwespa-saun.jpg 900w\" sizes=\"auto, (max-width: 768px) 100vw, 768px\" \/><\/a><\/figure>\n\n\n\n<figure class=\"wp-block-image size-large\"><a href=\"https:\/\/sorwespa.com\/wp-content\/uploads\/2023\/08\/sorwespa117-scaled.jpg\"><img loading=\"lazy\" decoding=\"async\" width=\"768\" height=\"1024\" data-id=\"126\" src=\"https:\/\/sorwespa.com\/wp-content\/uploads\/2023\/08\/sorwespa117-768x1024.jpg\" alt=\"\" class=\"wp-image-126\" srcset=\"https:\/\/sorwespa.com\/wp-content\/uploads\/2023\/08\/sorwespa117-768x1024.jpg 768w, https:\/\/sorwespa.com\/wp-content\/uploads\/2023\/08\/sorwespa117-225x300.jpg 225w, https:\/\/sorwespa.com\/wp-content\/uploads\/2023\/08\/sorwespa117-1152x1536.jpg 1152w, https:\/\/sorwespa.com\/wp-content\/uploads\/2023\/08\/sorwespa117-1536x2048.jpg 1536w, https:\/\/sorwespa.com\/wp-content\/uploads\/2023\/08\/sorwespa117-1568x2091.jpg 1568w, https:\/\/sorwespa.com\/wp-content\/uploads\/2023\/08\/sorwespa117-scaled.jpg 1920w\" sizes=\"auto, (max-width: 768px) 100vw, 768px\" \/><\/a><\/figure>\n\n\n\n<figure class=\"wp-block-image size-large\"><a href=\"https:\/\/sorwespa.com\/wp-content\/uploads\/2023\/11\/sorwespa-spa.jpg\"><img loading=\"lazy\" decoding=\"async\" width=\"768\" height=\"1024\" data-id=\"851\" src=\"https:\/\/sorwespa.com\/wp-content\/uploads\/2023\/11\/sorwespa-spa-768x1024.jpg\" alt=\"\" class=\"wp-image-851\" srcset=\"https:\/\/sorwespa.com\/wp-content\/uploads\/2023\/11\/sorwespa-spa-768x1024.jpg 768w, https:\/\/sorwespa.com\/wp-content\/uploads\/2023\/11\/sorwespa-spa-225x300.jpg 225w, https:\/\/sorwespa.com\/wp-content\/uploads\/2023\/11\/sorwespa-spa.jpg 900w\" sizes=\"auto, (max-width: 768px) 100vw, 768px\" \/><\/a><\/figure>\n\n\n\n<figure class=\"wp-block-image size-large\"><a href=\"https:\/\/sorwespa.com\/wp-content\/uploads\/2025\/05\/Lastega-spaasse-1.jpg\"><img loading=\"lazy\" decoding=\"async\" width=\"683\" height=\"1024\" data-id=\"1608\" src=\"https:\/\/sorwespa.com\/wp-content\/uploads\/2025\/05\/Lastega-spaasse-1-683x1024.jpg\" alt=\"\" class=\"wp-image-1608\" srcset=\"https:\/\/sorwespa.com\/wp-content\/uploads\/2025\/05\/Lastega-spaasse-1-683x1024.jpg 683w, https:\/\/sorwespa.com\/wp-content\/uploads\/2025\/05\/Lastega-spaasse-1-200x300.jpg 200w, https:\/\/sorwespa.com\/wp-content\/uploads\/2025\/05\/Lastega-spaasse-1-768x1152.jpg 768w, https:\/\/sorwespa.com\/wp-content\/uploads\/2025\/05\/Lastega-spaasse-1.jpg 900w\" sizes=\"auto, (max-width: 683px) 100vw, 683px\" \/><\/a><\/figure>\n\n\n\n<figure class=\"wp-block-image size-large\"><a href=\"https:\/\/sorwespa.com\/wp-content\/uploads\/2023\/08\/Wooden-garden.jpg\"><img loading=\"lazy\" decoding=\"async\" width=\"768\" height=\"1024\" data-id=\"638\" src=\"https:\/\/sorwespa.com\/wp-content\/uploads\/2023\/08\/Wooden-garden-768x1024.jpg\" alt=\"\" class=\"wp-image-638\" srcset=\"https:\/\/sorwespa.com\/wp-content\/uploads\/2023\/08\/Wooden-garden-768x1024.jpg 768w, https:\/\/sorwespa.com\/wp-content\/uploads\/2023\/08\/Wooden-garden-225x300.jpg 225w, https:\/\/sorwespa.com\/wp-content\/uploads\/2023\/08\/Wooden-garden.jpg 1000w\" sizes=\"auto, (max-width: 768px) 100vw, 768px\" \/><\/a><\/figure>\n<\/figure>\n<\/div>\n<\/div>\n\n\n\n<p><\/p>\n","protected":false},"excerpt":{"rendered":"<p>S\u00d6RWESPA sijaitsee S\u00f5rvenniemess\u00e4, joka on yhdistelm\u00e4 rentoutumista, yksityisyytt\u00e4 ja Saarenmaalle ominaista taikaa. Se sopii niin pakopaikaksi kiireiselle kuin hemmottelupaikaksi nautintoja etsiv\u00e4lle. Kes\u00e4ll\u00e4 saari houkuttelee lomailijoita aurinkoisuudellaan, mutta Saarenmaalla riitt\u00e4\u00e4 n\u00e4ht\u00e4v\u00e4\u00e4 ja koettavaa my\u00f6s muina vuodenaikoina. Jos viel\u00e4 mietit, mit\u00e4 Saarenmaalla voi tehd\u00e4, kerromme mielell\u00e4mme lis\u00e4\u00e4. Varaat vain itsellesi sopivimman majoituksen, niin lomasi voi alkaa.<\/p>\n","protected":false},"author":2,"featured_media":0,"parent":0,"menu_order":0,"comment_status":"closed","ping_status":"closed","template":"","meta":{"inline_featured_image":false,"footnotes":""},"class_list":["post-1995","page","type-page","status-publish","hentry"],"yoast_head":"<!-- This site is optimized with the Yoast SEO plugin v27.5 - https:\/\/yoast.com\/product\/yoast-seo-wordpress\/ -->\n<title>TEKEMIST\u00c4 - S\u00d6RWESPA<\/title>\n<meta name=\"robots\" content=\"index, follow, max-snippet:-1, max-image-preview:large, max-video-preview:-1\" \/>\n<link rel=\"canonical\" href=\"https:\/\/sorwespa.com\/fi\/tekemista\/\" \/>\n<meta property=\"og:locale\" content=\"fi_FI\" \/>\n<meta property=\"og:type\" content=\"article\" \/>\n<meta property=\"og:title\" content=\"TEKEMIST\u00c4 - S\u00d6RWESPA\" \/>\n<meta property=\"og:description\" content=\"S\u00d6RWESPA sijaitsee S\u00f5rvenniemess\u00e4, joka on yhdistelm\u00e4 rentoutumista, yksityisyytt\u00e4 ja Saarenmaalle ominaista taikaa. Se sopii niin pakopaikaksi kiireiselle kuin hemmottelupaikaksi nautintoja etsiv\u00e4lle. Kes\u00e4ll\u00e4 saari houkuttelee lomailijoita aurinkoisuudellaan, mutta Saarenmaalla riitt\u00e4\u00e4 n\u00e4ht\u00e4v\u00e4\u00e4 ja koettavaa my\u00f6s muina vuodenaikoina. Jos viel\u00e4 mietit, mit\u00e4 Saarenmaalla voi tehd\u00e4, kerromme mielell\u00e4mme lis\u00e4\u00e4. Varaat vain itsellesi sopivimman majoituksen, niin lomasi voi alkaa.\" \/>\n<meta property=\"og:url\" content=\"https:\/\/sorwespa.com\/fi\/tekemista\/\" \/>\n<meta property=\"og:site_name\" content=\"S\u00d6RWESPA\" \/>\n<meta property=\"article:modified_time\" content=\"2025-11-14T10:00:50+00:00\" \/>\n<meta property=\"og:image\" content=\"https:\/\/sorwespa.com\/wp-content\/uploads\/2023\/08\/Walking-on-the-field.png\" \/>\n\t<meta property=\"og:image:width\" content=\"1150\" \/>\n\t<meta property=\"og:image:height\" content=\"768\" \/>\n\t<meta property=\"og:image:type\" content=\"image\/png\" \/>\n<meta name=\"twitter:card\" content=\"summary_large_image\" \/>\n<meta name=\"twitter:label1\" content=\"Arvioitu lukuaika\" \/>\n\t<meta name=\"twitter:data1\" content=\"3 minuuttia\" \/>\n<script type=\"application\/ld+json\" class=\"yoast-schema-graph\">{\"@context\":\"https:\\\/\\\/schema.org\",\"@graph\":[{\"@type\":\"WebPage\",\"@id\":\"https:\\\/\\\/sorwespa.com\\\/fi\\\/tekemista\\\/\",\"url\":\"https:\\\/\\\/sorwespa.com\\\/fi\\\/tekemista\\\/\",\"name\":\"TEKEMIST\u00c4 - S\u00d6RWESPA\",\"isPartOf\":{\"@id\":\"https:\\\/\\\/sorwespa.com\\\/#website\"},\"primaryImageOfPage\":{\"@id\":\"https:\\\/\\\/sorwespa.com\\\/fi\\\/tekemista\\\/#primaryimage\"},\"image\":{\"@id\":\"https:\\\/\\\/sorwespa.com\\\/fi\\\/tekemista\\\/#primaryimage\"},\"thumbnailUrl\":\"https:\\\/\\\/sorwespa.com\\\/wp-content\\\/uploads\\\/2023\\\/08\\\/Walking-on-the-field.png\",\"datePublished\":\"2023-08-23T11:03:15+00:00\",\"dateModified\":\"2025-11-14T10:00:50+00:00\",\"breadcrumb\":{\"@id\":\"https:\\\/\\\/sorwespa.com\\\/fi\\\/tekemista\\\/#breadcrumb\"},\"inLanguage\":\"fi\",\"potentialAction\":[{\"@type\":\"ReadAction\",\"target\":[\"https:\\\/\\\/sorwespa.com\\\/fi\\\/tekemista\\\/\"]}]},{\"@type\":\"ImageObject\",\"inLanguage\":\"fi\",\"@id\":\"https:\\\/\\\/sorwespa.com\\\/fi\\\/tekemista\\\/#primaryimage\",\"url\":\"https:\\\/\\\/sorwespa.com\\\/wp-content\\\/uploads\\\/2023\\\/08\\\/Walking-on-the-field.png\",\"contentUrl\":\"https:\\\/\\\/sorwespa.com\\\/wp-content\\\/uploads\\\/2023\\\/08\\\/Walking-on-the-field.png\"},{\"@type\":\"BreadcrumbList\",\"@id\":\"https:\\\/\\\/sorwespa.com\\\/fi\\\/tekemista\\\/#breadcrumb\",\"itemListElement\":[{\"@type\":\"ListItem\",\"position\":1,\"name\":\"Home\",\"item\":\"https:\\\/\\\/sorwespa.com\\\/fi\\\/\"},{\"@type\":\"ListItem\",\"position\":2,\"name\":\"TEKEMIST\u00c4\"}]},{\"@type\":\"WebSite\",\"@id\":\"https:\\\/\\\/sorwespa.com\\\/#website\",\"url\":\"https:\\\/\\\/sorwespa.com\\\/\",\"name\":\"S\u00d6RWESPA\",\"description\":\"Majutus privaatsetes majakestes, spaahoone saunade ja basseiniga S\u00f5rve poolsaare alguses\",\"potentialAction\":[{\"@type\":\"SearchAction\",\"target\":{\"@type\":\"EntryPoint\",\"urlTemplate\":\"https:\\\/\\\/sorwespa.com\\\/?s={search_term_string}\"},\"query-input\":{\"@type\":\"PropertyValueSpecification\",\"valueRequired\":true,\"valueName\":\"search_term_string\"}}],\"inLanguage\":\"fi\"}]}<\/script>\n<!-- \/ Yoast SEO plugin. -->","yoast_head_json":{"title":"TEKEMIST\u00c4 - S\u00d6RWESPA","robots":{"index":"index","follow":"follow","max-snippet":"max-snippet:-1","max-image-preview":"max-image-preview:large","max-video-preview":"max-video-preview:-1"},"canonical":"https:\/\/sorwespa.com\/fi\/tekemista\/","og_locale":"fi_FI","og_type":"article","og_title":"TEKEMIST\u00c4 - S\u00d6RWESPA","og_description":"S\u00d6RWESPA sijaitsee S\u00f5rvenniemess\u00e4, joka on yhdistelm\u00e4 rentoutumista, yksityisyytt\u00e4 ja Saarenmaalle ominaista taikaa. Se sopii niin pakopaikaksi kiireiselle kuin hemmottelupaikaksi nautintoja etsiv\u00e4lle. Kes\u00e4ll\u00e4 saari houkuttelee lomailijoita aurinkoisuudellaan, mutta Saarenmaalla riitt\u00e4\u00e4 n\u00e4ht\u00e4v\u00e4\u00e4 ja koettavaa my\u00f6s muina vuodenaikoina. Jos viel\u00e4 mietit, mit\u00e4 Saarenmaalla voi tehd\u00e4, kerromme mielell\u00e4mme lis\u00e4\u00e4. Varaat vain itsellesi sopivimman majoituksen, niin lomasi voi alkaa.","og_url":"https:\/\/sorwespa.com\/fi\/tekemista\/","og_site_name":"S\u00d6RWESPA","article_modified_time":"2025-11-14T10:00:50+00:00","og_image":[{"width":1150,"height":768,"url":"https:\/\/sorwespa.com\/wp-content\/uploads\/2023\/08\/Walking-on-the-field.png","type":"image\/png"}],"twitter_card":"summary_large_image","twitter_misc":{"Arvioitu lukuaika":"3 minuuttia"},"schema":{"@context":"https:\/\/schema.org","@graph":[{"@type":"WebPage","@id":"https:\/\/sorwespa.com\/fi\/tekemista\/","url":"https:\/\/sorwespa.com\/fi\/tekemista\/","name":"TEKEMIST\u00c4 - S\u00d6RWESPA","isPartOf":{"@id":"https:\/\/sorwespa.com\/#website"},"primaryImageOfPage":{"@id":"https:\/\/sorwespa.com\/fi\/tekemista\/#primaryimage"},"image":{"@id":"https:\/\/sorwespa.com\/fi\/tekemista\/#primaryimage"},"thumbnailUrl":"https:\/\/sorwespa.com\/wp-content\/uploads\/2023\/08\/Walking-on-the-field.png","datePublished":"2023-08-23T11:03:15+00:00","dateModified":"2025-11-14T10:00:50+00:00","breadcrumb":{"@id":"https:\/\/sorwespa.com\/fi\/tekemista\/#breadcrumb"},"inLanguage":"fi","potentialAction":[{"@type":"ReadAction","target":["https:\/\/sorwespa.com\/fi\/tekemista\/"]}]},{"@type":"ImageObject","inLanguage":"fi","@id":"https:\/\/sorwespa.com\/fi\/tekemista\/#primaryimage","url":"https:\/\/sorwespa.com\/wp-content\/uploads\/2023\/08\/Walking-on-the-field.png","contentUrl":"https:\/\/sorwespa.com\/wp-content\/uploads\/2023\/08\/Walking-on-the-field.png"},{"@type":"BreadcrumbList","@id":"https:\/\/sorwespa.com\/fi\/tekemista\/#breadcrumb","itemListElement":[{"@type":"ListItem","position":1,"name":"Home","item":"https:\/\/sorwespa.com\/fi\/"},{"@type":"ListItem","position":2,"name":"TEKEMIST\u00c4"}]},{"@type":"WebSite","@id":"https:\/\/sorwespa.com\/#website","url":"https:\/\/sorwespa.com\/","name":"S\u00d6RWESPA","description":"Majutus privaatsetes majakestes, spaahoone saunade ja basseiniga S\u00f5rve poolsaare alguses","potentialAction":[{"@type":"SearchAction","target":{"@type":"EntryPoint","urlTemplate":"https:\/\/sorwespa.com\/?s={search_term_string}"},"query-input":{"@type":"PropertyValueSpecification","valueRequired":true,"valueName":"search_term_string"}}],"inLanguage":"fi"}]}},"_links":{"self":[{"href":"https:\/\/sorwespa.com\/fi\/wp-json\/wp\/v2\/pages\/1995","targetHints":{"allow":["GET"]}}],"collection":[{"href":"https:\/\/sorwespa.com\/fi\/wp-json\/wp\/v2\/pages"}],"about":[{"href":"https:\/\/sorwespa.com\/fi\/wp-json\/wp\/v2\/types\/page"}],"author":[{"embeddable":true,"href":"https:\/\/sorwespa.com\/fi\/wp-json\/wp\/v2\/users\/2"}],"replies":[{"embeddable":true,"href":"https:\/\/sorwespa.com\/fi\/wp-json\/wp\/v2\/comments?post=1995"}],"version-history":[{"count":4,"href":"https:\/\/sorwespa.com\/fi\/wp-json\/wp\/v2\/pages\/1995\/revisions"}],"predecessor-version":[{"id":2215,"href":"https:\/\/sorwespa.com\/fi\/wp-json\/wp\/v2\/pages\/1995\/revisions\/2215"}],"wp:attachment":[{"href":"https:\/\/sorwespa.com\/fi\/wp-json\/wp\/v2\/media?parent=1995"}],"curies":[{"name":"wp","href":"https:\/\/api.w.org\/{rel}","templated":true}]}}