{"id":1982,"date":"2023-08-23T14:13:13","date_gmt":"2023-08-23T11:13:13","guid":{"rendered":"https:\/\/sorwespa.com\/seminar\/"},"modified":"2025-11-14T11:57:08","modified_gmt":"2025-11-14T09:57:08","slug":"seminaari","status":"publish","type":"page","link":"https:\/\/sorwespa.com\/fi\/seminaari\/","title":{"rendered":"SEMINAARI"},"content":{"rendered":"\n<div class=\"wp-block-cover alignfull is-light\"><img loading=\"lazy\" decoding=\"async\" width=\"2043\" height=\"894\" class=\"wp-block-cover__image-background wp-image-1370\" alt=\"\" src=\"https:\/\/sorwespa.com\/wp-content\/uploads\/2025\/01\/Sorwespa-seminar.png\" data-object-fit=\"cover\" srcset=\"https:\/\/sorwespa.com\/wp-content\/uploads\/2025\/01\/Sorwespa-seminar.png 2043w, https:\/\/sorwespa.com\/wp-content\/uploads\/2025\/01\/Sorwespa-seminar-300x131.png 300w, https:\/\/sorwespa.com\/wp-content\/uploads\/2025\/01\/Sorwespa-seminar-1024x448.png 1024w, https:\/\/sorwespa.com\/wp-content\/uploads\/2025\/01\/Sorwespa-seminar-768x336.png 768w, https:\/\/sorwespa.com\/wp-content\/uploads\/2025\/01\/Sorwespa-seminar-1536x672.png 1536w, https:\/\/sorwespa.com\/wp-content\/uploads\/2025\/01\/Sorwespa-seminar-1568x686.png 1568w\" sizes=\"auto, (max-width: 2043px) 100vw, 2043px\" \/><span aria-hidden=\"true\" class=\"wp-block-cover__background has-background-dim-30 has-background-dim\" style=\"background-color:#9a8f84\"><\/span><div class=\"wp-block-cover__inner-container is-layout-flow wp-block-cover-is-layout-flow\">\n<h1 class=\"wp-block-heading has-text-align-center has-white-color has-text-color has-x-large-font-size\">KOKOUKSET JA SEMINAARIT<\/h1>\n\n\n\n<p class=\"has-text-align-center has-white-color has-text-color has-medium-font-size\">Tiedon l\u00e4hteill\u00e4<\/p>\n<\/div><\/div>\n\n\n\n<div style=\"height:40px\" aria-hidden=\"true\" class=\"wp-block-spacer mobile-spacer-10\"><\/div>\n\n\n\n<p style=\"font-size:18px\">Saarenmaa tarjoaa erinomaiset puitteet niin kokouksille, seminaareille, ty\u00f6porukan ryhm\u00e4ytymiselle kuin yhteishengen luomiselle.<\/p>\n\n\n\n<p style=\"font-size:18px\">Saarenmaalla uuden oppiminen on helppo yhdist\u00e4\u00e4 rentoutumiseen. Saarelle matkustaminen on irtiotto arjesta ja mahdollistaa t\u00e4ydellisen keskittymisen siihen, mik\u00e4 perill\u00e4 odottaa. Muinaisten voimien keskell\u00e4 mieli vapautuu ja arkikin muuttuu juhlaksi. Saarella on aikaa ja tilaa unelmoida isosti ja keksi\u00e4 rohkeita ratkaisuja.<\/p>\n\n\n\n<p style=\"font-size:18px\">S\u00f6rwespassa on kolme erilaista tilaa kokousten ja seminaarien j\u00e4rjest\u00e4miseen:<\/p>\n\n\n\n<ul class=\"wp-block-list\">\n<li style=\"font-size:18px\"><strong>S\u00f6rwek\u00f6\u00f6k <\/strong>(200 m<sup>2<\/sup>) jopa 100 osallistujalle teatterimuodossa<\/li>\n\n\n\n<li style=\"font-size:18px\"><strong>Tee\u00e4\u00e4re-kokoustila <\/strong>(100 m<sup>2<\/sup>) 50 osallistujalle teatterimuodossa tai 12 osallistujalle diplomaattimuodossa<\/li>\n\n\n\n<li style=\"font-size:18px\"><strong><a href=\"https:\/\/sorwespa.com\/fi\/loma-asunnot\/\">Tilavat huvilat<\/a><\/strong> (35 m<sup>2<\/sup>) palvelevat 8\u201310 osallistujan kokoustiloina<\/li>\n<\/ul>\n\n\n\n<p style=\"font-size:18px\">Jotta saarimatka olisi mahdollisimman hauska ja ikimuistoinen, alla on muutamia vinkkej\u00e4 huvin ja hy\u00f6dyn yhdist\u00e4miseen.<\/p>\n\n\n\n<p style=\"font-size:18px\">Ty\u00f6pajoissa luodaan kokemuksia ja esitell\u00e4\u00e4n saaren ainutlaatuista kulttuuria, luontoa ja historiaa. Ruokakursseilla opetellaan savustamista, leiv\u00e4n leipomista, perinteisen katajanmarjajuoman valmistusta ja monenlaista muuta j\u00e4nnitt\u00e4v\u00e4\u00e4.<\/p>\n\n\n\n<p style=\"font-size:18px\"><\/p>\n\n\n\n<h2 class=\"wp-block-heading has-text-align-center has-text-color\" style=\"color:#d19a04;font-size:40px\">Ty\u00f6pajat<\/h2>\n\n\n\n<div class=\"wp-block-edhotels-edhotels-accordions accordion right\">\n<div class=\"acc_h\"><h3>Katajanmarjajuoman valmistus<\/h3><\/div><div class=\"acc_txt\">\n<p><\/p>\n\n\n\n<p>Saarenmaan symboli on kataja, jota kasvaa runsaasti rannikon niityill\u00e4 ja metsiss\u00e4, \u2013 my\u00f6s L\u00e4\u00e4tsan lomakeskuksen ymp\u00e4rist\u00f6ss\u00e4. Kurssilla opimme parhaat ajat katajanmarjojen poimintaan, mit\u00e4 marjoja kannattaa poimia ja miten perinteinen saarenmaalainen katajanmarjajuoma valmistetaan puun marjoista ja oksista.<\/p>\n\n\n\n<p><a href=\"mailto:info@sorwespa.com\">L\u00c4HET\u00c4 TIEDUSTELU<\/a><\/p>\n<\/div>\n\n\n\n<div class=\"acc_h\"><h3>Viinietikan valmistus<\/h3><\/div><div class=\"acc_txt\">\n<p>Saaren raaka-aineista valmistettuihin tuotteisiin kuuluu sek\u00e4 k\u00e4sintehtyj\u00e4 viinietikoita ett\u00e4 niin kutsuttuja shrubeja, joilla saadaan makua erilaisiin ruokiin. Kurssilla valmistetaan erilaisia salaatteja, kastikkeita ja juomia. Ruoanlaiton ohella opitaan, miten past\u00f6roimaton ja suodattamaton omenasiiderietikka valmistetaan ja mit\u00e4 parantavia vaikutuksia sill\u00e4 on.<\/p>\n\n\n\n<p><a href=\"mailto:info@sorwespa.com\">L\u00c4HET\u00c4 TIEDUSTELU<\/a><\/p>\n<\/div>\n\n\n\n<div class=\"acc_h\"><h3>Koivunmahlasaippuan valmistus<\/h3><\/div><div class=\"acc_txt\">\n<p>Vitamiineistaan ja kivenn\u00e4isaineistaan tunnettu koivunmahla on aina ollut osa saarelaisten ruokavaliota, ja virkist\u00e4nyt niin saunojia kuin peltot\u00f6iden tekij\u00f6it\u00e4. Hyvin antioksidanttipitoisena se on nuoruuden eliksiiri\u00e4, joka hidastaa ik\u00e4\u00e4ntymist\u00e4, stimuloi solujen kasvua ja suojaa ihoa ultraviolettis\u00e4teilylt\u00e4 ja tulehduksilta. Ty\u00f6pajassa valmistetaan yrteill\u00e4 ryyditetty koivunmahlasaippua ja opitaan mahlan hy\u00f6dyist\u00e4. Lis\u00e4ksi kuullaan vinkkej\u00e4 mahlan s\u00e4ilytykseen ja hapattamiseen sen k\u00e4ytt\u00f6ajan pident\u00e4miseksi.<\/p>\n\n\n\n<p><a href=\"mailto:info@sorwespa.com\">L\u00c4HET\u00c4 TIEDUSTELU<\/a><\/p>\n<\/div>\n\n\n\n<div class=\"acc_h\"><h3>Saarenmaan ruoka- ja juomakoulutukset ja luonnonkosmetiikkapajat<\/h3><\/div><div class=\"acc_txt\">\n<ul class=\"wp-block-list\">\n<li><strong>Luonnontuotteiden k\u00e4ytt\u00f6 perinteisess\u00e4 l\u00e4\u00e4ketieteess\u00e4.<\/strong><\/li>\n\n\n\n<li><strong>Tilk!-luonnonkosmetiikkatuotteet <\/strong>on valmistettu luonnonmukaisista ja orgaanisista ainesosista, joista monet ovat per\u00e4isin Saarenmaan luonnosta. Lis\u00e4ksi valmistaja on luonut Virossa ainutlaatuisen Reuse Me -ymp\u00e4rist\u00f6nsuojeluohjelman, jonka tavoitteena on minimoida ymp\u00e4rist\u00f6lle aiheutuvat vahingot ja kiinnitt\u00e4\u00e4 huomiota kest\u00e4v\u00e4\u00e4n kulutukseen ja kiertotalouteen. Luonnonkosmetiikan valmistusty\u00f6paja.<\/li>\n\n\n\n<li><strong>By Mukk -luonnonkosmetiikkaty\u00f6paja.<\/strong> Saarenmaalta per\u00e4isin olevissa luonnon inspiroimissa ihonhoitotuotteissa k\u00e4ytet\u00e4\u00e4n paikallisia raaka-aineita yhdistelm\u00e4n\u00e4, jossa perinteet ja alkukantainen luonto sek\u00e4 moderni tiet\u00e4mys kohtaavat. Tuotteet sis\u00e4lt\u00e4v\u00e4t rannikolta k\u00e4sin ker\u00e4tty\u00e4 paikallista punalev\u00e4\u00e4.<\/li>\n\n\n\n<li><strong>Good Kaarma.\u00a0<\/strong>K\u00e4sintehdyt saippuat luonnon raaka-aineista. Saippuanvalmistusty\u00f6pajat.<\/li>\n<\/ul>\n\n\n\n<p><a href=\"mailto:info@sorwespa.com\">L\u00c4HET\u00c4 TIEDUSTELU<\/a><\/p>\n<\/div>\n\n\n\n<div class=\"acc_h\"><h3>Ty\u00f6pajat Saarenmaan luonnosta ja historiasta<\/h3><\/div><div class=\"acc_txt\">\n<ul class=\"wp-block-list\">\n<li><strong>S\u00f5rvemaan perinneyhdistys.\u00a0<\/strong>S\u00f5rven perinteist\u00e4 kulttuuria esittelev\u00e4t ty\u00f6pajat.<\/li>\n\n\n\n<li><strong>Merity\u00f6pajat<\/strong>, joissa opetellaan merimiesperinteit\u00e4, solmujen tekemist\u00e4 ja muita saarelle tyypillisi\u00e4 asioita.<\/li>\n\n\n\n<li><strong>Mihklin maatilamuseo.<\/strong>\u00a0Saarenmaan l\u00e4nsirannikolla sijaitseva maatilamuseo on yksi Viron ainutlaatuisimmista museoista. K\u00e4vij\u00e4t p\u00e4\u00e4sev\u00e4t tutustumaan alkuper\u00e4isiin rakennuksiin ja erilaisiin historiallisiin ty\u00f6- ja tarvekaluihin. Museolla j\u00e4rjestet\u00e4\u00e4n erilaisia kulttuuriperint\u00f6\u00e4 esittelevi\u00e4 koulutuksia ja ty\u00f6pajoja, joissa opitaan esimerkiksi sy\u00f6t\u00e4vist\u00e4 perinnekasveista, satokausikalentereista, l\u00e4\u00e4kekasveista ja erilaisista maatilan t\u00f6ist\u00e4.<\/li>\n<\/ul>\n\n\n\n<p><a href=\"mailto:info@sorwespa.com\">L\u00c4HET\u00c4 TIEDUSTELU<\/a><\/p>\n<\/div>\n<\/div>\n\n\n\n<div style=\"height:40px\" aria-hidden=\"true\" class=\"wp-block-spacer\"><\/div>\n\n\n\n<div class=\"wp-block-edhotels-gallery custom-grid-gallery\"><div class=\"grid lightgallery\"><div data-src=\"https:\/\/sorwespa.com\/wp-content\/uploads\/2025\/01\/Teeaare-Sorwespa.jpg\" class=\"grid-item\"><img decoding=\"async\" width=\"1024\" height=\"731\" src=\"https:\/\/sorwespa.com\/wp-content\/uploads\/2025\/01\/Teeaare-Sorwespa-1024x731.jpg\" alt=\"\" data-id=\"1344\" loading=\"lazy\" class=\"wp-image-1344\" srcset=\"https:\/\/sorwespa.com\/wp-content\/uploads\/2025\/01\/Teeaare-Sorwespa-1024x731.jpg 1024w, https:\/\/sorwespa.com\/wp-content\/uploads\/2025\/01\/Teeaare-Sorwespa-300x214.jpg 300w, https:\/\/sorwespa.com\/wp-content\/uploads\/2025\/01\/Teeaare-Sorwespa-768x548.jpg 768w, https:\/\/sorwespa.com\/wp-content\/uploads\/2025\/01\/Teeaare-Sorwespa.jpg 1200w\" sizes=\"auto, (max-width: 1024px) 100vw, 1024px\" \/><\/div><div data-src=\"https:\/\/sorwespa.com\/wp-content\/uploads\/2023\/08\/White-flowers.png\" class=\"grid-item\"><img decoding=\"async\" width=\"1024\" height=\"683\" src=\"https:\/\/sorwespa.com\/wp-content\/uploads\/2023\/08\/White-flowers-1024x683.png\" alt=\"\" data-id=\"447\" loading=\"lazy\" class=\"wp-image-447\" srcset=\"https:\/\/sorwespa.com\/wp-content\/uploads\/2023\/08\/White-flowers-1024x683.png 1024w, https:\/\/sorwespa.com\/wp-content\/uploads\/2023\/08\/White-flowers-300x200.png 300w, https:\/\/sorwespa.com\/wp-content\/uploads\/2023\/08\/White-flowers-768x512.png 768w, https:\/\/sorwespa.com\/wp-content\/uploads\/2023\/08\/White-flowers.png 1152w\" sizes=\"auto, (max-width: 1024px) 100vw, 1024px\" \/><\/div><div data-src=\"https:\/\/sorwespa.com\/wp-content\/uploads\/2023\/11\/sorwespa-hygge.jpg\" class=\"grid-item\"><img decoding=\"async\" width=\"1024\" height=\"768\" src=\"https:\/\/sorwespa.com\/wp-content\/uploads\/2023\/11\/sorwespa-hygge-1024x768.jpg\" alt=\"\" data-id=\"913\" loading=\"lazy\" class=\"wp-image-913\" srcset=\"https:\/\/sorwespa.com\/wp-content\/uploads\/2023\/11\/sorwespa-hygge-1024x768.jpg 1024w, https:\/\/sorwespa.com\/wp-content\/uploads\/2023\/11\/sorwespa-hygge-300x225.jpg 300w, https:\/\/sorwespa.com\/wp-content\/uploads\/2023\/11\/sorwespa-hygge-768x576.jpg 768w, https:\/\/sorwespa.com\/wp-content\/uploads\/2023\/11\/sorwespa-hygge.jpg 1200w\" sizes=\"auto, (max-width: 1024px) 100vw, 1024px\" \/><\/div><div data-src=\"https:\/\/sorwespa.com\/wp-content\/uploads\/2023\/08\/Mirrow.png\" class=\"grid-item\"><img decoding=\"async\" width=\"1024\" height=\"683\" src=\"https:\/\/sorwespa.com\/wp-content\/uploads\/2023\/08\/Mirrow-1024x683.png\" alt=\"\" data-id=\"429\" loading=\"lazy\" class=\"wp-image-429\" srcset=\"https:\/\/sorwespa.com\/wp-content\/uploads\/2023\/08\/Mirrow-1024x683.png 1024w, https:\/\/sorwespa.com\/wp-content\/uploads\/2023\/08\/Mirrow-300x200.png 300w, https:\/\/sorwespa.com\/wp-content\/uploads\/2023\/08\/Mirrow-768x512.png 768w, https:\/\/sorwespa.com\/wp-content\/uploads\/2023\/08\/Mirrow.png 1296w\" sizes=\"auto, (max-width: 1024px) 100vw, 1024px\" \/><\/div><div data-src=\"https:\/\/sorwespa.com\/wp-content\/uploads\/2025\/01\/Teeaare-seminar.jpg\" class=\"grid-item\"><img decoding=\"async\" width=\"768\" height=\"1024\" src=\"https:\/\/sorwespa.com\/wp-content\/uploads\/2025\/01\/Teeaare-seminar-768x1024.jpg\" alt=\"\" data-id=\"1340\" loading=\"lazy\" class=\"wp-image-1340\" srcset=\"https:\/\/sorwespa.com\/wp-content\/uploads\/2025\/01\/Teeaare-seminar-768x1024.jpg 768w, https:\/\/sorwespa.com\/wp-content\/uploads\/2025\/01\/Teeaare-seminar-225x300.jpg 225w, https:\/\/sorwespa.com\/wp-content\/uploads\/2025\/01\/Teeaare-seminar.jpg 900w\" sizes=\"auto, (max-width: 768px) 100vw, 768px\" \/><\/div><div data-src=\"https:\/\/sorwespa.com\/wp-content\/uploads\/2023\/08\/White-flower.png\" class=\"grid-item\"><img decoding=\"async\" width=\"576\" height=\"864\" src=\"https:\/\/sorwespa.com\/wp-content\/uploads\/2023\/08\/White-flower.png\" alt=\"\" data-id=\"445\" loading=\"lazy\" class=\"wp-image-445\" srcset=\"https:\/\/sorwespa.com\/wp-content\/uploads\/2023\/08\/White-flower.png 576w, https:\/\/sorwespa.com\/wp-content\/uploads\/2023\/08\/White-flower-200x300.png 200w\" sizes=\"auto, (max-width: 576px) 100vw, 576px\" \/><\/div><div data-src=\"https:\/\/sorwespa.com\/wp-content\/uploads\/2023\/11\/sorwespa-seminar.jpg\" class=\"grid-item\"><img decoding=\"async\" width=\"1024\" height=\"768\" src=\"https:\/\/sorwespa.com\/wp-content\/uploads\/2023\/11\/sorwespa-seminar-1024x768.jpg\" alt=\"\" data-id=\"910\" loading=\"lazy\" class=\"wp-image-910\" srcset=\"https:\/\/sorwespa.com\/wp-content\/uploads\/2023\/11\/sorwespa-seminar-1024x768.jpg 1024w, https:\/\/sorwespa.com\/wp-content\/uploads\/2023\/11\/sorwespa-seminar-300x225.jpg 300w, https:\/\/sorwespa.com\/wp-content\/uploads\/2023\/11\/sorwespa-seminar-768x576.jpg 768w, https:\/\/sorwespa.com\/wp-content\/uploads\/2023\/11\/sorwespa-seminar.jpg 1200w\" sizes=\"auto, (max-width: 1024px) 100vw, 1024px\" \/><\/div><div data-src=\"https:\/\/sorwespa.com\/wp-content\/uploads\/2023\/11\/sorwespa-puhkenurk.jpg\" class=\"grid-item\"><img decoding=\"async\" width=\"768\" height=\"1024\" src=\"https:\/\/sorwespa.com\/wp-content\/uploads\/2023\/11\/sorwespa-puhkenurk-768x1024.jpg\" alt=\"\" data-id=\"896\" loading=\"lazy\" class=\"wp-image-896\" srcset=\"https:\/\/sorwespa.com\/wp-content\/uploads\/2023\/11\/sorwespa-puhkenurk-768x1024.jpg 768w, https:\/\/sorwespa.com\/wp-content\/uploads\/2023\/11\/sorwespa-puhkenurk-225x300.jpg 225w, https:\/\/sorwespa.com\/wp-content\/uploads\/2023\/11\/sorwespa-puhkenurk.jpg 900w\" sizes=\"auto, (max-width: 768px) 100vw, 768px\" \/><\/div><div data-src=\"https:\/\/sorwespa.com\/wp-content\/uploads\/2025\/01\/Teeaare-teatristiilis.jpg\" class=\"grid-item\"><img decoding=\"async\" width=\"911\" height=\"1024\" src=\"https:\/\/sorwespa.com\/wp-content\/uploads\/2025\/01\/Teeaare-teatristiilis-911x1024.jpg\" alt=\"\" data-id=\"1346\" loading=\"lazy\" class=\"wp-image-1346\" srcset=\"https:\/\/sorwespa.com\/wp-content\/uploads\/2025\/01\/Teeaare-teatristiilis-911x1024.jpg 911w, https:\/\/sorwespa.com\/wp-content\/uploads\/2025\/01\/Teeaare-teatristiilis-267x300.jpg 267w, https:\/\/sorwespa.com\/wp-content\/uploads\/2025\/01\/Teeaare-teatristiilis-768x864.jpg 768w, https:\/\/sorwespa.com\/wp-content\/uploads\/2025\/01\/Teeaare-teatristiilis.jpg 1067w\" sizes=\"auto, (max-width: 911px) 100vw, 911px\" \/><\/div><div data-src=\"https:\/\/sorwespa.com\/wp-content\/uploads\/2023\/08\/White-decoration.png\" class=\"grid-item\"><img decoding=\"async\" width=\"1024\" height=\"681\" src=\"https:\/\/sorwespa.com\/wp-content\/uploads\/2023\/08\/White-decoration-1024x681.png\" alt=\"\" data-id=\"459\" loading=\"lazy\" class=\"wp-image-459\" srcset=\"https:\/\/sorwespa.com\/wp-content\/uploads\/2023\/08\/White-decoration-1024x681.png 1024w, https:\/\/sorwespa.com\/wp-content\/uploads\/2023\/08\/White-decoration-300x200.png 300w, https:\/\/sorwespa.com\/wp-content\/uploads\/2023\/08\/White-decoration-768x511.png 768w, https:\/\/sorwespa.com\/wp-content\/uploads\/2023\/08\/White-decoration.png 1443w\" sizes=\"auto, (max-width: 1024px) 100vw, 1024px\" \/><\/div><div data-src=\"https:\/\/sorwespa.com\/wp-content\/uploads\/2025\/01\/Teeaare-seminariruum.jpg\" class=\"grid-item\"><img decoding=\"async\" width=\"1024\" height=\"768\" src=\"https:\/\/sorwespa.com\/wp-content\/uploads\/2025\/01\/Teeaare-seminariruum-1024x768.jpg\" alt=\"\" data-id=\"1342\" loading=\"lazy\" class=\"wp-image-1342\" srcset=\"https:\/\/sorwespa.com\/wp-content\/uploads\/2025\/01\/Teeaare-seminariruum-1024x768.jpg 1024w, https:\/\/sorwespa.com\/wp-content\/uploads\/2025\/01\/Teeaare-seminariruum-300x225.jpg 300w, https:\/\/sorwespa.com\/wp-content\/uploads\/2025\/01\/Teeaare-seminariruum-768x576.jpg 768w, https:\/\/sorwespa.com\/wp-content\/uploads\/2025\/01\/Teeaare-seminariruum.jpg 1200w\" sizes=\"auto, (max-width: 1024px) 100vw, 1024px\" \/><\/div><div data-src=\"https:\/\/sorwespa.com\/wp-content\/uploads\/2023\/11\/Sorwespa-Sorwekook.jpg\" class=\"grid-item\"><img decoding=\"async\" width=\"1024\" height=\"768\" src=\"https:\/\/sorwespa.com\/wp-content\/uploads\/2023\/11\/Sorwespa-Sorwekook-1024x768.jpg\" alt=\"\" data-id=\"908\" loading=\"lazy\" class=\"wp-image-908\" srcset=\"https:\/\/sorwespa.com\/wp-content\/uploads\/2023\/11\/Sorwespa-Sorwekook-1024x768.jpg 1024w, https:\/\/sorwespa.com\/wp-content\/uploads\/2023\/11\/Sorwespa-Sorwekook-300x225.jpg 300w, https:\/\/sorwespa.com\/wp-content\/uploads\/2023\/11\/Sorwespa-Sorwekook-768x576.jpg 768w, https:\/\/sorwespa.com\/wp-content\/uploads\/2023\/11\/Sorwespa-Sorwekook.jpg 1200w\" sizes=\"auto, (max-width: 1024px) 100vw, 1024px\" \/><\/div><div data-src=\"https:\/\/sorwespa.com\/wp-content\/uploads\/2023\/11\/spaamaja.jpg\" class=\"grid-item\"><img decoding=\"async\" width=\"768\" height=\"1024\" src=\"https:\/\/sorwespa.com\/wp-content\/uploads\/2023\/11\/spaamaja-768x1024.jpg\" alt=\"\" data-id=\"892\" loading=\"lazy\" class=\"wp-image-892\" srcset=\"https:\/\/sorwespa.com\/wp-content\/uploads\/2023\/11\/spaamaja-768x1024.jpg 768w, https:\/\/sorwespa.com\/wp-content\/uploads\/2023\/11\/spaamaja-225x300.jpg 225w, https:\/\/sorwespa.com\/wp-content\/uploads\/2023\/11\/spaamaja.jpg 900w\" sizes=\"auto, (max-width: 768px) 100vw, 768px\" \/><\/div><div data-src=\"https:\/\/sorwespa.com\/wp-content\/uploads\/2025\/01\/Sorwespa-Teeaare.jpg\" class=\"grid-item\"><img decoding=\"async\" width=\"1024\" height=\"676\" src=\"https:\/\/sorwespa.com\/wp-content\/uploads\/2025\/01\/Sorwespa-Teeaare-1024x676.jpg\" alt=\"\" data-id=\"1338\" loading=\"lazy\" class=\"wp-image-1338\" srcset=\"https:\/\/sorwespa.com\/wp-content\/uploads\/2025\/01\/Sorwespa-Teeaare-1024x676.jpg 1024w, https:\/\/sorwespa.com\/wp-content\/uploads\/2025\/01\/Sorwespa-Teeaare-300x198.jpg 300w, https:\/\/sorwespa.com\/wp-content\/uploads\/2025\/01\/Sorwespa-Teeaare-768x507.jpg 768w, https:\/\/sorwespa.com\/wp-content\/uploads\/2025\/01\/Sorwespa-Teeaare.jpg 1200w\" sizes=\"auto, (max-width: 1024px) 100vw, 1024px\" \/><\/div><\/div><\/div>\n\n\n\n<p><\/p>\n","protected":false},"excerpt":{"rendered":"<p>Saarenmaa tarjoaa erinomaiset puitteet niin kokouksille, seminaareille, ty\u00f6porukan ryhm\u00e4ytymiselle kuin yhteishengen luomiselle. Saarenmaalla uuden oppiminen on helppo yhdist\u00e4\u00e4 rentoutumiseen. Saarelle matkustaminen on irtiotto arjesta ja mahdollistaa t\u00e4ydellisen keskittymisen siihen, mik\u00e4 perill\u00e4 odottaa. Muinaisten voimien keskell\u00e4 mieli vapautuu ja arkikin muuttuu juhlaksi. Saarella on aikaa ja tilaa unelmoida isosti ja keksi\u00e4 rohkeita ratkaisuja. S\u00f6rwespassa on kolme [&hellip;]<\/p>\n","protected":false},"author":2,"featured_media":0,"parent":0,"menu_order":0,"comment_status":"closed","ping_status":"closed","template":"","meta":{"inline_featured_image":false,"footnotes":""},"class_list":["post-1982","page","type-page","status-publish","hentry"],"yoast_head":"<!-- This site is optimized with the Yoast SEO plugin v26.8 - https:\/\/yoast.com\/product\/yoast-seo-wordpress\/ -->\n<title>SEMINAARI - S\u00d6RWESPA<\/title>\n<meta name=\"robots\" content=\"index, follow, max-snippet:-1, max-image-preview:large, max-video-preview:-1\" \/>\n<link rel=\"canonical\" href=\"https:\/\/sorwespa.com\/fi\/seminaari\/\" \/>\n<meta property=\"og:locale\" content=\"fi_FI\" \/>\n<meta property=\"og:type\" content=\"article\" \/>\n<meta property=\"og:title\" content=\"SEMINAARI - S\u00d6RWESPA\" \/>\n<meta property=\"og:description\" content=\"Saarenmaa tarjoaa erinomaiset puitteet niin kokouksille, seminaareille, ty\u00f6porukan ryhm\u00e4ytymiselle kuin yhteishengen luomiselle. Saarenmaalla uuden oppiminen on helppo yhdist\u00e4\u00e4 rentoutumiseen. Saarelle matkustaminen on irtiotto arjesta ja mahdollistaa t\u00e4ydellisen keskittymisen siihen, mik\u00e4 perill\u00e4 odottaa. Muinaisten voimien keskell\u00e4 mieli vapautuu ja arkikin muuttuu juhlaksi. Saarella on aikaa ja tilaa unelmoida isosti ja keksi\u00e4 rohkeita ratkaisuja. S\u00f6rwespassa on kolme [&hellip;]\" \/>\n<meta property=\"og:url\" content=\"https:\/\/sorwespa.com\/fi\/seminaari\/\" \/>\n<meta property=\"og:site_name\" content=\"S\u00d6RWESPA\" \/>\n<meta property=\"article:modified_time\" content=\"2025-11-14T09:57:08+00:00\" \/>\n<meta property=\"og:image\" content=\"https:\/\/sorwespa.com\/wp-content\/uploads\/2025\/01\/Sorwespa-seminar-1024x448.png\" \/>\n\t<meta property=\"og:image:width\" content=\"1024\" \/>\n\t<meta property=\"og:image:height\" content=\"448\" \/>\n\t<meta property=\"og:image:type\" content=\"image\/png\" \/>\n<meta name=\"twitter:card\" content=\"summary_large_image\" \/>\n<meta name=\"twitter:label1\" content=\"Arvioitu lukuaika\" \/>\n\t<meta name=\"twitter:data1\" content=\"6 minuuttia\" \/>\n<script type=\"application\/ld+json\" class=\"yoast-schema-graph\">{\"@context\":\"https:\/\/schema.org\",\"@graph\":[{\"@type\":\"WebPage\",\"@id\":\"https:\/\/sorwespa.com\/fi\/seminaari\/\",\"url\":\"https:\/\/sorwespa.com\/fi\/seminaari\/\",\"name\":\"SEMINAARI - S\u00d6RWESPA\",\"isPartOf\":{\"@id\":\"https:\/\/sorwespa.com\/#website\"},\"primaryImageOfPage\":{\"@id\":\"https:\/\/sorwespa.com\/fi\/seminaari\/#primaryimage\"},\"image\":{\"@id\":\"https:\/\/sorwespa.com\/fi\/seminaari\/#primaryimage\"},\"thumbnailUrl\":\"https:\/\/sorwespa.com\/wp-content\/uploads\/2025\/01\/Sorwespa-seminar.png\",\"datePublished\":\"2023-08-23T11:13:13+00:00\",\"dateModified\":\"2025-11-14T09:57:08+00:00\",\"breadcrumb\":{\"@id\":\"https:\/\/sorwespa.com\/fi\/seminaari\/#breadcrumb\"},\"inLanguage\":\"fi\",\"potentialAction\":[{\"@type\":\"ReadAction\",\"target\":[\"https:\/\/sorwespa.com\/fi\/seminaari\/\"]}]},{\"@type\":\"ImageObject\",\"inLanguage\":\"fi\",\"@id\":\"https:\/\/sorwespa.com\/fi\/seminaari\/#primaryimage\",\"url\":\"https:\/\/sorwespa.com\/wp-content\/uploads\/2025\/01\/Sorwespa-seminar.png\",\"contentUrl\":\"https:\/\/sorwespa.com\/wp-content\/uploads\/2025\/01\/Sorwespa-seminar.png\"},{\"@type\":\"BreadcrumbList\",\"@id\":\"https:\/\/sorwespa.com\/fi\/seminaari\/#breadcrumb\",\"itemListElement\":[{\"@type\":\"ListItem\",\"position\":1,\"name\":\"Home\",\"item\":\"https:\/\/sorwespa.com\/fi\/\"},{\"@type\":\"ListItem\",\"position\":2,\"name\":\"SEMINAARI\"}]},{\"@type\":\"WebSite\",\"@id\":\"https:\/\/sorwespa.com\/#website\",\"url\":\"https:\/\/sorwespa.com\/\",\"name\":\"S\u00d6RWESPA\",\"description\":\"Majutus privaatsetes majakestes, spaahoone saunade ja basseiniga S\u00f5rve poolsaare alguses\",\"potentialAction\":[{\"@type\":\"SearchAction\",\"target\":{\"@type\":\"EntryPoint\",\"urlTemplate\":\"https:\/\/sorwespa.com\/?s={search_term_string}\"},\"query-input\":{\"@type\":\"PropertyValueSpecification\",\"valueRequired\":true,\"valueName\":\"search_term_string\"}}],\"inLanguage\":\"fi\"}]}<\/script>\n<!-- \/ Yoast SEO plugin. -->","yoast_head_json":{"title":"SEMINAARI - S\u00d6RWESPA","robots":{"index":"index","follow":"follow","max-snippet":"max-snippet:-1","max-image-preview":"max-image-preview:large","max-video-preview":"max-video-preview:-1"},"canonical":"https:\/\/sorwespa.com\/fi\/seminaari\/","og_locale":"fi_FI","og_type":"article","og_title":"SEMINAARI - S\u00d6RWESPA","og_description":"Saarenmaa tarjoaa erinomaiset puitteet niin kokouksille, seminaareille, ty\u00f6porukan ryhm\u00e4ytymiselle kuin yhteishengen luomiselle. Saarenmaalla uuden oppiminen on helppo yhdist\u00e4\u00e4 rentoutumiseen. Saarelle matkustaminen on irtiotto arjesta ja mahdollistaa t\u00e4ydellisen keskittymisen siihen, mik\u00e4 perill\u00e4 odottaa. Muinaisten voimien keskell\u00e4 mieli vapautuu ja arkikin muuttuu juhlaksi. Saarella on aikaa ja tilaa unelmoida isosti ja keksi\u00e4 rohkeita ratkaisuja. S\u00f6rwespassa on kolme [&hellip;]","og_url":"https:\/\/sorwespa.com\/fi\/seminaari\/","og_site_name":"S\u00d6RWESPA","article_modified_time":"2025-11-14T09:57:08+00:00","og_image":[{"width":1024,"height":448,"url":"https:\/\/sorwespa.com\/wp-content\/uploads\/2025\/01\/Sorwespa-seminar-1024x448.png","type":"image\/png"}],"twitter_card":"summary_large_image","twitter_misc":{"Arvioitu lukuaika":"6 minuuttia"},"schema":{"@context":"https:\/\/schema.org","@graph":[{"@type":"WebPage","@id":"https:\/\/sorwespa.com\/fi\/seminaari\/","url":"https:\/\/sorwespa.com\/fi\/seminaari\/","name":"SEMINAARI - S\u00d6RWESPA","isPartOf":{"@id":"https:\/\/sorwespa.com\/#website"},"primaryImageOfPage":{"@id":"https:\/\/sorwespa.com\/fi\/seminaari\/#primaryimage"},"image":{"@id":"https:\/\/sorwespa.com\/fi\/seminaari\/#primaryimage"},"thumbnailUrl":"https:\/\/sorwespa.com\/wp-content\/uploads\/2025\/01\/Sorwespa-seminar.png","datePublished":"2023-08-23T11:13:13+00:00","dateModified":"2025-11-14T09:57:08+00:00","breadcrumb":{"@id":"https:\/\/sorwespa.com\/fi\/seminaari\/#breadcrumb"},"inLanguage":"fi","potentialAction":[{"@type":"ReadAction","target":["https:\/\/sorwespa.com\/fi\/seminaari\/"]}]},{"@type":"ImageObject","inLanguage":"fi","@id":"https:\/\/sorwespa.com\/fi\/seminaari\/#primaryimage","url":"https:\/\/sorwespa.com\/wp-content\/uploads\/2025\/01\/Sorwespa-seminar.png","contentUrl":"https:\/\/sorwespa.com\/wp-content\/uploads\/2025\/01\/Sorwespa-seminar.png"},{"@type":"BreadcrumbList","@id":"https:\/\/sorwespa.com\/fi\/seminaari\/#breadcrumb","itemListElement":[{"@type":"ListItem","position":1,"name":"Home","item":"https:\/\/sorwespa.com\/fi\/"},{"@type":"ListItem","position":2,"name":"SEMINAARI"}]},{"@type":"WebSite","@id":"https:\/\/sorwespa.com\/#website","url":"https:\/\/sorwespa.com\/","name":"S\u00d6RWESPA","description":"Majutus privaatsetes majakestes, spaahoone saunade ja basseiniga S\u00f5rve poolsaare alguses","potentialAction":[{"@type":"SearchAction","target":{"@type":"EntryPoint","urlTemplate":"https:\/\/sorwespa.com\/?s={search_term_string}"},"query-input":{"@type":"PropertyValueSpecification","valueRequired":true,"valueName":"search_term_string"}}],"inLanguage":"fi"}]}},"_links":{"self":[{"href":"https:\/\/sorwespa.com\/fi\/wp-json\/wp\/v2\/pages\/1982","targetHints":{"allow":["GET"]}}],"collection":[{"href":"https:\/\/sorwespa.com\/fi\/wp-json\/wp\/v2\/pages"}],"about":[{"href":"https:\/\/sorwespa.com\/fi\/wp-json\/wp\/v2\/types\/page"}],"author":[{"embeddable":true,"href":"https:\/\/sorwespa.com\/fi\/wp-json\/wp\/v2\/users\/2"}],"replies":[{"embeddable":true,"href":"https:\/\/sorwespa.com\/fi\/wp-json\/wp\/v2\/comments?post=1982"}],"version-history":[{"count":7,"href":"https:\/\/sorwespa.com\/fi\/wp-json\/wp\/v2\/pages\/1982\/revisions"}],"predecessor-version":[{"id":2213,"href":"https:\/\/sorwespa.com\/fi\/wp-json\/wp\/v2\/pages\/1982\/revisions\/2213"}],"wp:attachment":[{"href":"https:\/\/sorwespa.com\/fi\/wp-json\/wp\/v2\/media?parent=1982"}],"curies":[{"name":"wp","href":"https:\/\/api.w.org\/{rel}","templated":true}]}}