{"id":1939,"date":"2023-08-23T14:02:11","date_gmt":"2023-08-23T11:02:11","guid":{"rendered":"https:\/\/sorwespa.com\/spaa\/"},"modified":"2025-11-14T11:39:27","modified_gmt":"2025-11-14T09:39:27","slug":"spa","status":"publish","type":"page","link":"https:\/\/sorwespa.com\/fi\/spa\/","title":{"rendered":"Spa"},"content":{"rendered":"\n<div class=\"wp-block-cover alignfull is-light\"><img loading=\"lazy\" decoding=\"async\" width=\"2560\" height=\"1920\" class=\"wp-block-cover__image-background wp-image-814\" alt=\"\" src=\"https:\/\/sorwespa.com\/wp-content\/uploads\/2023\/11\/sorwespa-bassein-scaled.jpg\" style=\"object-position:56% 81%\" data-object-fit=\"cover\" data-object-position=\"56% 81%\" srcset=\"https:\/\/sorwespa.com\/wp-content\/uploads\/2023\/11\/sorwespa-bassein-scaled.jpg 2560w, https:\/\/sorwespa.com\/wp-content\/uploads\/2023\/11\/sorwespa-bassein-300x225.jpg 300w, https:\/\/sorwespa.com\/wp-content\/uploads\/2023\/11\/sorwespa-bassein-1024x768.jpg 1024w, https:\/\/sorwespa.com\/wp-content\/uploads\/2023\/11\/sorwespa-bassein-768x576.jpg 768w, https:\/\/sorwespa.com\/wp-content\/uploads\/2023\/11\/sorwespa-bassein-1536x1152.jpg 1536w, https:\/\/sorwespa.com\/wp-content\/uploads\/2023\/11\/sorwespa-bassein-2048x1536.jpg 2048w, https:\/\/sorwespa.com\/wp-content\/uploads\/2023\/11\/sorwespa-bassein-1568x1176.jpg 1568w\" sizes=\"auto, (max-width: 2560px) 100vw, 2560px\" \/><span aria-hidden=\"true\" class=\"wp-block-cover__background has-background-dim-30 has-background-dim\"><\/span><div class=\"wp-block-cover__inner-container is-layout-flow wp-block-cover-is-layout-flow\">\n<h1 class=\"wp-block-heading has-text-align-center has-white-color has-text-color has-x-large-font-size\">SPA<\/h1>\n\n\n\n<p class=\"has-text-align-center has-white-color has-text-color has-medium-font-size\">Koe S\u00f6rwen rauha<\/p>\n<\/div><\/div>\n\n\n\n<div style=\"height:40px\" aria-hidden=\"true\" class=\"wp-block-spacer mobile-spacer-10\"><\/div>\n\n\n\n<div class=\"wp-block-columns alignwide is-layout-flex wp-container-core-columns-is-layout-9d6595d7 wp-block-columns-is-layout-flex\">\n<div class=\"wp-block-column is-vertically-aligned-center is-layout-flow wp-block-column-is-layout-flow\" style=\"padding-right:var(--wp--preset--spacing--40);padding-left:var(--wp--preset--spacing--40)\">\n<p>Kylpyl\u00e4ss\u00e4 keho rentoutuu ja mieli vapautuu \u2013 niin kuin S\u00f5rvess\u00e4 on ollut tapana vuosisatojen ajan. S\u00f5rvel\u00e4isten oppien mukaan olemme luoneet paikan, joka tarjoaa kymmeni\u00e4 mukavia paikkoja rentoutumiseen. Kylpyl\u00e4ss\u00e4 voit rauhoittua ja uudistua, ja l\u00e4htiess\u00e4si pakata annoksen S\u00f5rven rauhaa ja onnellisuutta mukaasi.<\/p>\n\n\n\n<p>S\u00d6RWESPA kutsuu matkalle hyv\u00e4\u00e4n oloon. Saarella kasvavat katajat ja m\u00e4nnyt vahvistavat veden rauhoittavaa vaikutusta ja antavat tilaa ajatuksille ja itsens\u00e4 l\u00f6yt\u00e4miselle.<\/p>\n\n\n\n<p>Spa-rakennuksessa vieraidemme k\u00e4yt\u00f6ss\u00e4 on kaksi allasta, saunoja sek\u00e4 erillinen tila hiljentymiseen.<\/p>\n\n\n\n<div class=\"wp-block-edhotels-edhotels-accordions accordion right\">\n<div class=\"acc_h\"><h3>Uima-allas<\/h3><\/div><div class=\"acc_txt\">\n<p>Uima-altaassa voi +30 asteisen veden lis\u00e4ksi nauttia poreista ja pinnanalaisista \u201dvesiputouksista,\u201d, jotka tarjoavat mahdollisuuden my\u00f6s rauhalliseen vastavirtauintiin. Altaan syvyys 1,2 m.<\/p>\n<\/div>\n\n\n\n<div class=\"acc_h\"><h3>Rentoutumisallas<\/h3><\/div><div class=\"acc_txt\">\n<p>Rentoutumisaltaassa veden l\u00e4mp\u00f6tila on +35 \u00b0C. Hierovat poreet t\u00e4ydent\u00e4v\u00e4t rentouttavan kokemuksen.<\/p>\n<\/div>\n\n\n\n<div class=\"acc_h\"><h3>Suomalainen sauna<\/h3><\/div><div class=\"acc_txt\">\n<p>Perinteinen sauna, joka on saanut inspiraationsa noen tummentamista saaristolaissaunoista. L\u00f6yly kosteuttaa ilmaa. L\u00e4mp\u00f6tila +80 \u00b0C. Suositeltava k\u00e4ytt\u00f6aika 10\u201315 minuuttia.<\/p>\n<\/div>\n\n\n\n<div class=\"acc_h\"><h3>H\u00f6yrysauna<\/h3><\/div><div class=\"acc_txt\">\n<p>H\u00f6yrysaunassa l\u00e4mp\u00f6tila on 45\u201350 \u00b0C ja kosteus yli 100 %. L\u00e4mm\u00f6n ja kosteuden yhdistelm\u00e4 tuo mieleen Saarenmaan m\u00e4ntyiset mets\u00e4t, joissa jokainen henk\u00e4ys virkist\u00e4\u00e4 aisteja ja palauttaa energiaa. Saunomisen j\u00e4lkeen iho on yht\u00e4 kirkas kuin luonnossa k\u00e4velyn j\u00e4lkeen. Eri tasoilla sijaitsevat lauteet mahdollistavat hakeutumisen juuri itselle sopivaan l\u00e4mp\u00f6tilaan. Suositeltava k\u00e4ytt\u00f6aika 10\u201315 minuuttia.<\/p>\n<\/div>\n\n\n\n<div class=\"acc_h\"><h3>Sanarium<\/h3><\/div><div class=\"acc_txt\">\n<p>Sanarium on rentouttava sauna, jonka matalahko l\u00e4mp\u00f6tila (55 \u00b0C) ja miellytt\u00e4v\u00e4 kosteus mahdollistavat kiireett\u00f6m\u00e4n saunomiskokemuksen. Tunne on sama kuin auringossa l\u00e4mpim\u00e4n\u00e4 kes\u00e4p\u00e4iv\u00e4n\u00e4, ja ymp\u00e4r\u00f6iv\u00e4 luonto ja saunan \u00e4\u00e4nimaailma vahvistavat virkist\u00e4v\u00e4\u00e4 kokemusta. Suositeltava k\u00e4ytt\u00f6aika 20\u201325 minuuttia.<\/p>\n<\/div>\n\n\n\n<div class=\"acc_h\"><h3>Hiljainen alue 18+<\/h3><\/div><div class=\"acc_txt\">\n<p>Span hiljainen alue on tarkoitettu rauhasta ja hiljaisuudesta nauttiville aikuisille. Tila avautuu vieraille vuodenvaihteessa.<\/p>\n<\/div>\n<\/div>\n<\/div>\n\n\n\n<div class=\"wp-block-column is-layout-flow wp-block-column-is-layout-flow\">\n<figure class=\"wp-block-gallery has-nested-images columns-default is-cropped wp-block-gallery-1 is-layout-flex wp-block-gallery-is-layout-flex\">\n<figure class=\"wp-block-image size-large\"><a href=\"https:\/\/sorwespa.com\/wp-content\/uploads\/2025\/05\/Saaremaa-SPA.jpg\"><img loading=\"lazy\" decoding=\"async\" width=\"683\" height=\"1024\" data-id=\"1596\" src=\"https:\/\/sorwespa.com\/wp-content\/uploads\/2025\/05\/Saaremaa-SPA-683x1024.jpg\" alt=\"\" class=\"wp-image-1596\" srcset=\"https:\/\/sorwespa.com\/wp-content\/uploads\/2025\/05\/Saaremaa-SPA-683x1024.jpg 683w, https:\/\/sorwespa.com\/wp-content\/uploads\/2025\/05\/Saaremaa-SPA-200x300.jpg 200w, https:\/\/sorwespa.com\/wp-content\/uploads\/2025\/05\/Saaremaa-SPA-768x1152.jpg 768w, https:\/\/sorwespa.com\/wp-content\/uploads\/2025\/05\/Saaremaa-SPA.jpg 1024w\" sizes=\"auto, (max-width: 683px) 100vw, 683px\" \/><\/a><\/figure>\n\n\n\n<figure class=\"wp-block-image size-large\"><a href=\"https:\/\/sorwespa.com\/wp-content\/uploads\/2023\/08\/sorwespa105-scaled.jpg\"><img loading=\"lazy\" decoding=\"async\" width=\"768\" height=\"1024\" data-id=\"102\" src=\"https:\/\/sorwespa.com\/wp-content\/uploads\/2023\/08\/sorwespa105-768x1024.jpg\" alt=\"Saaremaa beach\" class=\"wp-image-102\" srcset=\"https:\/\/sorwespa.com\/wp-content\/uploads\/2023\/08\/sorwespa105-768x1024.jpg 768w, https:\/\/sorwespa.com\/wp-content\/uploads\/2023\/08\/sorwespa105-225x300.jpg 225w, https:\/\/sorwespa.com\/wp-content\/uploads\/2023\/08\/sorwespa105-1152x1536.jpg 1152w, https:\/\/sorwespa.com\/wp-content\/uploads\/2023\/08\/sorwespa105-1536x2048.jpg 1536w, https:\/\/sorwespa.com\/wp-content\/uploads\/2023\/08\/sorwespa105-1568x2091.jpg 1568w, https:\/\/sorwespa.com\/wp-content\/uploads\/2023\/08\/sorwespa105-scaled.jpg 1920w\" sizes=\"auto, (max-width: 768px) 100vw, 768px\" \/><\/a><\/figure>\n\n\n\n<figure class=\"wp-block-image size-large\"><a href=\"https:\/\/sorwespa.com\/wp-content\/uploads\/2023\/11\/sorwespa-saun.jpg\"><img loading=\"lazy\" decoding=\"async\" width=\"768\" height=\"1024\" data-id=\"824\" src=\"https:\/\/sorwespa.com\/wp-content\/uploads\/2023\/11\/sorwespa-saun-768x1024.jpg\" alt=\"\" class=\"wp-image-824\" srcset=\"https:\/\/sorwespa.com\/wp-content\/uploads\/2023\/11\/sorwespa-saun-768x1024.jpg 768w, https:\/\/sorwespa.com\/wp-content\/uploads\/2023\/11\/sorwespa-saun-225x300.jpg 225w, https:\/\/sorwespa.com\/wp-content\/uploads\/2023\/11\/sorwespa-saun.jpg 900w\" sizes=\"auto, (max-width: 768px) 100vw, 768px\" \/><\/a><\/figure>\n\n\n\n<figure class=\"wp-block-image size-full\"><a href=\"https:\/\/sorwespa.com\/wp-content\/uploads\/2025\/05\/Saaremaa-SPA-pool.jpg\"><img loading=\"lazy\" decoding=\"async\" width=\"1024\" height=\"1536\" data-id=\"1603\" src=\"https:\/\/sorwespa.com\/wp-content\/uploads\/2025\/05\/Saaremaa-SPA-pool.jpg\" alt=\"\" class=\"wp-image-1603\" srcset=\"https:\/\/sorwespa.com\/wp-content\/uploads\/2025\/05\/Saaremaa-SPA-pool.jpg 1024w, https:\/\/sorwespa.com\/wp-content\/uploads\/2025\/05\/Saaremaa-SPA-pool-200x300.jpg 200w, https:\/\/sorwespa.com\/wp-content\/uploads\/2025\/05\/Saaremaa-SPA-pool-683x1024.jpg 683w, https:\/\/sorwespa.com\/wp-content\/uploads\/2025\/05\/Saaremaa-SPA-pool-768x1152.jpg 768w\" sizes=\"auto, (max-width: 1024px) 100vw, 1024px\" \/><\/a><\/figure>\n\n\n\n<figure class=\"wp-block-image size-full\"><a href=\"https:\/\/sorwespa.com\/wp-content\/uploads\/2025\/05\/Spaa-Saaremaal-2.jpg\"><img loading=\"lazy\" decoding=\"async\" width=\"900\" height=\"661\" data-id=\"1586\" src=\"https:\/\/sorwespa.com\/wp-content\/uploads\/2025\/05\/Spaa-Saaremaal-2.jpg\" alt=\"Spaa Saaremaal\" class=\"wp-image-1586\" srcset=\"https:\/\/sorwespa.com\/wp-content\/uploads\/2025\/05\/Spaa-Saaremaal-2.jpg 900w, https:\/\/sorwespa.com\/wp-content\/uploads\/2025\/05\/Spaa-Saaremaal-2-300x220.jpg 300w, https:\/\/sorwespa.com\/wp-content\/uploads\/2025\/05\/Spaa-Saaremaal-2-768x564.jpg 768w\" sizes=\"auto, (max-width: 900px) 100vw, 900px\" \/><\/a><\/figure>\n<\/figure>\n\n\n\n<p><strong>Spa on avoinna ma\u2013to klo 17.00\u201322.00, pe klo 17.00\u201300.00 ja la\u2013su klo 10.00\u201322.00<\/strong><\/p>\n\n\n\n<p>Lapset 0-3 v\u2002\u2002\u2002\u2002\u2002 ilmaiseksi<br>Lapset 4-15 v\u2002\u2002\u2002\u2002\u2002SU\u2013PE klo 19 asti 10 EUR, PE klo 19 \u2013 LA 15 EUR<br>Aikuiset\u2002\u2002              SU\u2013PE klo 19 asti 20 EUR, PE klo 19 \u2013 LA 25 EUR<\/p>\n<\/div>\n<\/div>\n","protected":false},"excerpt":{"rendered":"<p>Kylpyl\u00e4ss\u00e4 keho rentoutuu ja mieli vapautuu \u2013 niin kuin S\u00f5rvess\u00e4 on ollut tapana vuosisatojen ajan. S\u00f5rvel\u00e4isten oppien mukaan olemme luoneet paikan, joka tarjoaa kymmeni\u00e4 mukavia paikkoja rentoutumiseen. Kylpyl\u00e4ss\u00e4 voit rauhoittua ja uudistua, ja l\u00e4htiess\u00e4si pakata annoksen S\u00f5rven rauhaa ja onnellisuutta mukaasi. S\u00d6RWESPA kutsuu matkalle hyv\u00e4\u00e4n oloon. Saarella kasvavat katajat ja m\u00e4nnyt vahvistavat veden rauhoittavaa vaikutusta [&hellip;]<\/p>\n","protected":false},"author":2,"featured_media":0,"parent":0,"menu_order":0,"comment_status":"closed","ping_status":"closed","template":"","meta":{"inline_featured_image":false,"footnotes":""},"class_list":["post-1939","page","type-page","status-publish","hentry"],"yoast_head":"<!-- This site is optimized with the Yoast SEO plugin v26.8 - https:\/\/yoast.com\/product\/yoast-seo-wordpress\/ -->\n<title>Spa - S\u00d6RWESPA<\/title>\n<meta name=\"robots\" content=\"index, follow, max-snippet:-1, max-image-preview:large, max-video-preview:-1\" \/>\n<link rel=\"canonical\" href=\"https:\/\/sorwespa.com\/fi\/spa\/\" \/>\n<meta property=\"og:locale\" content=\"fi_FI\" \/>\n<meta property=\"og:type\" content=\"article\" \/>\n<meta property=\"og:title\" content=\"Spa - S\u00d6RWESPA\" \/>\n<meta property=\"og:description\" content=\"Kylpyl\u00e4ss\u00e4 keho rentoutuu ja mieli vapautuu \u2013 niin kuin S\u00f5rvess\u00e4 on ollut tapana vuosisatojen ajan. S\u00f5rvel\u00e4isten oppien mukaan olemme luoneet paikan, joka tarjoaa kymmeni\u00e4 mukavia paikkoja rentoutumiseen. Kylpyl\u00e4ss\u00e4 voit rauhoittua ja uudistua, ja l\u00e4htiess\u00e4si pakata annoksen S\u00f5rven rauhaa ja onnellisuutta mukaasi. S\u00d6RWESPA kutsuu matkalle hyv\u00e4\u00e4n oloon. Saarella kasvavat katajat ja m\u00e4nnyt vahvistavat veden rauhoittavaa vaikutusta [&hellip;]\" \/>\n<meta property=\"og:url\" content=\"https:\/\/sorwespa.com\/fi\/spa\/\" \/>\n<meta property=\"og:site_name\" content=\"S\u00d6RWESPA\" \/>\n<meta property=\"article:modified_time\" content=\"2025-11-14T09:39:27+00:00\" \/>\n<meta property=\"og:image\" content=\"https:\/\/sorwespa.com\/wp-content\/uploads\/2023\/11\/sorwespa-bassein-scaled.jpg\" \/>\n\t<meta property=\"og:image:width\" content=\"2560\" \/>\n\t<meta property=\"og:image:height\" content=\"1920\" \/>\n\t<meta property=\"og:image:type\" content=\"image\/jpeg\" \/>\n<meta name=\"twitter:card\" content=\"summary_large_image\" \/>\n<meta name=\"twitter:label1\" content=\"Arvioitu lukuaika\" \/>\n\t<meta name=\"twitter:data1\" content=\"3 minuuttia\" \/>\n<script type=\"application\/ld+json\" class=\"yoast-schema-graph\">{\"@context\":\"https:\/\/schema.org\",\"@graph\":[{\"@type\":\"WebPage\",\"@id\":\"https:\/\/sorwespa.com\/fi\/spa\/\",\"url\":\"https:\/\/sorwespa.com\/fi\/spa\/\",\"name\":\"Spa - S\u00d6RWESPA\",\"isPartOf\":{\"@id\":\"https:\/\/sorwespa.com\/#website\"},\"primaryImageOfPage\":{\"@id\":\"https:\/\/sorwespa.com\/fi\/spa\/#primaryimage\"},\"image\":{\"@id\":\"https:\/\/sorwespa.com\/fi\/spa\/#primaryimage\"},\"thumbnailUrl\":\"https:\/\/sorwespa.com\/wp-content\/uploads\/2023\/11\/sorwespa-bassein-scaled.jpg\",\"datePublished\":\"2023-08-23T11:02:11+00:00\",\"dateModified\":\"2025-11-14T09:39:27+00:00\",\"breadcrumb\":{\"@id\":\"https:\/\/sorwespa.com\/fi\/spa\/#breadcrumb\"},\"inLanguage\":\"fi\",\"potentialAction\":[{\"@type\":\"ReadAction\",\"target\":[\"https:\/\/sorwespa.com\/fi\/spa\/\"]}]},{\"@type\":\"ImageObject\",\"inLanguage\":\"fi\",\"@id\":\"https:\/\/sorwespa.com\/fi\/spa\/#primaryimage\",\"url\":\"https:\/\/sorwespa.com\/wp-content\/uploads\/2023\/11\/sorwespa-bassein-scaled.jpg\",\"contentUrl\":\"https:\/\/sorwespa.com\/wp-content\/uploads\/2023\/11\/sorwespa-bassein-scaled.jpg\"},{\"@type\":\"BreadcrumbList\",\"@id\":\"https:\/\/sorwespa.com\/fi\/spa\/#breadcrumb\",\"itemListElement\":[{\"@type\":\"ListItem\",\"position\":1,\"name\":\"Home\",\"item\":\"https:\/\/sorwespa.com\/fi\/\"},{\"@type\":\"ListItem\",\"position\":2,\"name\":\"Spa\"}]},{\"@type\":\"WebSite\",\"@id\":\"https:\/\/sorwespa.com\/#website\",\"url\":\"https:\/\/sorwespa.com\/\",\"name\":\"S\u00d6RWESPA\",\"description\":\"Majutus privaatsetes majakestes, spaahoone saunade ja basseiniga S\u00f5rve poolsaare alguses\",\"potentialAction\":[{\"@type\":\"SearchAction\",\"target\":{\"@type\":\"EntryPoint\",\"urlTemplate\":\"https:\/\/sorwespa.com\/?s={search_term_string}\"},\"query-input\":{\"@type\":\"PropertyValueSpecification\",\"valueRequired\":true,\"valueName\":\"search_term_string\"}}],\"inLanguage\":\"fi\"}]}<\/script>\n<!-- \/ Yoast SEO plugin. -->","yoast_head_json":{"title":"Spa - S\u00d6RWESPA","robots":{"index":"index","follow":"follow","max-snippet":"max-snippet:-1","max-image-preview":"max-image-preview:large","max-video-preview":"max-video-preview:-1"},"canonical":"https:\/\/sorwespa.com\/fi\/spa\/","og_locale":"fi_FI","og_type":"article","og_title":"Spa - S\u00d6RWESPA","og_description":"Kylpyl\u00e4ss\u00e4 keho rentoutuu ja mieli vapautuu \u2013 niin kuin S\u00f5rvess\u00e4 on ollut tapana vuosisatojen ajan. S\u00f5rvel\u00e4isten oppien mukaan olemme luoneet paikan, joka tarjoaa kymmeni\u00e4 mukavia paikkoja rentoutumiseen. Kylpyl\u00e4ss\u00e4 voit rauhoittua ja uudistua, ja l\u00e4htiess\u00e4si pakata annoksen S\u00f5rven rauhaa ja onnellisuutta mukaasi. S\u00d6RWESPA kutsuu matkalle hyv\u00e4\u00e4n oloon. Saarella kasvavat katajat ja m\u00e4nnyt vahvistavat veden rauhoittavaa vaikutusta [&hellip;]","og_url":"https:\/\/sorwespa.com\/fi\/spa\/","og_site_name":"S\u00d6RWESPA","article_modified_time":"2025-11-14T09:39:27+00:00","og_image":[{"width":2560,"height":1920,"url":"https:\/\/sorwespa.com\/wp-content\/uploads\/2023\/11\/sorwespa-bassein-scaled.jpg","type":"image\/jpeg"}],"twitter_card":"summary_large_image","twitter_misc":{"Arvioitu lukuaika":"3 minuuttia"},"schema":{"@context":"https:\/\/schema.org","@graph":[{"@type":"WebPage","@id":"https:\/\/sorwespa.com\/fi\/spa\/","url":"https:\/\/sorwespa.com\/fi\/spa\/","name":"Spa - S\u00d6RWESPA","isPartOf":{"@id":"https:\/\/sorwespa.com\/#website"},"primaryImageOfPage":{"@id":"https:\/\/sorwespa.com\/fi\/spa\/#primaryimage"},"image":{"@id":"https:\/\/sorwespa.com\/fi\/spa\/#primaryimage"},"thumbnailUrl":"https:\/\/sorwespa.com\/wp-content\/uploads\/2023\/11\/sorwespa-bassein-scaled.jpg","datePublished":"2023-08-23T11:02:11+00:00","dateModified":"2025-11-14T09:39:27+00:00","breadcrumb":{"@id":"https:\/\/sorwespa.com\/fi\/spa\/#breadcrumb"},"inLanguage":"fi","potentialAction":[{"@type":"ReadAction","target":["https:\/\/sorwespa.com\/fi\/spa\/"]}]},{"@type":"ImageObject","inLanguage":"fi","@id":"https:\/\/sorwespa.com\/fi\/spa\/#primaryimage","url":"https:\/\/sorwespa.com\/wp-content\/uploads\/2023\/11\/sorwespa-bassein-scaled.jpg","contentUrl":"https:\/\/sorwespa.com\/wp-content\/uploads\/2023\/11\/sorwespa-bassein-scaled.jpg"},{"@type":"BreadcrumbList","@id":"https:\/\/sorwespa.com\/fi\/spa\/#breadcrumb","itemListElement":[{"@type":"ListItem","position":1,"name":"Home","item":"https:\/\/sorwespa.com\/fi\/"},{"@type":"ListItem","position":2,"name":"Spa"}]},{"@type":"WebSite","@id":"https:\/\/sorwespa.com\/#website","url":"https:\/\/sorwespa.com\/","name":"S\u00d6RWESPA","description":"Majutus privaatsetes majakestes, spaahoone saunade ja basseiniga S\u00f5rve poolsaare alguses","potentialAction":[{"@type":"SearchAction","target":{"@type":"EntryPoint","urlTemplate":"https:\/\/sorwespa.com\/?s={search_term_string}"},"query-input":{"@type":"PropertyValueSpecification","valueRequired":true,"valueName":"search_term_string"}}],"inLanguage":"fi"}]}},"_links":{"self":[{"href":"https:\/\/sorwespa.com\/fi\/wp-json\/wp\/v2\/pages\/1939","targetHints":{"allow":["GET"]}}],"collection":[{"href":"https:\/\/sorwespa.com\/fi\/wp-json\/wp\/v2\/pages"}],"about":[{"href":"https:\/\/sorwespa.com\/fi\/wp-json\/wp\/v2\/types\/page"}],"author":[{"embeddable":true,"href":"https:\/\/sorwespa.com\/fi\/wp-json\/wp\/v2\/users\/2"}],"replies":[{"embeddable":true,"href":"https:\/\/sorwespa.com\/fi\/wp-json\/wp\/v2\/comments?post=1939"}],"version-history":[{"count":6,"href":"https:\/\/sorwespa.com\/fi\/wp-json\/wp\/v2\/pages\/1939\/revisions"}],"predecessor-version":[{"id":2211,"href":"https:\/\/sorwespa.com\/fi\/wp-json\/wp\/v2\/pages\/1939\/revisions\/2211"}],"wp:attachment":[{"href":"https:\/\/sorwespa.com\/fi\/wp-json\/wp\/v2\/media?parent=1939"}],"curies":[{"name":"wp","href":"https:\/\/api.w.org\/{rel}","templated":true}]}}