{"id":1936,"date":"2023-08-24T22:39:54","date_gmt":"2023-08-24T19:39:54","guid":{"rendered":"https:\/\/sorwespa.com\/puhkemajad\/"},"modified":"2025-11-14T11:11:43","modified_gmt":"2025-11-14T09:11:43","slug":"loma-asunnot","status":"publish","type":"page","link":"https:\/\/sorwespa.com\/fi\/loma-asunnot\/","title":{"rendered":"LOMA-ASUNNOT"},"content":{"rendered":"\n<div class=\"wp-block-cover alignfull\"><img loading=\"lazy\" decoding=\"async\" width=\"2560\" height=\"1920\" class=\"wp-block-cover__image-background wp-image-264\" alt=\"\" src=\"https:\/\/sorwespa.com\/wp-content\/uploads\/2023\/08\/sorwespa_vaikemaja4-scaled.jpg\" style=\"object-position:58% 41%\" data-object-fit=\"cover\" data-object-position=\"58% 41%\" srcset=\"https:\/\/sorwespa.com\/wp-content\/uploads\/2023\/08\/sorwespa_vaikemaja4-scaled.jpg 2560w, https:\/\/sorwespa.com\/wp-content\/uploads\/2023\/08\/sorwespa_vaikemaja4-300x225.jpg 300w, https:\/\/sorwespa.com\/wp-content\/uploads\/2023\/08\/sorwespa_vaikemaja4-1024x768.jpg 1024w, https:\/\/sorwespa.com\/wp-content\/uploads\/2023\/08\/sorwespa_vaikemaja4-768x576.jpg 768w, https:\/\/sorwespa.com\/wp-content\/uploads\/2023\/08\/sorwespa_vaikemaja4-1536x1152.jpg 1536w, https:\/\/sorwespa.com\/wp-content\/uploads\/2023\/08\/sorwespa_vaikemaja4-2048x1536.jpg 2048w, https:\/\/sorwespa.com\/wp-content\/uploads\/2023\/08\/sorwespa_vaikemaja4-1568x1176.jpg 1568w\" sizes=\"auto, (max-width: 2560px) 100vw, 2560px\" \/><span aria-hidden=\"true\" class=\"wp-block-cover__background has-background-dim-30 has-background-dim\"><\/span><div class=\"wp-block-cover__inner-container is-layout-flow wp-block-cover-is-layout-flow\">\n<h1 class=\"wp-block-heading has-text-align-center has-white-color has-text-color has-x-large-font-size\">HUVILAT<\/h1>\n<\/div><\/div>\n\n\n\n<div style=\"height:40px\" aria-hidden=\"true\" class=\"wp-block-spacer mobile-spacer-10\"><\/div>\n\n\n\n<p style=\"font-size:18px\">Saunallisissa huviloissamme on 1\u20134 makuuhuonetta ja majoitustilat jopa 8 aikuiselle. Sis\u00e4\u00e4nkirjautuminen klo 15.00 j\u00e4lkeen, uloskirjautuminen klo 12.00 menness\u00e4. Aamiainen lis\u00e4maksusta.<\/p>\n\n\n\n<div style=\"height:40px\" aria-hidden=\"true\" class=\"wp-block-spacer mobile-spacer-10\"><\/div>\n\n\n\n<div class=\"wp-block-columns alignwide is-layout-flex wp-container-core-columns-is-layout-9d6595d7 wp-block-columns-is-layout-flex\">\n<div class=\"wp-block-column is-vertically-aligned-center is-layout-flow wp-block-column-is-layout-flow\">\n<h2 class=\"wp-block-heading has-text-color\" style=\"color:#d19a04;font-size:40px\">Yhden huoneen studio saunalla<\/h2>\n\n\n\n<p>Yhden huoneen studiomaisessa huvilassa on oma sis\u00e4\u00e4nk\u00e4ynti, avokeitti\u00f6, s\u00e4hk\u00f6sauna ja yksityinen terassi, josta on n\u00e4kym\u00e4 luontoon. Huoneessa on parivuode.<\/p>\n\n\n\n<div class=\"wp-block-columns is-layout-flex wp-container-core-columns-is-layout-9d6595d7 wp-block-columns-is-layout-flex\">\n<div class=\"wp-block-column is-layout-flow wp-block-column-is-layout-flow\">\n<ul class=\"wp-block-list\">\n<li>Koko 30 m\u00b2<\/li>\n\n\n\n<li>Tilaa 2 vieraalle<\/li>\n\n\n\n<li>Terassi, puutarhan\u00e4k\u00f6ala<\/li>\n\n\n\n<li>WC ja suihku<\/li>\n\n\n\n<li>TV<\/li>\n\n\n\n<li>Oma pienkeitti\u00f6<\/li>\n\n\n\n<li>J\u00e4\u00e4kaappi<\/li>\n<\/ul>\n<\/div>\n\n\n\n<div class=\"wp-block-column is-layout-flow wp-block-column-is-layout-flow\">\n<ul class=\"wp-block-list\">\n<li>Liesi<\/li>\n\n\n\n<li>Vedenkeitin<\/li>\n\n\n\n<li>Kylpytakit<\/li>\n\n\n\n<li>Tossut<\/li>\n\n\n\n<li>Hiustenkuivain<\/li>\n\n\n\n<li>Maksuton WiFi<\/li>\n<\/ul>\n<\/div>\n<\/div>\n\n\n\n<div class=\"wp-block-buttons is-layout-flex wp-block-buttons-is-layout-flex\">\n<div class=\"wp-block-button\"><a class=\"wp-block-button__link wp-element-button\" href=\"https:\/\/bouk.io\/booking\/sorwespa\/503\/room\/2904?language=fi&amp;adults=2&amp;skip=1&amp;nights=1\" target=\"_blank\" rel=\"noreferrer noopener\">VARAA NYT<\/a><\/div>\n<\/div>\n<\/div>\n\n\n\n<div class=\"wp-block-column is-vertically-aligned-center is-layout-flow wp-block-column-is-layout-flow\">\n<figure class=\"wp-block-gallery has-nested-images columns-default is-cropped wp-block-gallery-1 is-layout-flex wp-block-gallery-is-layout-flex\">\n<figure class=\"wp-block-image size-large\"><a href=\"https:\/\/sorwespa.com\/wp-content\/uploads\/2023\/08\/vaike_maja_sorwespa11-scaled.jpg\"><img loading=\"lazy\" decoding=\"async\" width=\"1024\" height=\"768\" data-id=\"278\" src=\"https:\/\/sorwespa.com\/wp-content\/uploads\/2023\/08\/vaike_maja_sorwespa11-1024x768.jpg\" alt=\"\" class=\"wp-image-278\" srcset=\"https:\/\/sorwespa.com\/wp-content\/uploads\/2023\/08\/vaike_maja_sorwespa11-1024x768.jpg 1024w, https:\/\/sorwespa.com\/wp-content\/uploads\/2023\/08\/vaike_maja_sorwespa11-300x225.jpg 300w, https:\/\/sorwespa.com\/wp-content\/uploads\/2023\/08\/vaike_maja_sorwespa11-768x576.jpg 768w, https:\/\/sorwespa.com\/wp-content\/uploads\/2023\/08\/vaike_maja_sorwespa11-1536x1152.jpg 1536w, https:\/\/sorwespa.com\/wp-content\/uploads\/2023\/08\/vaike_maja_sorwespa11-2048x1536.jpg 2048w, https:\/\/sorwespa.com\/wp-content\/uploads\/2023\/08\/vaike_maja_sorwespa11-1568x1176.jpg 1568w\" sizes=\"auto, (max-width: 1024px) 100vw, 1024px\" \/><\/a><\/figure>\n\n\n\n<figure class=\"wp-block-image size-large\"><a href=\"https:\/\/sorwespa.com\/wp-content\/uploads\/2023\/08\/vaike_maja_sorwespa13-scaled.jpg\"><img loading=\"lazy\" decoding=\"async\" width=\"1024\" height=\"768\" data-id=\"282\" src=\"https:\/\/sorwespa.com\/wp-content\/uploads\/2023\/08\/vaike_maja_sorwespa13-1024x768.jpg\" alt=\"\" class=\"wp-image-282\" srcset=\"https:\/\/sorwespa.com\/wp-content\/uploads\/2023\/08\/vaike_maja_sorwespa13-1024x768.jpg 1024w, https:\/\/sorwespa.com\/wp-content\/uploads\/2023\/08\/vaike_maja_sorwespa13-300x225.jpg 300w, https:\/\/sorwespa.com\/wp-content\/uploads\/2023\/08\/vaike_maja_sorwespa13-768x576.jpg 768w, https:\/\/sorwespa.com\/wp-content\/uploads\/2023\/08\/vaike_maja_sorwespa13-1536x1152.jpg 1536w, https:\/\/sorwespa.com\/wp-content\/uploads\/2023\/08\/vaike_maja_sorwespa13-2048x1536.jpg 2048w, https:\/\/sorwespa.com\/wp-content\/uploads\/2023\/08\/vaike_maja_sorwespa13-1568x1176.jpg 1568w\" sizes=\"auto, (max-width: 1024px) 100vw, 1024px\" \/><\/a><\/figure>\n\n\n\n<figure class=\"wp-block-image size-large\"><a href=\"https:\/\/sorwespa.com\/wp-content\/uploads\/2023\/08\/sorwespa_vaike_maja7-scaled.jpg\"><img loading=\"lazy\" decoding=\"async\" width=\"1024\" height=\"768\" data-id=\"270\" src=\"https:\/\/sorwespa.com\/wp-content\/uploads\/2023\/08\/sorwespa_vaike_maja7-1024x768.jpg\" alt=\"\" class=\"wp-image-270\" srcset=\"https:\/\/sorwespa.com\/wp-content\/uploads\/2023\/08\/sorwespa_vaike_maja7-1024x768.jpg 1024w, https:\/\/sorwespa.com\/wp-content\/uploads\/2023\/08\/sorwespa_vaike_maja7-300x225.jpg 300w, https:\/\/sorwespa.com\/wp-content\/uploads\/2023\/08\/sorwespa_vaike_maja7-768x576.jpg 768w, https:\/\/sorwespa.com\/wp-content\/uploads\/2023\/08\/sorwespa_vaike_maja7-1536x1152.jpg 1536w, https:\/\/sorwespa.com\/wp-content\/uploads\/2023\/08\/sorwespa_vaike_maja7-2048x1536.jpg 2048w, https:\/\/sorwespa.com\/wp-content\/uploads\/2023\/08\/sorwespa_vaike_maja7-1568x1176.jpg 1568w\" sizes=\"auto, (max-width: 1024px) 100vw, 1024px\" \/><\/a><\/figure>\n\n\n\n<figure class=\"wp-block-image size-large\"><a href=\"https:\/\/sorwespa.com\/wp-content\/uploads\/2023\/08\/sorwespa_vaike_maja6-scaled.jpg\"><img loading=\"lazy\" decoding=\"async\" width=\"768\" height=\"1024\" data-id=\"268\" src=\"https:\/\/sorwespa.com\/wp-content\/uploads\/2023\/08\/sorwespa_vaike_maja6-768x1024.jpg\" alt=\"\" class=\"wp-image-268\" srcset=\"https:\/\/sorwespa.com\/wp-content\/uploads\/2023\/08\/sorwespa_vaike_maja6-768x1024.jpg 768w, https:\/\/sorwespa.com\/wp-content\/uploads\/2023\/08\/sorwespa_vaike_maja6-225x300.jpg 225w, https:\/\/sorwespa.com\/wp-content\/uploads\/2023\/08\/sorwespa_vaike_maja6-1152x1536.jpg 1152w, https:\/\/sorwespa.com\/wp-content\/uploads\/2023\/08\/sorwespa_vaike_maja6-1536x2048.jpg 1536w, https:\/\/sorwespa.com\/wp-content\/uploads\/2023\/08\/sorwespa_vaike_maja6-1568x2091.jpg 1568w, https:\/\/sorwespa.com\/wp-content\/uploads\/2023\/08\/sorwespa_vaike_maja6-scaled.jpg 1920w\" sizes=\"auto, (max-width: 768px) 100vw, 768px\" \/><\/a><\/figure>\n\n\n\n<figure class=\"wp-block-image size-large\"><a href=\"https:\/\/sorwespa.com\/wp-content\/uploads\/2023\/08\/sorwespa1_vaikemaja0-scaled.jpg\"><img loading=\"lazy\" decoding=\"async\" width=\"1024\" height=\"768\" data-id=\"276\" src=\"https:\/\/sorwespa.com\/wp-content\/uploads\/2023\/08\/sorwespa1_vaikemaja0-1024x768.jpg\" alt=\"\" class=\"wp-image-276\" srcset=\"https:\/\/sorwespa.com\/wp-content\/uploads\/2023\/08\/sorwespa1_vaikemaja0-1024x768.jpg 1024w, https:\/\/sorwespa.com\/wp-content\/uploads\/2023\/08\/sorwespa1_vaikemaja0-300x225.jpg 300w, https:\/\/sorwespa.com\/wp-content\/uploads\/2023\/08\/sorwespa1_vaikemaja0-768x576.jpg 768w, https:\/\/sorwespa.com\/wp-content\/uploads\/2023\/08\/sorwespa1_vaikemaja0-1536x1152.jpg 1536w, https:\/\/sorwespa.com\/wp-content\/uploads\/2023\/08\/sorwespa1_vaikemaja0-2048x1536.jpg 2048w, https:\/\/sorwespa.com\/wp-content\/uploads\/2023\/08\/sorwespa1_vaikemaja0-1568x1176.jpg 1568w\" sizes=\"auto, (max-width: 1024px) 100vw, 1024px\" \/><\/a><\/figure>\n<\/figure>\n<\/div>\n<\/div>\n\n\n\n<div style=\"height:40px\" aria-hidden=\"true\" class=\"wp-block-spacer mobile-spacer-10\"><\/div>\n\n\n\n<div class=\"wp-block-columns alignwide is-layout-flex wp-container-core-columns-is-layout-9d6595d7 wp-block-columns-is-layout-flex\">\n<div class=\"wp-block-column is-vertically-aligned-center is-layout-flow wp-block-column-is-layout-flow\">\n<figure class=\"wp-block-gallery has-nested-images columns-default is-cropped wp-block-gallery-2 is-layout-flex wp-block-gallery-is-layout-flex\">\n<figure class=\"wp-block-image size-large\"><a href=\"https:\/\/sorwespa.com\/wp-content\/uploads\/2023\/08\/sorwespa_suur_maja19-scaled.jpg\"><img loading=\"lazy\" decoding=\"async\" width=\"1024\" height=\"768\" data-id=\"190\" src=\"https:\/\/sorwespa.com\/wp-content\/uploads\/2023\/08\/sorwespa_suur_maja19-1024x768.jpg\" alt=\"\" class=\"wp-image-190\" srcset=\"https:\/\/sorwespa.com\/wp-content\/uploads\/2023\/08\/sorwespa_suur_maja19-1024x768.jpg 1024w, https:\/\/sorwespa.com\/wp-content\/uploads\/2023\/08\/sorwespa_suur_maja19-300x225.jpg 300w, https:\/\/sorwespa.com\/wp-content\/uploads\/2023\/08\/sorwespa_suur_maja19-768x576.jpg 768w, https:\/\/sorwespa.com\/wp-content\/uploads\/2023\/08\/sorwespa_suur_maja19-1536x1152.jpg 1536w, https:\/\/sorwespa.com\/wp-content\/uploads\/2023\/08\/sorwespa_suur_maja19-2048x1536.jpg 2048w, https:\/\/sorwespa.com\/wp-content\/uploads\/2023\/08\/sorwespa_suur_maja19-1568x1176.jpg 1568w\" sizes=\"auto, (max-width: 1024px) 100vw, 1024px\" \/><\/a><\/figure>\n\n\n\n<figure class=\"wp-block-image size-large\"><a href=\"https:\/\/sorwespa.com\/wp-content\/uploads\/2023\/08\/sorwespa_suur_maja17-scaled.jpg\"><img loading=\"lazy\" decoding=\"async\" width=\"1024\" height=\"731\" data-id=\"186\" src=\"https:\/\/sorwespa.com\/wp-content\/uploads\/2023\/08\/sorwespa_suur_maja17-1024x731.jpg\" alt=\"\" class=\"wp-image-186\" srcset=\"https:\/\/sorwespa.com\/wp-content\/uploads\/2023\/08\/sorwespa_suur_maja17-1024x731.jpg 1024w, https:\/\/sorwespa.com\/wp-content\/uploads\/2023\/08\/sorwespa_suur_maja17-300x214.jpg 300w, https:\/\/sorwespa.com\/wp-content\/uploads\/2023\/08\/sorwespa_suur_maja17-768x549.jpg 768w, https:\/\/sorwespa.com\/wp-content\/uploads\/2023\/08\/sorwespa_suur_maja17-1536x1097.jpg 1536w, https:\/\/sorwespa.com\/wp-content\/uploads\/2023\/08\/sorwespa_suur_maja17-2048x1463.jpg 2048w, https:\/\/sorwespa.com\/wp-content\/uploads\/2023\/08\/sorwespa_suur_maja17-1568x1120.jpg 1568w\" sizes=\"auto, (max-width: 1024px) 100vw, 1024px\" \/><\/a><\/figure>\n\n\n\n<figure class=\"wp-block-image size-large\"><a href=\"https:\/\/sorwespa.com\/wp-content\/uploads\/2023\/08\/sorwespa25_suur_maja-scaled.jpg\"><img loading=\"lazy\" decoding=\"async\" width=\"1024\" height=\"768\" data-id=\"198\" src=\"https:\/\/sorwespa.com\/wp-content\/uploads\/2023\/08\/sorwespa25_suur_maja-1024x768.jpg\" alt=\"\" class=\"wp-image-198\" srcset=\"https:\/\/sorwespa.com\/wp-content\/uploads\/2023\/08\/sorwespa25_suur_maja-1024x768.jpg 1024w, https:\/\/sorwespa.com\/wp-content\/uploads\/2023\/08\/sorwespa25_suur_maja-300x225.jpg 300w, https:\/\/sorwespa.com\/wp-content\/uploads\/2023\/08\/sorwespa25_suur_maja-768x576.jpg 768w, https:\/\/sorwespa.com\/wp-content\/uploads\/2023\/08\/sorwespa25_suur_maja-1536x1152.jpg 1536w, https:\/\/sorwespa.com\/wp-content\/uploads\/2023\/08\/sorwespa25_suur_maja-2048x1536.jpg 2048w, https:\/\/sorwespa.com\/wp-content\/uploads\/2023\/08\/sorwespa25_suur_maja-1568x1176.jpg 1568w\" sizes=\"auto, (max-width: 1024px) 100vw, 1024px\" \/><\/a><\/figure>\n\n\n\n<figure class=\"wp-block-image size-large\"><a href=\"https:\/\/sorwespa.com\/wp-content\/uploads\/2023\/08\/sorwespa_Suur_maj-scaled.jpg\"><img loading=\"lazy\" decoding=\"async\" width=\"1024\" height=\"731\" data-id=\"202\" src=\"https:\/\/sorwespa.com\/wp-content\/uploads\/2023\/08\/sorwespa_Suur_maj-1024x731.jpg\" alt=\"\" class=\"wp-image-202\" srcset=\"https:\/\/sorwespa.com\/wp-content\/uploads\/2023\/08\/sorwespa_Suur_maj-1024x731.jpg 1024w, https:\/\/sorwespa.com\/wp-content\/uploads\/2023\/08\/sorwespa_Suur_maj-300x214.jpg 300w, https:\/\/sorwespa.com\/wp-content\/uploads\/2023\/08\/sorwespa_Suur_maj-768x549.jpg 768w, https:\/\/sorwespa.com\/wp-content\/uploads\/2023\/08\/sorwespa_Suur_maj-1536x1097.jpg 1536w, https:\/\/sorwespa.com\/wp-content\/uploads\/2023\/08\/sorwespa_Suur_maj-2048x1463.jpg 2048w, https:\/\/sorwespa.com\/wp-content\/uploads\/2023\/08\/sorwespa_Suur_maj-1568x1120.jpg 1568w\" sizes=\"auto, (max-width: 1024px) 100vw, 1024px\" \/><\/a><\/figure>\n\n\n\n<figure class=\"wp-block-image size-large\"><a href=\"https:\/\/sorwespa.com\/wp-content\/uploads\/2023\/08\/sorwespa_suur_maja-scaled.jpg\"><img loading=\"lazy\" decoding=\"async\" width=\"1024\" height=\"731\" data-id=\"178\" src=\"https:\/\/sorwespa.com\/wp-content\/uploads\/2023\/08\/sorwespa_suur_maja-1024x731.jpg\" alt=\"\" class=\"wp-image-178\" srcset=\"https:\/\/sorwespa.com\/wp-content\/uploads\/2023\/08\/sorwespa_suur_maja-1024x731.jpg 1024w, https:\/\/sorwespa.com\/wp-content\/uploads\/2023\/08\/sorwespa_suur_maja-300x214.jpg 300w, https:\/\/sorwespa.com\/wp-content\/uploads\/2023\/08\/sorwespa_suur_maja-768x549.jpg 768w, https:\/\/sorwespa.com\/wp-content\/uploads\/2023\/08\/sorwespa_suur_maja-1536x1097.jpg 1536w, https:\/\/sorwespa.com\/wp-content\/uploads\/2023\/08\/sorwespa_suur_maja-2048x1463.jpg 2048w, https:\/\/sorwespa.com\/wp-content\/uploads\/2023\/08\/sorwespa_suur_maja-1568x1120.jpg 1568w\" sizes=\"auto, (max-width: 1024px) 100vw, 1024px\" \/><\/a><\/figure>\n<\/figure>\n<\/div>\n\n\n\n<div class=\"wp-block-column is-vertically-aligned-center wp-block-edhotels-first-column-in-mobile is-layout-flow wp-block-column-is-layout-flow\" style=\"padding-right:var(--wp--preset--spacing--30);padding-left:var(--wp--preset--spacing--30)\">\n<h2 class=\"wp-block-heading has-text-color\" style=\"color:#d19a04;font-size:40px\"><strong><strong>Nelj\u00e4n makuuhuoneen saunallinen huvila<\/strong><\/strong><\/h2>\n\n\n\n<p>Tilavassa ja valoisassa nelj\u00e4n makuuhuoneen huvilassa on majoitustilat jopa 8 vieraalle. Ensimm\u00e4isess\u00e4 kerroksessa on yhdistetty keitti\u00f6- ja oleskelutila, yksi makuuhuone, puul\u00e4mmitteinen sauna sek\u00e4 kylpyhuone-wc. Toisessa kerroksessa on kolme makuuhuonetta sek\u00e4 erillis-wc. Nelj\u00e4st\u00e4 makuuhuoneesta kolmessa on parivuode ja yhdess\u00e4 kaksi erillisvuodetta.<\/p>\n\n\n\n<div class=\"wp-block-columns is-layout-flex wp-container-core-columns-is-layout-9d6595d7 wp-block-columns-is-layout-flex\">\n<div class=\"wp-block-column is-layout-flow wp-block-column-is-layout-flow\">\n<ul class=\"wp-block-list\">\n<li>Koko 110 m\u00b2<\/li>\n\n\n\n<li>Tilaa 8 vieraalle<\/li>\n\n\n\n<li>Terassi, puutarhan\u00e4k\u00f6ala<\/li>\n\n\n\n<li>Ilmastointi<\/li>\n\n\n\n<li>2 wc:t\u00e4,  2 suihkua<\/li>\n\n\n\n<li>TV<\/li>\n\n\n\n<li>Oma pienkeitti\u00f6<\/li>\n\n\n\n<li>J\u00e4\u00e4kaappi<\/li>\n\n\n\n<li>Liesi ja uuni<\/li>\n<\/ul>\n<\/div>\n\n\n\n<div class=\"wp-block-column is-layout-flow wp-block-column-is-layout-flow\">\n<ul class=\"wp-block-list\">\n<li>Vedenkeitin<\/li>\n\n\n\n<li>Kahvinkeitin<\/li>\n\n\n\n<li>Astianpesukone<\/li>\n\n\n\n<li>Pyykinpesukone<\/li>\n\n\n\n<li>Kylpytakit<\/li>\n\n\n\n<li>Tossut<\/li>\n\n\n\n<li>Hiustenkuivain<\/li>\n\n\n\n<li>Maksuton WiFi<\/li>\n\n\n\n<li>Aamiainen lis\u00e4maksusta<\/li>\n<\/ul>\n<\/div>\n<\/div>\n\n\n\n<div class=\"wp-block-buttons is-layout-flex wp-block-buttons-is-layout-flex\">\n<div class=\"wp-block-button\"><a class=\"wp-block-button__link wp-element-button\" href=\"https:\/\/bouk.io\/booking\/sorwespa\/503\/room\/2905?language=fi&amp;adults=4&amp;skip=1&amp;nights=1\" target=\"_blank\" rel=\"noreferrer noopener\">VARAA NYT<\/a><\/div>\n<\/div>\n<\/div>\n<\/div>\n\n\n\n<div style=\"height:40px\" aria-hidden=\"true\" class=\"wp-block-spacer mobile-spacer-10\"><\/div>\n","protected":false},"excerpt":{"rendered":"<p>Saunallisissa huviloissamme on 1\u20134 makuuhuonetta ja majoitustilat jopa 8 aikuiselle. Sis\u00e4\u00e4nkirjautuminen klo 15.00 j\u00e4lkeen, uloskirjautuminen klo 12.00 menness\u00e4. Aamiainen lis\u00e4maksusta. Yhden huoneen studio saunalla Yhden huoneen studiomaisessa huvilassa on oma sis\u00e4\u00e4nk\u00e4ynti, avokeitti\u00f6, s\u00e4hk\u00f6sauna ja yksityinen terassi, josta on n\u00e4kym\u00e4 luontoon. Huoneessa on parivuode. Nelj\u00e4n makuuhuoneen saunallinen huvila Tilavassa ja valoisassa nelj\u00e4n makuuhuoneen huvilassa on majoitustilat [&hellip;]<\/p>\n","protected":false},"author":2,"featured_media":0,"parent":0,"menu_order":0,"comment_status":"closed","ping_status":"closed","template":"","meta":{"inline_featured_image":false,"footnotes":""},"class_list":["post-1936","page","type-page","status-publish","hentry"],"yoast_head":"<!-- This site is optimized with the Yoast SEO plugin v26.8 - https:\/\/yoast.com\/product\/yoast-seo-wordpress\/ -->\n<title>LOMA-ASUNNOT - S\u00d6RWESPA<\/title>\n<meta name=\"robots\" content=\"index, follow, max-snippet:-1, max-image-preview:large, max-video-preview:-1\" \/>\n<link rel=\"canonical\" href=\"https:\/\/sorwespa.com\/fi\/loma-asunnot\/\" \/>\n<meta property=\"og:locale\" content=\"fi_FI\" \/>\n<meta property=\"og:type\" content=\"article\" \/>\n<meta property=\"og:title\" content=\"LOMA-ASUNNOT - S\u00d6RWESPA\" \/>\n<meta property=\"og:description\" content=\"Saunallisissa huviloissamme on 1\u20134 makuuhuonetta ja majoitustilat jopa 8 aikuiselle. Sis\u00e4\u00e4nkirjautuminen klo 15.00 j\u00e4lkeen, uloskirjautuminen klo 12.00 menness\u00e4. Aamiainen lis\u00e4maksusta. Yhden huoneen studio saunalla Yhden huoneen studiomaisessa huvilassa on oma sis\u00e4\u00e4nk\u00e4ynti, avokeitti\u00f6, s\u00e4hk\u00f6sauna ja yksityinen terassi, josta on n\u00e4kym\u00e4 luontoon. Huoneessa on parivuode. Nelj\u00e4n makuuhuoneen saunallinen huvila Tilavassa ja valoisassa nelj\u00e4n makuuhuoneen huvilassa on majoitustilat [&hellip;]\" \/>\n<meta property=\"og:url\" content=\"https:\/\/sorwespa.com\/fi\/loma-asunnot\/\" \/>\n<meta property=\"og:site_name\" content=\"S\u00d6RWESPA\" \/>\n<meta property=\"article:modified_time\" content=\"2025-11-14T09:11:43+00:00\" \/>\n<meta property=\"og:image\" content=\"https:\/\/sorwespa.com\/wp-content\/uploads\/2023\/08\/sorwespa_vaikemaja4-scaled.jpg\" \/>\n\t<meta property=\"og:image:width\" content=\"2560\" \/>\n\t<meta property=\"og:image:height\" content=\"1920\" \/>\n\t<meta property=\"og:image:type\" content=\"image\/jpeg\" \/>\n<meta name=\"twitter:card\" content=\"summary_large_image\" \/>\n<meta name=\"twitter:label1\" content=\"Arvioitu lukuaika\" \/>\n\t<meta name=\"twitter:data1\" content=\"3 minuuttia\" \/>\n<script type=\"application\/ld+json\" class=\"yoast-schema-graph\">{\"@context\":\"https:\/\/schema.org\",\"@graph\":[{\"@type\":\"WebPage\",\"@id\":\"https:\/\/sorwespa.com\/fi\/loma-asunnot\/\",\"url\":\"https:\/\/sorwespa.com\/fi\/loma-asunnot\/\",\"name\":\"LOMA-ASUNNOT - S\u00d6RWESPA\",\"isPartOf\":{\"@id\":\"https:\/\/sorwespa.com\/#website\"},\"primaryImageOfPage\":{\"@id\":\"https:\/\/sorwespa.com\/fi\/loma-asunnot\/#primaryimage\"},\"image\":{\"@id\":\"https:\/\/sorwespa.com\/fi\/loma-asunnot\/#primaryimage\"},\"thumbnailUrl\":\"https:\/\/sorwespa.com\/wp-content\/uploads\/2023\/08\/sorwespa_vaikemaja4-scaled.jpg\",\"datePublished\":\"2023-08-24T19:39:54+00:00\",\"dateModified\":\"2025-11-14T09:11:43+00:00\",\"breadcrumb\":{\"@id\":\"https:\/\/sorwespa.com\/fi\/loma-asunnot\/#breadcrumb\"},\"inLanguage\":\"fi\",\"potentialAction\":[{\"@type\":\"ReadAction\",\"target\":[\"https:\/\/sorwespa.com\/fi\/loma-asunnot\/\"]}]},{\"@type\":\"ImageObject\",\"inLanguage\":\"fi\",\"@id\":\"https:\/\/sorwespa.com\/fi\/loma-asunnot\/#primaryimage\",\"url\":\"https:\/\/sorwespa.com\/wp-content\/uploads\/2023\/08\/sorwespa_vaikemaja4-scaled.jpg\",\"contentUrl\":\"https:\/\/sorwespa.com\/wp-content\/uploads\/2023\/08\/sorwespa_vaikemaja4-scaled.jpg\"},{\"@type\":\"BreadcrumbList\",\"@id\":\"https:\/\/sorwespa.com\/fi\/loma-asunnot\/#breadcrumb\",\"itemListElement\":[{\"@type\":\"ListItem\",\"position\":1,\"name\":\"Home\",\"item\":\"https:\/\/sorwespa.com\/fi\/\"},{\"@type\":\"ListItem\",\"position\":2,\"name\":\"LOMA-ASUNNOT\"}]},{\"@type\":\"WebSite\",\"@id\":\"https:\/\/sorwespa.com\/#website\",\"url\":\"https:\/\/sorwespa.com\/\",\"name\":\"S\u00d6RWESPA\",\"description\":\"Majutus privaatsetes majakestes, spaahoone saunade ja basseiniga S\u00f5rve poolsaare alguses\",\"potentialAction\":[{\"@type\":\"SearchAction\",\"target\":{\"@type\":\"EntryPoint\",\"urlTemplate\":\"https:\/\/sorwespa.com\/?s={search_term_string}\"},\"query-input\":{\"@type\":\"PropertyValueSpecification\",\"valueRequired\":true,\"valueName\":\"search_term_string\"}}],\"inLanguage\":\"fi\"}]}<\/script>\n<!-- \/ Yoast SEO plugin. -->","yoast_head_json":{"title":"LOMA-ASUNNOT - S\u00d6RWESPA","robots":{"index":"index","follow":"follow","max-snippet":"max-snippet:-1","max-image-preview":"max-image-preview:large","max-video-preview":"max-video-preview:-1"},"canonical":"https:\/\/sorwespa.com\/fi\/loma-asunnot\/","og_locale":"fi_FI","og_type":"article","og_title":"LOMA-ASUNNOT - S\u00d6RWESPA","og_description":"Saunallisissa huviloissamme on 1\u20134 makuuhuonetta ja majoitustilat jopa 8 aikuiselle. Sis\u00e4\u00e4nkirjautuminen klo 15.00 j\u00e4lkeen, uloskirjautuminen klo 12.00 menness\u00e4. Aamiainen lis\u00e4maksusta. Yhden huoneen studio saunalla Yhden huoneen studiomaisessa huvilassa on oma sis\u00e4\u00e4nk\u00e4ynti, avokeitti\u00f6, s\u00e4hk\u00f6sauna ja yksityinen terassi, josta on n\u00e4kym\u00e4 luontoon. Huoneessa on parivuode. Nelj\u00e4n makuuhuoneen saunallinen huvila Tilavassa ja valoisassa nelj\u00e4n makuuhuoneen huvilassa on majoitustilat [&hellip;]","og_url":"https:\/\/sorwespa.com\/fi\/loma-asunnot\/","og_site_name":"S\u00d6RWESPA","article_modified_time":"2025-11-14T09:11:43+00:00","og_image":[{"width":2560,"height":1920,"url":"https:\/\/sorwespa.com\/wp-content\/uploads\/2023\/08\/sorwespa_vaikemaja4-scaled.jpg","type":"image\/jpeg"}],"twitter_card":"summary_large_image","twitter_misc":{"Arvioitu lukuaika":"3 minuuttia"},"schema":{"@context":"https:\/\/schema.org","@graph":[{"@type":"WebPage","@id":"https:\/\/sorwespa.com\/fi\/loma-asunnot\/","url":"https:\/\/sorwespa.com\/fi\/loma-asunnot\/","name":"LOMA-ASUNNOT - S\u00d6RWESPA","isPartOf":{"@id":"https:\/\/sorwespa.com\/#website"},"primaryImageOfPage":{"@id":"https:\/\/sorwespa.com\/fi\/loma-asunnot\/#primaryimage"},"image":{"@id":"https:\/\/sorwespa.com\/fi\/loma-asunnot\/#primaryimage"},"thumbnailUrl":"https:\/\/sorwespa.com\/wp-content\/uploads\/2023\/08\/sorwespa_vaikemaja4-scaled.jpg","datePublished":"2023-08-24T19:39:54+00:00","dateModified":"2025-11-14T09:11:43+00:00","breadcrumb":{"@id":"https:\/\/sorwespa.com\/fi\/loma-asunnot\/#breadcrumb"},"inLanguage":"fi","potentialAction":[{"@type":"ReadAction","target":["https:\/\/sorwespa.com\/fi\/loma-asunnot\/"]}]},{"@type":"ImageObject","inLanguage":"fi","@id":"https:\/\/sorwespa.com\/fi\/loma-asunnot\/#primaryimage","url":"https:\/\/sorwespa.com\/wp-content\/uploads\/2023\/08\/sorwespa_vaikemaja4-scaled.jpg","contentUrl":"https:\/\/sorwespa.com\/wp-content\/uploads\/2023\/08\/sorwespa_vaikemaja4-scaled.jpg"},{"@type":"BreadcrumbList","@id":"https:\/\/sorwespa.com\/fi\/loma-asunnot\/#breadcrumb","itemListElement":[{"@type":"ListItem","position":1,"name":"Home","item":"https:\/\/sorwespa.com\/fi\/"},{"@type":"ListItem","position":2,"name":"LOMA-ASUNNOT"}]},{"@type":"WebSite","@id":"https:\/\/sorwespa.com\/#website","url":"https:\/\/sorwespa.com\/","name":"S\u00d6RWESPA","description":"Majutus privaatsetes majakestes, spaahoone saunade ja basseiniga S\u00f5rve poolsaare alguses","potentialAction":[{"@type":"SearchAction","target":{"@type":"EntryPoint","urlTemplate":"https:\/\/sorwespa.com\/?s={search_term_string}"},"query-input":{"@type":"PropertyValueSpecification","valueRequired":true,"valueName":"search_term_string"}}],"inLanguage":"fi"}]}},"_links":{"self":[{"href":"https:\/\/sorwespa.com\/fi\/wp-json\/wp\/v2\/pages\/1936","targetHints":{"allow":["GET"]}}],"collection":[{"href":"https:\/\/sorwespa.com\/fi\/wp-json\/wp\/v2\/pages"}],"about":[{"href":"https:\/\/sorwespa.com\/fi\/wp-json\/wp\/v2\/types\/page"}],"author":[{"embeddable":true,"href":"https:\/\/sorwespa.com\/fi\/wp-json\/wp\/v2\/users\/2"}],"replies":[{"embeddable":true,"href":"https:\/\/sorwespa.com\/fi\/wp-json\/wp\/v2\/comments?post=1936"}],"version-history":[{"count":3,"href":"https:\/\/sorwespa.com\/fi\/wp-json\/wp\/v2\/pages\/1936\/revisions"}],"predecessor-version":[{"id":2209,"href":"https:\/\/sorwespa.com\/fi\/wp-json\/wp\/v2\/pages\/1936\/revisions\/2209"}],"wp:attachment":[{"href":"https:\/\/sorwespa.com\/fi\/wp-json\/wp\/v2\/media?parent=1936"}],"curies":[{"name":"wp","href":"https:\/\/api.w.org\/{rel}","templated":true}]}}