{"id":1913,"date":"2023-08-23T14:01:44","date_gmt":"2023-08-23T11:01:44","guid":{"rendered":"https:\/\/sorwespa.com\/majutus\/"},"modified":"2025-11-14T11:01:29","modified_gmt":"2025-11-14T09:01:29","slug":"majoitus","status":"publish","type":"page","link":"https:\/\/sorwespa.com\/fi\/majoitus\/","title":{"rendered":"MAJOITUS"},"content":{"rendered":"\n<div class=\"wp-block-cover alignfull is-light\"><img loading=\"lazy\" decoding=\"async\" width=\"2560\" height=\"1920\" class=\"wp-block-cover__image-background wp-image-238\" alt=\"\" src=\"https:\/\/sorwespa.com\/wp-content\/uploads\/2023\/08\/sorwespa_sviit52-scaled.jpg\" data-object-fit=\"cover\" srcset=\"https:\/\/sorwespa.com\/wp-content\/uploads\/2023\/08\/sorwespa_sviit52-scaled.jpg 2560w, https:\/\/sorwespa.com\/wp-content\/uploads\/2023\/08\/sorwespa_sviit52-300x225.jpg 300w, https:\/\/sorwespa.com\/wp-content\/uploads\/2023\/08\/sorwespa_sviit52-1024x768.jpg 1024w, https:\/\/sorwespa.com\/wp-content\/uploads\/2023\/08\/sorwespa_sviit52-768x576.jpg 768w, https:\/\/sorwespa.com\/wp-content\/uploads\/2023\/08\/sorwespa_sviit52-1536x1152.jpg 1536w, https:\/\/sorwespa.com\/wp-content\/uploads\/2023\/08\/sorwespa_sviit52-2048x1536.jpg 2048w, https:\/\/sorwespa.com\/wp-content\/uploads\/2023\/08\/sorwespa_sviit52-1568x1176.jpg 1568w\" sizes=\"auto, (max-width: 2560px) 100vw, 2560px\" \/><span aria-hidden=\"true\" class=\"wp-block-cover__background has-background-dim-30 has-background-dim\"><\/span><div class=\"wp-block-cover__inner-container is-layout-flow wp-block-cover-is-layout-flow\">\n<h1 class=\"wp-block-heading has-text-align-center has-white-color has-text-color\" style=\"font-size:42px\">MAJOITUS<\/h1>\n\n\n\n<p class=\"has-text-align-center has-white-color has-text-color\" style=\"font-size:25px\">Majoitu mukavasti<\/p>\n<\/div><\/div>\n\n\n\n<div style=\"height:40px\" aria-hidden=\"true\" class=\"wp-block-spacer\"><\/div>\n\n\n\n<p>Vieraamme majoittuvat yhden tai kahden makuuhuoneen huoneistoissa tai ihastuttavissa huviloissa.<\/p>\n\n\n\n<p>Rauhallinen majapaikka katajien keskell\u00e4, luonnon ymp\u00e4r\u00f6im\u00e4 terassi ja omaan k\u00e4ytt\u00f6\u00f6n varattu pienkeitti\u00f6 takaavat, ett\u00e4 lomastasi tulee mahdollisimman miellytt\u00e4v\u00e4.<\/p>\n\n\n\n<ul class=\"wp-block-list\">\n<li>Saunallisissa huviloissa on 1\u20134 huonetta ja nukkumapaikat jopa 8 aikuiselle<\/li>\n\n\n\n<li>Sis\u00e4\u00e4nkirjautuminen klo 15.00 j\u00e4lkeen, uloskirjautuminen klo 12.00 menness\u00e4<\/li>\n<\/ul>\n\n\n\n<div style=\"height:20px\" aria-hidden=\"true\" class=\"wp-block-spacer\"><\/div>\n\n\n\n<div class=\"wp-block-buttons is-content-justification-center is-layout-flex wp-container-core-buttons-is-layout-16018d1d wp-block-buttons-is-layout-flex\">\n<div class=\"wp-block-button\"><a class=\"wp-block-button__link has-text-align-center wp-element-button\" href=\"https:\/\/bouk.io\/booking\/sorwespa\/503\/rooms\/173?language=fi&amp;skip=1&amp;adults=2\" target=\"_blank\" rel=\"noreferrer noopener\">VARAA NYT<\/a><\/div>\n<\/div>\n\n\n\n<div style=\"height:40px\" aria-hidden=\"true\" class=\"wp-block-spacer\"><\/div>\n\n\n\n<div class=\"wp-block-columns alignwide is-layout-flex wp-container-core-columns-is-layout-9d6595d7 wp-block-columns-is-layout-flex\">\n<div class=\"wp-block-column is-layout-flow wp-block-column-is-layout-flow\">\n<div class=\"wp-block-cover is-light ed-linked-block\"><img loading=\"lazy\" decoding=\"async\" width=\"2560\" height=\"1920\" class=\"wp-block-cover__image-background wp-image-230\" alt=\"\" src=\"https:\/\/sorwespa.com\/wp-content\/uploads\/2023\/08\/sorwespa_sviit48-scaled.jpg\" data-object-fit=\"cover\" srcset=\"https:\/\/sorwespa.com\/wp-content\/uploads\/2023\/08\/sorwespa_sviit48-scaled.jpg 2560w, https:\/\/sorwespa.com\/wp-content\/uploads\/2023\/08\/sorwespa_sviit48-300x225.jpg 300w, https:\/\/sorwespa.com\/wp-content\/uploads\/2023\/08\/sorwespa_sviit48-1024x768.jpg 1024w, https:\/\/sorwespa.com\/wp-content\/uploads\/2023\/08\/sorwespa_sviit48-768x576.jpg 768w, https:\/\/sorwespa.com\/wp-content\/uploads\/2023\/08\/sorwespa_sviit48-1536x1152.jpg 1536w, https:\/\/sorwespa.com\/wp-content\/uploads\/2023\/08\/sorwespa_sviit48-2048x1536.jpg 2048w, https:\/\/sorwespa.com\/wp-content\/uploads\/2023\/08\/sorwespa_sviit48-1568x1176.jpg 1568w\" sizes=\"auto, (max-width: 2560px) 100vw, 2560px\" \/><span aria-hidden=\"true\" class=\"wp-block-cover__background has-background-dim-30 has-background-dim\"><\/span><div class=\"wp-block-cover__inner-container is-layout-constrained wp-block-cover-is-layout-constrained\">\n<h2 class=\"wp-block-heading has-text-align-center has-white-color has-text-color has-large-font-size\">HUONEISTOT<\/h2>\n<\/div><a href=\"https:\/\/sorwespa.com\/fi\/asunnot\/\" class=\"edhotels-block-link\" rel=\"\"><\/a><\/div>\n<\/div>\n\n\n\n<div class=\"wp-block-column is-layout-flow wp-block-column-is-layout-flow\">\n<div class=\"wp-block-cover is-light ed-linked-block\"><img loading=\"lazy\" decoding=\"async\" width=\"2560\" height=\"1920\" class=\"wp-block-cover__image-background wp-image-270\" alt=\"\" src=\"https:\/\/sorwespa.com\/wp-content\/uploads\/2023\/08\/sorwespa_vaike_maja7-scaled.jpg\" data-object-fit=\"cover\" srcset=\"https:\/\/sorwespa.com\/wp-content\/uploads\/2023\/08\/sorwespa_vaike_maja7-scaled.jpg 2560w, https:\/\/sorwespa.com\/wp-content\/uploads\/2023\/08\/sorwespa_vaike_maja7-300x225.jpg 300w, https:\/\/sorwespa.com\/wp-content\/uploads\/2023\/08\/sorwespa_vaike_maja7-1024x768.jpg 1024w, https:\/\/sorwespa.com\/wp-content\/uploads\/2023\/08\/sorwespa_vaike_maja7-768x576.jpg 768w, https:\/\/sorwespa.com\/wp-content\/uploads\/2023\/08\/sorwespa_vaike_maja7-1536x1152.jpg 1536w, https:\/\/sorwespa.com\/wp-content\/uploads\/2023\/08\/sorwespa_vaike_maja7-2048x1536.jpg 2048w, https:\/\/sorwespa.com\/wp-content\/uploads\/2023\/08\/sorwespa_vaike_maja7-1568x1176.jpg 1568w\" sizes=\"auto, (max-width: 2560px) 100vw, 2560px\" \/><span aria-hidden=\"true\" class=\"wp-block-cover__background has-background-dim-30 has-background-dim\"><\/span><div class=\"wp-block-cover__inner-container is-layout-constrained wp-block-cover-is-layout-constrained\">\n<h2 class=\"wp-block-heading has-text-align-center has-white-color has-text-color has-large-font-size\">HUVILAT<\/h2>\n<\/div><a href=\"https:\/\/sorwespa.com\/fi\/loma-asunnot\/\" class=\"edhotels-block-link\" rel=\"\"><\/a><\/div>\n<\/div>\n<\/div>\n\n\n\n<p><\/p>\n","protected":false},"excerpt":{"rendered":"<p>Vieraamme majoittuvat yhden tai kahden makuuhuoneen huoneistoissa tai ihastuttavissa huviloissa. Rauhallinen majapaikka katajien keskell\u00e4, luonnon ymp\u00e4r\u00f6im\u00e4 terassi ja omaan k\u00e4ytt\u00f6\u00f6n varattu pienkeitti\u00f6 takaavat, ett\u00e4 lomastasi tulee mahdollisimman miellytt\u00e4v\u00e4.<\/p>\n","protected":false},"author":2,"featured_media":0,"parent":0,"menu_order":0,"comment_status":"closed","ping_status":"closed","template":"","meta":{"inline_featured_image":false,"footnotes":""},"class_list":["post-1913","page","type-page","status-publish","hentry"],"yoast_head":"<!-- This site is optimized with the Yoast SEO plugin v26.8 - https:\/\/yoast.com\/product\/yoast-seo-wordpress\/ -->\n<title>MAJOITUS - S\u00d6RWESPA<\/title>\n<meta name=\"robots\" content=\"index, follow, max-snippet:-1, max-image-preview:large, max-video-preview:-1\" \/>\n<link rel=\"canonical\" href=\"https:\/\/sorwespa.com\/fi\/majoitus\/\" \/>\n<meta property=\"og:locale\" content=\"fi_FI\" \/>\n<meta property=\"og:type\" content=\"article\" \/>\n<meta property=\"og:title\" content=\"MAJOITUS - S\u00d6RWESPA\" \/>\n<meta property=\"og:description\" content=\"Vieraamme majoittuvat yhden tai kahden makuuhuoneen huoneistoissa tai ihastuttavissa huviloissa. Rauhallinen majapaikka katajien keskell\u00e4, luonnon ymp\u00e4r\u00f6im\u00e4 terassi ja omaan k\u00e4ytt\u00f6\u00f6n varattu pienkeitti\u00f6 takaavat, ett\u00e4 lomastasi tulee mahdollisimman miellytt\u00e4v\u00e4.\" \/>\n<meta property=\"og:url\" content=\"https:\/\/sorwespa.com\/fi\/majoitus\/\" \/>\n<meta property=\"og:site_name\" content=\"S\u00d6RWESPA\" \/>\n<meta property=\"article:modified_time\" content=\"2025-11-14T09:01:29+00:00\" \/>\n<meta property=\"og:image\" content=\"https:\/\/sorwespa.com\/wp-content\/uploads\/2023\/08\/sorwespa_sviit52-scaled.jpg\" \/>\n\t<meta property=\"og:image:width\" content=\"2560\" \/>\n\t<meta property=\"og:image:height\" content=\"1920\" \/>\n\t<meta property=\"og:image:type\" content=\"image\/jpeg\" \/>\n<meta name=\"twitter:card\" content=\"summary_large_image\" \/>\n<meta name=\"twitter:label1\" content=\"Arvioitu lukuaika\" \/>\n\t<meta name=\"twitter:data1\" content=\"1 minuutti\" \/>\n<script type=\"application\/ld+json\" class=\"yoast-schema-graph\">{\"@context\":\"https:\/\/schema.org\",\"@graph\":[{\"@type\":\"WebPage\",\"@id\":\"https:\/\/sorwespa.com\/fi\/majoitus\/\",\"url\":\"https:\/\/sorwespa.com\/fi\/majoitus\/\",\"name\":\"MAJOITUS - S\u00d6RWESPA\",\"isPartOf\":{\"@id\":\"https:\/\/sorwespa.com\/#website\"},\"primaryImageOfPage\":{\"@id\":\"https:\/\/sorwespa.com\/fi\/majoitus\/#primaryimage\"},\"image\":{\"@id\":\"https:\/\/sorwespa.com\/fi\/majoitus\/#primaryimage\"},\"thumbnailUrl\":\"https:\/\/sorwespa.com\/wp-content\/uploads\/2023\/08\/sorwespa_sviit52-scaled.jpg\",\"datePublished\":\"2023-08-23T11:01:44+00:00\",\"dateModified\":\"2025-11-14T09:01:29+00:00\",\"breadcrumb\":{\"@id\":\"https:\/\/sorwespa.com\/fi\/majoitus\/#breadcrumb\"},\"inLanguage\":\"fi\",\"potentialAction\":[{\"@type\":\"ReadAction\",\"target\":[\"https:\/\/sorwespa.com\/fi\/majoitus\/\"]}]},{\"@type\":\"ImageObject\",\"inLanguage\":\"fi\",\"@id\":\"https:\/\/sorwespa.com\/fi\/majoitus\/#primaryimage\",\"url\":\"https:\/\/sorwespa.com\/wp-content\/uploads\/2023\/08\/sorwespa_sviit52-scaled.jpg\",\"contentUrl\":\"https:\/\/sorwespa.com\/wp-content\/uploads\/2023\/08\/sorwespa_sviit52-scaled.jpg\"},{\"@type\":\"BreadcrumbList\",\"@id\":\"https:\/\/sorwespa.com\/fi\/majoitus\/#breadcrumb\",\"itemListElement\":[{\"@type\":\"ListItem\",\"position\":1,\"name\":\"Home\",\"item\":\"https:\/\/sorwespa.com\/fi\/\"},{\"@type\":\"ListItem\",\"position\":2,\"name\":\"MAJOITUS\"}]},{\"@type\":\"WebSite\",\"@id\":\"https:\/\/sorwespa.com\/#website\",\"url\":\"https:\/\/sorwespa.com\/\",\"name\":\"S\u00d6RWESPA\",\"description\":\"Majutus privaatsetes majakestes, spaahoone saunade ja basseiniga S\u00f5rve poolsaare alguses\",\"potentialAction\":[{\"@type\":\"SearchAction\",\"target\":{\"@type\":\"EntryPoint\",\"urlTemplate\":\"https:\/\/sorwespa.com\/?s={search_term_string}\"},\"query-input\":{\"@type\":\"PropertyValueSpecification\",\"valueRequired\":true,\"valueName\":\"search_term_string\"}}],\"inLanguage\":\"fi\"}]}<\/script>\n<!-- \/ Yoast SEO plugin. -->","yoast_head_json":{"title":"MAJOITUS - S\u00d6RWESPA","robots":{"index":"index","follow":"follow","max-snippet":"max-snippet:-1","max-image-preview":"max-image-preview:large","max-video-preview":"max-video-preview:-1"},"canonical":"https:\/\/sorwespa.com\/fi\/majoitus\/","og_locale":"fi_FI","og_type":"article","og_title":"MAJOITUS - S\u00d6RWESPA","og_description":"Vieraamme majoittuvat yhden tai kahden makuuhuoneen huoneistoissa tai ihastuttavissa huviloissa. Rauhallinen majapaikka katajien keskell\u00e4, luonnon ymp\u00e4r\u00f6im\u00e4 terassi ja omaan k\u00e4ytt\u00f6\u00f6n varattu pienkeitti\u00f6 takaavat, ett\u00e4 lomastasi tulee mahdollisimman miellytt\u00e4v\u00e4.","og_url":"https:\/\/sorwespa.com\/fi\/majoitus\/","og_site_name":"S\u00d6RWESPA","article_modified_time":"2025-11-14T09:01:29+00:00","og_image":[{"width":2560,"height":1920,"url":"https:\/\/sorwespa.com\/wp-content\/uploads\/2023\/08\/sorwespa_sviit52-scaled.jpg","type":"image\/jpeg"}],"twitter_card":"summary_large_image","twitter_misc":{"Arvioitu lukuaika":"1 minuutti"},"schema":{"@context":"https:\/\/schema.org","@graph":[{"@type":"WebPage","@id":"https:\/\/sorwespa.com\/fi\/majoitus\/","url":"https:\/\/sorwespa.com\/fi\/majoitus\/","name":"MAJOITUS - S\u00d6RWESPA","isPartOf":{"@id":"https:\/\/sorwespa.com\/#website"},"primaryImageOfPage":{"@id":"https:\/\/sorwespa.com\/fi\/majoitus\/#primaryimage"},"image":{"@id":"https:\/\/sorwespa.com\/fi\/majoitus\/#primaryimage"},"thumbnailUrl":"https:\/\/sorwespa.com\/wp-content\/uploads\/2023\/08\/sorwespa_sviit52-scaled.jpg","datePublished":"2023-08-23T11:01:44+00:00","dateModified":"2025-11-14T09:01:29+00:00","breadcrumb":{"@id":"https:\/\/sorwespa.com\/fi\/majoitus\/#breadcrumb"},"inLanguage":"fi","potentialAction":[{"@type":"ReadAction","target":["https:\/\/sorwespa.com\/fi\/majoitus\/"]}]},{"@type":"ImageObject","inLanguage":"fi","@id":"https:\/\/sorwespa.com\/fi\/majoitus\/#primaryimage","url":"https:\/\/sorwespa.com\/wp-content\/uploads\/2023\/08\/sorwespa_sviit52-scaled.jpg","contentUrl":"https:\/\/sorwespa.com\/wp-content\/uploads\/2023\/08\/sorwespa_sviit52-scaled.jpg"},{"@type":"BreadcrumbList","@id":"https:\/\/sorwespa.com\/fi\/majoitus\/#breadcrumb","itemListElement":[{"@type":"ListItem","position":1,"name":"Home","item":"https:\/\/sorwespa.com\/fi\/"},{"@type":"ListItem","position":2,"name":"MAJOITUS"}]},{"@type":"WebSite","@id":"https:\/\/sorwespa.com\/#website","url":"https:\/\/sorwespa.com\/","name":"S\u00d6RWESPA","description":"Majutus privaatsetes majakestes, spaahoone saunade ja basseiniga S\u00f5rve poolsaare alguses","potentialAction":[{"@type":"SearchAction","target":{"@type":"EntryPoint","urlTemplate":"https:\/\/sorwespa.com\/?s={search_term_string}"},"query-input":{"@type":"PropertyValueSpecification","valueRequired":true,"valueName":"search_term_string"}}],"inLanguage":"fi"}]}},"_links":{"self":[{"href":"https:\/\/sorwespa.com\/fi\/wp-json\/wp\/v2\/pages\/1913","targetHints":{"allow":["GET"]}}],"collection":[{"href":"https:\/\/sorwespa.com\/fi\/wp-json\/wp\/v2\/pages"}],"about":[{"href":"https:\/\/sorwespa.com\/fi\/wp-json\/wp\/v2\/types\/page"}],"author":[{"embeddable":true,"href":"https:\/\/sorwespa.com\/fi\/wp-json\/wp\/v2\/users\/2"}],"replies":[{"embeddable":true,"href":"https:\/\/sorwespa.com\/fi\/wp-json\/wp\/v2\/comments?post=1913"}],"version-history":[{"count":4,"href":"https:\/\/sorwespa.com\/fi\/wp-json\/wp\/v2\/pages\/1913\/revisions"}],"predecessor-version":[{"id":2205,"href":"https:\/\/sorwespa.com\/fi\/wp-json\/wp\/v2\/pages\/1913\/revisions\/2205"}],"wp:attachment":[{"href":"https:\/\/sorwespa.com\/fi\/wp-json\/wp\/v2\/media?parent=1913"}],"curies":[{"name":"wp","href":"https:\/\/api.w.org\/{rel}","templated":true}]}}