{"id":559,"date":"2023-08-23T14:07:04","date_gmt":"2023-08-23T11:07:04","guid":{"rendered":"https:\/\/sorwespa.com\/kontaktid\/"},"modified":"2025-10-31T11:41:17","modified_gmt":"2025-10-31T09:41:17","slug":"contact","status":"publish","type":"page","link":"https:\/\/sorwespa.com\/en\/contact\/","title":{"rendered":"Contact"},"content":{"rendered":"\n<div class=\"wp-block-cover alignfull is-light\"><img loading=\"lazy\" decoding=\"async\" width=\"1150\" height=\"768\" class=\"wp-block-cover__image-background wp-image-425\" alt=\"\" src=\"https:\/\/sorwespa.com\/wp-content\/uploads\/2023\/08\/Herbs.png\" data-object-fit=\"cover\" srcset=\"https:\/\/sorwespa.com\/wp-content\/uploads\/2023\/08\/Herbs.png 1150w, https:\/\/sorwespa.com\/wp-content\/uploads\/2023\/08\/Herbs-300x200.png 300w, https:\/\/sorwespa.com\/wp-content\/uploads\/2023\/08\/Herbs-1024x684.png 1024w, https:\/\/sorwespa.com\/wp-content\/uploads\/2023\/08\/Herbs-768x513.png 768w\" sizes=\"auto, (max-width: 1150px) 100vw, 1150px\" \/><span aria-hidden=\"true\" class=\"wp-block-cover__background has-background-dim-20 has-background-dim\"><\/span><div class=\"wp-block-cover__inner-container is-layout-flow wp-block-cover-is-layout-flow\">\n<h2 class=\"wp-block-heading has-text-align-center has-white-color has-text-color has-x-large-font-size\">CONTACT<\/h2>\n<\/div><\/div>\n\n\n\n<div style=\"height:40px\" aria-hidden=\"true\" class=\"wp-block-spacer mobile-spacer-10\"><\/div>\n\n\n\n<div class=\"wp-block-columns alignwide is-layout-flex wp-container-core-columns-is-layout-9d6595d7 wp-block-columns-is-layout-flex\">\n<div class=\"wp-block-column is-layout-flow wp-block-column-is-layout-flow\" style=\"padding-right:var(--wp--preset--spacing--60);padding-left:var(--wp--preset--spacing--60)\">\n<h3 class=\"wp-block-heading has-text-color\" style=\"color:#d19a04;font-size:30px\"><strong>Transport to Saaremaa<\/strong><\/h3>\n\n\n\n<ul class=\"wp-block-list\">\n<li>From the mainland by ferry, choose the Virtsu-Kuivastu direction and book a ticket at www.praamid.ee. S\u00d6RWESPA is located approximately 1 hour 10 minutes from the port.<\/li>\n\n\n\n<li>When coming from Hiiumaa, choose the S\u00f5ru-Triigi direction and book a ticket at <a href=\"http:\/\/www.veeteed.com\" target=\"_blank\" rel=\"noreferrer noopener\">www.veeteed.com<\/a>. &nbsp;It takes 50 minutes to reach L\u00e4tsa from the port of Triigi<\/li>\n\n\n\n<li><a href=\"https:\/\/flynyx.com\/\" data-type=\"link\" data-id=\"https:\/\/flynyx.com\/\" target=\"_blank\" rel=\"noreferrer noopener\">Flight schedules and booking<\/a> on the Tallinn-Kuressaare and Kuressaaare-Tallinn route.<\/li>\n\n\n\n<li>Arrange a transfer +372 5551 2303 or order a taxi at 1700. It takes a little over 20 minutes to drive from the airport to L\u00e4\u00e4tsa and a taxi ride costs about 20 euros.<\/li>\n\n\n\n<li>The bus from Kuressaare takes 25 minutes and the stop is in front of the house. Timetables can be found at <a href=\"http:\/\/peatus.ee\/\" target=\"_blank\" rel=\"noreferrer noopener\">http:\/\/peatus.ee\/<\/a><\/li>\n\n\n\n<li>Find out more about <a href=\"https:\/\/visitsaaremaa.ee\/autorent-kuressaares\/\" target=\"_blank\" rel=\"noreferrer noopener nofollow\">car rental<\/a>. Rent a <a href=\"https:\/\/luksuskaater.ee\/en\/frontpage\/\">luxurious yacht<\/a>.<\/li>\n<\/ul>\n<\/div>\n\n\n\n<div class=\"wp-block-column is-layout-flow wp-block-column-is-layout-flow\" style=\"padding-top:0;padding-right:var(--wp--preset--spacing--70);padding-bottom:0;padding-left:var(--wp--preset--spacing--70)\">\n<h2 class=\"wp-block-heading has-text-color\" style=\"color:#d19a04;font-size:30px\"><strong>Closest harbours<\/strong><\/h2>\n\n\n\n<ul class=\"wp-block-list\">\n<li>L\u00e4\u00e4tsa boat harbour (0,6 km)<\/li>\n\n\n\n<li>Salme river harbour for boats (2 km)<\/li>\n\n\n\n<li>L\u00f5mala yachtharbour (12 km)<\/li>\n\n\n\n<li>Nasva yachtharbour (14 km)<\/li>\n\n\n\n<li>Kuressaare yachtharbour (19 km)<\/li>\n\n\n\n<li>M\u00f5ntu yachtharbour (24 km)<\/li>\n<\/ul>\n\n\n\n<p>Before you start towards us, we suggest to have a look at Saaremaa events calendar and then you know how long holiday you will need. You may <a href=\"https:\/\/visitsaaremaa.ee\/en\/plan\/saaremaa-events\/\" data-type=\"link\" data-id=\"https:\/\/visitsaaremaa.ee\/en\/plan\/saaremaa-events\/\" target=\"_blank\" rel=\"noreferrer noopener\">find all local events<\/a>.<\/p>\n<\/div>\n<\/div>\n\n\n\n<div style=\"height:40px\" aria-hidden=\"true\" class=\"wp-block-spacer mobile-spacer-10\"><\/div>\n\n\n\n<div class=\"wp-block-edhotels-content-on-image undefined alignfull\" style=\"min-height:400px\"><div class=\"image\"><img loading=\"lazy\" decoding=\"async\" width=\"1828\" height=\"2560\" src=\"https:\/\/sorwespa.com\/wp-content\/uploads\/2023\/08\/sorwespa126-scaled.jpg\" alt=\"\" class=\"grid-item wp-image-144\" style=\"object-position:50% 50%\" srcset=\"https:\/\/sorwespa.com\/wp-content\/uploads\/2023\/08\/sorwespa126-scaled.jpg 1828w, https:\/\/sorwespa.com\/wp-content\/uploads\/2023\/08\/sorwespa126-214x300.jpg 214w, https:\/\/sorwespa.com\/wp-content\/uploads\/2023\/08\/sorwespa126-731x1024.jpg 731w, https:\/\/sorwespa.com\/wp-content\/uploads\/2023\/08\/sorwespa126-768x1075.jpg 768w, https:\/\/sorwespa.com\/wp-content\/uploads\/2023\/08\/sorwespa126-1097x1536.jpg 1097w, https:\/\/sorwespa.com\/wp-content\/uploads\/2023\/08\/sorwespa126-1463x2048.jpg 1463w, https:\/\/sorwespa.com\/wp-content\/uploads\/2023\/08\/sorwespa126-1568x2195.jpg 1568w\" sizes=\"auto, (max-width: 1828px) 100vw, 1828px\" \/><\/div><div class=\"content-wrapper\"><div class=\"outer-content right\"><div class=\"content-inner-block top\" style=\"background-color:#d19a04d6;max-width:400px;margin:-29px 20px\">\n<p>Kala tee, L\u00e4\u00e4tsa village<br>93216, Saaremaa, Estonia<\/p>\n\n\n\n<h3 class=\"wp-block-heading has-white-color has-text-color\" style=\"font-size:30px\"><strong>S\u00d6RWESPA<\/strong><\/h3>\n\n\n\n<p class=\"has-text-align-left has-white-color has-text-color\">Accomodation and spa +372 5551 2303<br>E-mail<mark style=\"background-color:rgba(0, 0, 0, 0);color:#ffffff\" class=\"has-inline-color\"> <\/mark><a href=\"mailto:info@sorwespa.com\"><mark style=\"background-color:rgba(0, 0, 0, 0);color:#ffffff\" class=\"has-inline-color\">info@sorwespa.com<\/mark><\/a><\/p>\n\n\n\n<h3 class=\"wp-block-heading has-white-color has-text-color\" style=\"font-size:30px\"><strong>S\u00d6RWEK\u00d6\u00d6K<\/strong><\/h3>\n\n\n\n<p class=\"has-white-color has-text-color\">Restaurant and events +372 559 40204 <br>E-mail <a href=\"mailto:info@sorwe.ee\"><mark style=\"background-color:rgba(0, 0, 0, 0);color:#ffffff\" class=\"has-inline-color\">info@sorwe<\/mark><\/a>.ee<\/p>\n<\/div><\/div><\/div><\/div>\n\n\n\n<div style=\"height:40px\" aria-hidden=\"true\" class=\"wp-block-spacer mobile-spacer-10\"><\/div>\n\n\n\n<div class=\"wp-block-columns alignfull is-layout-flex wp-container-core-columns-is-layout-9d6595d7 wp-block-columns-is-layout-flex\">\n<div class=\"wp-block-column is-layout-flow wp-block-column-is-layout-flow\">\n<iframe src=\"https:\/\/www.google.com\/maps\/embed?pb=!1m18!1m12!1m3!1d2105.6463518412397!2d22.24466667692459!3d58.1461093051639!2m3!1f0!2f0!3f0!3m2!1i1024!2i768!4f13.1!3m3!1m2!1s0x46f2169482b95f9f%3A0x64d2e350e0e228e8!2zU8OWUldFU1BB!5e0!3m2!1set!2see!4v1761901369031!5m2!1set!2see\" width=\"100%\" height=\"350\" style=\"border:0;\" allowfullscreen=\"\" loading=\"lazy\" referrerpolicy=\"no-referrer-when-downgrade\"><\/iframe>\n<\/div>\n<\/div>\n\n\n\n<p><\/p>\n","protected":false},"excerpt":{"rendered":"<p>Transport to Saaremaa Closest harbours Before you start towards us, we suggest to have a look at Saaremaa events calendar and then you know how long holiday you will need. You may find all local events.<\/p>\n","protected":false},"author":2,"featured_media":0,"parent":0,"menu_order":0,"comment_status":"closed","ping_status":"closed","template":"","meta":{"inline_featured_image":false,"footnotes":""},"class_list":["post-559","page","type-page","status-publish","hentry"],"yoast_head":"<!-- This site is optimized with the Yoast SEO plugin v26.8 - https:\/\/yoast.com\/product\/yoast-seo-wordpress\/ -->\n<title>Contact - S\u00d6RWESPA<\/title>\n<meta name=\"robots\" content=\"index, follow, max-snippet:-1, max-image-preview:large, max-video-preview:-1\" \/>\n<link rel=\"canonical\" href=\"https:\/\/sorwespa.com\/en\/contact\/\" \/>\n<meta property=\"og:locale\" content=\"en_US\" \/>\n<meta property=\"og:type\" content=\"article\" \/>\n<meta property=\"og:title\" content=\"Contact - S\u00d6RWESPA\" \/>\n<meta property=\"og:description\" content=\"Transport to Saaremaa Closest harbours Before you start towards us, we suggest to have a look at Saaremaa events calendar and then you know how long holiday you will need. You may find all local events.\" \/>\n<meta property=\"og:url\" content=\"https:\/\/sorwespa.com\/en\/contact\/\" \/>\n<meta property=\"og:site_name\" content=\"S\u00d6RWESPA\" \/>\n<meta property=\"article:modified_time\" content=\"2025-10-31T09:41:17+00:00\" \/>\n<meta property=\"og:image\" content=\"https:\/\/sorwespa.com\/wp-content\/uploads\/2023\/08\/Herbs.png\" \/>\n\t<meta property=\"og:image:width\" content=\"1150\" \/>\n\t<meta property=\"og:image:height\" content=\"768\" \/>\n\t<meta property=\"og:image:type\" content=\"image\/png\" \/>\n<meta name=\"twitter:card\" content=\"summary_large_image\" \/>\n<meta name=\"twitter:label1\" content=\"Est. reading time\" \/>\n\t<meta name=\"twitter:data1\" content=\"2 minutes\" \/>\n<script type=\"application\/ld+json\" class=\"yoast-schema-graph\">{\"@context\":\"https:\/\/schema.org\",\"@graph\":[{\"@type\":\"WebPage\",\"@id\":\"https:\/\/sorwespa.com\/en\/contact\/\",\"url\":\"https:\/\/sorwespa.com\/en\/contact\/\",\"name\":\"Contact - S\u00d6RWESPA\",\"isPartOf\":{\"@id\":\"https:\/\/sorwespa.com\/#website\"},\"primaryImageOfPage\":{\"@id\":\"https:\/\/sorwespa.com\/en\/contact\/#primaryimage\"},\"image\":{\"@id\":\"https:\/\/sorwespa.com\/en\/contact\/#primaryimage\"},\"thumbnailUrl\":\"https:\/\/sorwespa.com\/wp-content\/uploads\/2023\/08\/Herbs.png\",\"datePublished\":\"2023-08-23T11:07:04+00:00\",\"dateModified\":\"2025-10-31T09:41:17+00:00\",\"breadcrumb\":{\"@id\":\"https:\/\/sorwespa.com\/en\/contact\/#breadcrumb\"},\"inLanguage\":\"en-US\",\"potentialAction\":[{\"@type\":\"ReadAction\",\"target\":[\"https:\/\/sorwespa.com\/en\/contact\/\"]}]},{\"@type\":\"ImageObject\",\"inLanguage\":\"en-US\",\"@id\":\"https:\/\/sorwespa.com\/en\/contact\/#primaryimage\",\"url\":\"https:\/\/sorwespa.com\/wp-content\/uploads\/2023\/08\/Herbs.png\",\"contentUrl\":\"https:\/\/sorwespa.com\/wp-content\/uploads\/2023\/08\/Herbs.png\"},{\"@type\":\"BreadcrumbList\",\"@id\":\"https:\/\/sorwespa.com\/en\/contact\/#breadcrumb\",\"itemListElement\":[{\"@type\":\"ListItem\",\"position\":1,\"name\":\"Home\",\"item\":\"https:\/\/sorwespa.com\/en\/\"},{\"@type\":\"ListItem\",\"position\":2,\"name\":\"Contact\"}]},{\"@type\":\"WebSite\",\"@id\":\"https:\/\/sorwespa.com\/#website\",\"url\":\"https:\/\/sorwespa.com\/\",\"name\":\"S\u00d6RWESPA\",\"description\":\"Majutus privaatsetes majakestes, spaahoone saunade ja basseiniga S\u00f5rve poolsaare alguses\",\"potentialAction\":[{\"@type\":\"SearchAction\",\"target\":{\"@type\":\"EntryPoint\",\"urlTemplate\":\"https:\/\/sorwespa.com\/?s={search_term_string}\"},\"query-input\":{\"@type\":\"PropertyValueSpecification\",\"valueRequired\":true,\"valueName\":\"search_term_string\"}}],\"inLanguage\":\"en-US\"}]}<\/script>\n<!-- \/ Yoast SEO plugin. -->","yoast_head_json":{"title":"Contact - S\u00d6RWESPA","robots":{"index":"index","follow":"follow","max-snippet":"max-snippet:-1","max-image-preview":"max-image-preview:large","max-video-preview":"max-video-preview:-1"},"canonical":"https:\/\/sorwespa.com\/en\/contact\/","og_locale":"en_US","og_type":"article","og_title":"Contact - S\u00d6RWESPA","og_description":"Transport to Saaremaa Closest harbours Before you start towards us, we suggest to have a look at Saaremaa events calendar and then you know how long holiday you will need. You may find all local events.","og_url":"https:\/\/sorwespa.com\/en\/contact\/","og_site_name":"S\u00d6RWESPA","article_modified_time":"2025-10-31T09:41:17+00:00","og_image":[{"width":1150,"height":768,"url":"https:\/\/sorwespa.com\/wp-content\/uploads\/2023\/08\/Herbs.png","type":"image\/png"}],"twitter_card":"summary_large_image","twitter_misc":{"Est. reading time":"2 minutes"},"schema":{"@context":"https:\/\/schema.org","@graph":[{"@type":"WebPage","@id":"https:\/\/sorwespa.com\/en\/contact\/","url":"https:\/\/sorwespa.com\/en\/contact\/","name":"Contact - S\u00d6RWESPA","isPartOf":{"@id":"https:\/\/sorwespa.com\/#website"},"primaryImageOfPage":{"@id":"https:\/\/sorwespa.com\/en\/contact\/#primaryimage"},"image":{"@id":"https:\/\/sorwespa.com\/en\/contact\/#primaryimage"},"thumbnailUrl":"https:\/\/sorwespa.com\/wp-content\/uploads\/2023\/08\/Herbs.png","datePublished":"2023-08-23T11:07:04+00:00","dateModified":"2025-10-31T09:41:17+00:00","breadcrumb":{"@id":"https:\/\/sorwespa.com\/en\/contact\/#breadcrumb"},"inLanguage":"en-US","potentialAction":[{"@type":"ReadAction","target":["https:\/\/sorwespa.com\/en\/contact\/"]}]},{"@type":"ImageObject","inLanguage":"en-US","@id":"https:\/\/sorwespa.com\/en\/contact\/#primaryimage","url":"https:\/\/sorwespa.com\/wp-content\/uploads\/2023\/08\/Herbs.png","contentUrl":"https:\/\/sorwespa.com\/wp-content\/uploads\/2023\/08\/Herbs.png"},{"@type":"BreadcrumbList","@id":"https:\/\/sorwespa.com\/en\/contact\/#breadcrumb","itemListElement":[{"@type":"ListItem","position":1,"name":"Home","item":"https:\/\/sorwespa.com\/en\/"},{"@type":"ListItem","position":2,"name":"Contact"}]},{"@type":"WebSite","@id":"https:\/\/sorwespa.com\/#website","url":"https:\/\/sorwespa.com\/","name":"S\u00d6RWESPA","description":"Majutus privaatsetes majakestes, spaahoone saunade ja basseiniga S\u00f5rve poolsaare alguses","potentialAction":[{"@type":"SearchAction","target":{"@type":"EntryPoint","urlTemplate":"https:\/\/sorwespa.com\/?s={search_term_string}"},"query-input":{"@type":"PropertyValueSpecification","valueRequired":true,"valueName":"search_term_string"}}],"inLanguage":"en-US"}]}},"_links":{"self":[{"href":"https:\/\/sorwespa.com\/en\/wp-json\/wp\/v2\/pages\/559","targetHints":{"allow":["GET"]}}],"collection":[{"href":"https:\/\/sorwespa.com\/en\/wp-json\/wp\/v2\/pages"}],"about":[{"href":"https:\/\/sorwespa.com\/en\/wp-json\/wp\/v2\/types\/page"}],"author":[{"embeddable":true,"href":"https:\/\/sorwespa.com\/en\/wp-json\/wp\/v2\/users\/2"}],"replies":[{"embeddable":true,"href":"https:\/\/sorwespa.com\/en\/wp-json\/wp\/v2\/comments?post=559"}],"version-history":[{"count":12,"href":"https:\/\/sorwespa.com\/en\/wp-json\/wp\/v2\/pages\/559\/revisions"}],"predecessor-version":[{"id":2078,"href":"https:\/\/sorwespa.com\/en\/wp-json\/wp\/v2\/pages\/559\/revisions\/2078"}],"wp:attachment":[{"href":"https:\/\/sorwespa.com\/en\/wp-json\/wp\/v2\/media?parent=559"}],"curies":[{"name":"wp","href":"https:\/\/api.w.org\/{rel}","templated":true}]}}