{"id":553,"date":"2023-08-23T14:03:15","date_gmt":"2023-08-23T11:03:15","guid":{"rendered":"https:\/\/sorwespa.com\/mida-teha\/"},"modified":"2025-11-07T09:03:03","modified_gmt":"2025-11-07T07:03:03","slug":"what-to-do","status":"publish","type":"page","link":"https:\/\/sorwespa.com\/en\/what-to-do\/","title":{"rendered":"What to do"},"content":{"rendered":"\n<div class=\"wp-block-cover alignfull is-light\"><img loading=\"lazy\" decoding=\"async\" width=\"1150\" height=\"768\" class=\"wp-block-cover__image-background wp-image-443\" alt=\"\" src=\"https:\/\/sorwespa.com\/wp-content\/uploads\/2023\/08\/Walking-on-the-field.png\" style=\"object-position:46% 40%\" data-object-fit=\"cover\" data-object-position=\"46% 40%\" srcset=\"https:\/\/sorwespa.com\/wp-content\/uploads\/2023\/08\/Walking-on-the-field.png 1150w, https:\/\/sorwespa.com\/wp-content\/uploads\/2023\/08\/Walking-on-the-field-300x200.png 300w, https:\/\/sorwespa.com\/wp-content\/uploads\/2023\/08\/Walking-on-the-field-1024x684.png 1024w, https:\/\/sorwespa.com\/wp-content\/uploads\/2023\/08\/Walking-on-the-field-768x513.png 768w\" sizes=\"auto, (max-width: 1150px) 100vw, 1150px\" \/><span aria-hidden=\"true\" class=\"wp-block-cover__background has-background-dim-30 has-background-dim\"><\/span><div class=\"wp-block-cover__inner-container is-layout-flow wp-block-cover-is-layout-flow\">\n<h1 class=\"wp-block-heading has-text-align-center has-white-color has-text-color has-x-large-font-size\">WHAT TO DO<\/h1>\n\n\n\n<p class=\"has-text-align-center has-white-color has-text-color has-medium-font-size\"><\/p>\n<\/div><\/div>\n\n\n\n<div style=\"height:40px\" aria-hidden=\"true\" class=\"wp-block-spacer mobile-spacer-10\"><\/div>\n\n\n\n<p style=\"font-size:18px\">S\u00d6RWESPA&#8217;s home is the S\u00f5rve peninsula in Saaremaa, which offers a private place to be on the one hand and the island&#8217;s characteristic magical power on the other. A refuge from the hustle and bustle of everyday life and a magical sanctuary for indulgents.<\/p>\n\n\n\n<p><\/p>\n\n\n\n<div class=\"wp-block-columns alignwide is-layout-flex wp-container-core-columns-is-layout-9d6595d7 wp-block-columns-is-layout-flex\">\n<div class=\"wp-block-column is-vertically-aligned-center is-layout-flow wp-block-column-is-layout-flow\">\n<p>Summer attracts a lot of vacationers to the island, because it is known that this is where the most sunny days are. But we invite you to Saaremaa all year round, because it is pleasant here at any time of the year.<\/p>\n\n\n\n<ul class=\"wp-block-list\">\n<li>At S\u00d6RWESPA, you can enjoy yourself in the spa or take a dip in the outdoor pools during the summer. Bicycles and walking sticks can be rented on site.<\/li>\n\n\n\n<li>You can swim 0.5 km away at L\u00e4\u00e4tsa beach and 9 km away at the J\u00e4rve recreation area. Surfers can find M\u00e4ndjala Surfclub 11 km away and Saaremaa Surfclub 13 km away.<\/li>\n\n\n\n<li>For lovers of active vacations, we recommend the Salme Rannapark health trail, which is 2 km away, and the L\u00e4\u00e4tsa-Kuressaare light traffic road, which is 19 km long, starting from us. M\u00e4ndjala disc golf is 11 km away and the Viierist hiking trail is 14 km away.<\/li>\n\n\n\n<li>For horse riding and horseback riding, guests are welcomed by Tee\u00e4\u00e4re Tall, 5 km away.<\/li>\n\n\n\n<li>Sea trips, fishing trips, seal watching and diving in the Vilsandi archipelago, which is 38 km from us, offer a very special experience.<\/li>\n\n\n\n<li>The most exciting attractions in the area are S\u00e4\u00e4re tirp, S\u00f5rve lighthouse, visitor center and museum, which are 30 km away, and Mihkli Talumuuseum, which is 33 km away.<\/li>\n<\/ul>\n\n\n\n<p>And if you are still thinking about what to do in Saaremaa, then just come and we will give you the right direction. First, book a suitable accommodation and a nice holiday can begin.<\/p>\n<\/div>\n\n\n\n<div class=\"wp-block-column wp-block-edhotels-first-column-in-mobile is-layout-flow wp-block-column-is-layout-flow\">\n<figure class=\"wp-block-gallery has-nested-images columns-default is-cropped wp-block-gallery-1 is-layout-flex wp-block-gallery-is-layout-flex\">\n<figure class=\"wp-block-image size-large\"><a href=\"https:\/\/sorwespa.com\/wp-content\/uploads\/2023\/11\/sorwespa-saun.jpg\"><img loading=\"lazy\" decoding=\"async\" width=\"768\" height=\"1024\" data-id=\"824\" src=\"https:\/\/sorwespa.com\/wp-content\/uploads\/2023\/11\/sorwespa-saun-768x1024.jpg\" alt=\"\" class=\"wp-image-824\" srcset=\"https:\/\/sorwespa.com\/wp-content\/uploads\/2023\/11\/sorwespa-saun-768x1024.jpg 768w, https:\/\/sorwespa.com\/wp-content\/uploads\/2023\/11\/sorwespa-saun-225x300.jpg 225w, https:\/\/sorwespa.com\/wp-content\/uploads\/2023\/11\/sorwespa-saun.jpg 900w\" sizes=\"auto, (max-width: 768px) 100vw, 768px\" \/><\/a><\/figure>\n\n\n\n<figure class=\"wp-block-image size-large\"><a href=\"https:\/\/sorwespa.com\/wp-content\/uploads\/2023\/08\/sorwespa117-scaled.jpg\"><img loading=\"lazy\" decoding=\"async\" width=\"768\" height=\"1024\" data-id=\"126\" src=\"https:\/\/sorwespa.com\/wp-content\/uploads\/2023\/08\/sorwespa117-768x1024.jpg\" alt=\"\" class=\"wp-image-126\" srcset=\"https:\/\/sorwespa.com\/wp-content\/uploads\/2023\/08\/sorwespa117-768x1024.jpg 768w, https:\/\/sorwespa.com\/wp-content\/uploads\/2023\/08\/sorwespa117-225x300.jpg 225w, https:\/\/sorwespa.com\/wp-content\/uploads\/2023\/08\/sorwespa117-1152x1536.jpg 1152w, https:\/\/sorwespa.com\/wp-content\/uploads\/2023\/08\/sorwespa117-1536x2048.jpg 1536w, https:\/\/sorwespa.com\/wp-content\/uploads\/2023\/08\/sorwespa117-1568x2091.jpg 1568w, https:\/\/sorwespa.com\/wp-content\/uploads\/2023\/08\/sorwespa117-scaled.jpg 1920w\" sizes=\"auto, (max-width: 768px) 100vw, 768px\" \/><\/a><\/figure>\n\n\n\n<figure class=\"wp-block-image size-large\"><a href=\"https:\/\/sorwespa.com\/wp-content\/uploads\/2023\/11\/sorwespa-spa.jpg\"><img loading=\"lazy\" decoding=\"async\" width=\"768\" height=\"1024\" data-id=\"851\" src=\"https:\/\/sorwespa.com\/wp-content\/uploads\/2023\/11\/sorwespa-spa-768x1024.jpg\" alt=\"\" class=\"wp-image-851\" srcset=\"https:\/\/sorwespa.com\/wp-content\/uploads\/2023\/11\/sorwespa-spa-768x1024.jpg 768w, https:\/\/sorwespa.com\/wp-content\/uploads\/2023\/11\/sorwespa-spa-225x300.jpg 225w, https:\/\/sorwespa.com\/wp-content\/uploads\/2023\/11\/sorwespa-spa.jpg 900w\" sizes=\"auto, (max-width: 768px) 100vw, 768px\" \/><\/a><\/figure>\n\n\n\n<figure class=\"wp-block-image size-large\"><a href=\"https:\/\/sorwespa.com\/wp-content\/uploads\/2023\/08\/Walking-on-the-beach.png\"><img loading=\"lazy\" decoding=\"async\" width=\"1024\" height=\"685\" data-id=\"441\" src=\"https:\/\/sorwespa.com\/wp-content\/uploads\/2023\/08\/Walking-on-the-beach-1024x685.png\" alt=\"\" class=\"wp-image-441\" srcset=\"https:\/\/sorwespa.com\/wp-content\/uploads\/2023\/08\/Walking-on-the-beach-1024x685.png 1024w, https:\/\/sorwespa.com\/wp-content\/uploads\/2023\/08\/Walking-on-the-beach-300x201.png 300w, https:\/\/sorwespa.com\/wp-content\/uploads\/2023\/08\/Walking-on-the-beach-768x513.png 768w, https:\/\/sorwespa.com\/wp-content\/uploads\/2023\/08\/Walking-on-the-beach.png 1436w\" sizes=\"auto, (max-width: 1024px) 100vw, 1024px\" \/><\/a><\/figure>\n\n\n\n<figure class=\"wp-block-image size-large\"><a href=\"https:\/\/sorwespa.com\/wp-content\/uploads\/2023\/08\/Wooden-garden.jpg\"><img loading=\"lazy\" decoding=\"async\" width=\"768\" height=\"1024\" data-id=\"638\" src=\"https:\/\/sorwespa.com\/wp-content\/uploads\/2023\/08\/Wooden-garden-768x1024.jpg\" alt=\"\" class=\"wp-image-638\" srcset=\"https:\/\/sorwespa.com\/wp-content\/uploads\/2023\/08\/Wooden-garden-768x1024.jpg 768w, https:\/\/sorwespa.com\/wp-content\/uploads\/2023\/08\/Wooden-garden-225x300.jpg 225w, https:\/\/sorwespa.com\/wp-content\/uploads\/2023\/08\/Wooden-garden.jpg 1000w\" sizes=\"auto, (max-width: 768px) 100vw, 768px\" \/><\/a><\/figure>\n<\/figure>\n<\/div>\n<\/div>\n\n\n\n<p><\/p>\n","protected":false},"excerpt":{"rendered":"<p>S\u00d6RWESPA&#8217;s home is the S\u00f5rve peninsula in Saaremaa, which offers a private place to be on the one hand and the island&#8217;s characteristic magical power on the other. A refuge from the hustle and bustle of everyday life and a magical sanctuary for indulgents. Summer attracts a lot of vacationers to the island, because it [&hellip;]<\/p>\n","protected":false},"author":2,"featured_media":0,"parent":0,"menu_order":0,"comment_status":"closed","ping_status":"closed","template":"","meta":{"inline_featured_image":false,"footnotes":""},"class_list":["post-553","page","type-page","status-publish","hentry"],"yoast_head":"<!-- This site is optimized with the Yoast SEO plugin v26.8 - https:\/\/yoast.com\/product\/yoast-seo-wordpress\/ -->\n<title>What to do - S\u00d6RWESPA<\/title>\n<meta name=\"robots\" content=\"index, follow, max-snippet:-1, max-image-preview:large, max-video-preview:-1\" \/>\n<link rel=\"canonical\" href=\"https:\/\/sorwespa.com\/en\/what-to-do\/\" \/>\n<meta property=\"og:locale\" content=\"en_US\" \/>\n<meta property=\"og:type\" content=\"article\" \/>\n<meta property=\"og:title\" content=\"What to do - S\u00d6RWESPA\" \/>\n<meta property=\"og:description\" content=\"S\u00d6RWESPA&#8217;s home is the S\u00f5rve peninsula in Saaremaa, which offers a private place to be on the one hand and the island&#8217;s characteristic magical power on the other. A refuge from the hustle and bustle of everyday life and a magical sanctuary for indulgents. Summer attracts a lot of vacationers to the island, because it [&hellip;]\" \/>\n<meta property=\"og:url\" content=\"https:\/\/sorwespa.com\/en\/what-to-do\/\" \/>\n<meta property=\"og:site_name\" content=\"S\u00d6RWESPA\" \/>\n<meta property=\"article:modified_time\" content=\"2025-11-07T07:03:03+00:00\" \/>\n<meta property=\"og:image\" content=\"https:\/\/sorwespa.com\/wp-content\/uploads\/2023\/08\/Walking-on-the-field.png\" \/>\n\t<meta property=\"og:image:width\" content=\"1150\" \/>\n\t<meta property=\"og:image:height\" content=\"768\" \/>\n\t<meta property=\"og:image:type\" content=\"image\/png\" \/>\n<meta name=\"twitter:card\" content=\"summary_large_image\" \/>\n<meta name=\"twitter:label1\" content=\"Est. reading time\" \/>\n\t<meta name=\"twitter:data1\" content=\"3 minutes\" \/>\n<script type=\"application\/ld+json\" class=\"yoast-schema-graph\">{\"@context\":\"https:\/\/schema.org\",\"@graph\":[{\"@type\":\"WebPage\",\"@id\":\"https:\/\/sorwespa.com\/en\/what-to-do\/\",\"url\":\"https:\/\/sorwespa.com\/en\/what-to-do\/\",\"name\":\"What to do - S\u00d6RWESPA\",\"isPartOf\":{\"@id\":\"https:\/\/sorwespa.com\/#website\"},\"primaryImageOfPage\":{\"@id\":\"https:\/\/sorwespa.com\/en\/what-to-do\/#primaryimage\"},\"image\":{\"@id\":\"https:\/\/sorwespa.com\/en\/what-to-do\/#primaryimage\"},\"thumbnailUrl\":\"https:\/\/sorwespa.com\/wp-content\/uploads\/2023\/08\/Walking-on-the-field.png\",\"datePublished\":\"2023-08-23T11:03:15+00:00\",\"dateModified\":\"2025-11-07T07:03:03+00:00\",\"breadcrumb\":{\"@id\":\"https:\/\/sorwespa.com\/en\/what-to-do\/#breadcrumb\"},\"inLanguage\":\"en-US\",\"potentialAction\":[{\"@type\":\"ReadAction\",\"target\":[\"https:\/\/sorwespa.com\/en\/what-to-do\/\"]}]},{\"@type\":\"ImageObject\",\"inLanguage\":\"en-US\",\"@id\":\"https:\/\/sorwespa.com\/en\/what-to-do\/#primaryimage\",\"url\":\"https:\/\/sorwespa.com\/wp-content\/uploads\/2023\/08\/Walking-on-the-field.png\",\"contentUrl\":\"https:\/\/sorwespa.com\/wp-content\/uploads\/2023\/08\/Walking-on-the-field.png\"},{\"@type\":\"BreadcrumbList\",\"@id\":\"https:\/\/sorwespa.com\/en\/what-to-do\/#breadcrumb\",\"itemListElement\":[{\"@type\":\"ListItem\",\"position\":1,\"name\":\"Home\",\"item\":\"https:\/\/sorwespa.com\/en\/\"},{\"@type\":\"ListItem\",\"position\":2,\"name\":\"What to do\"}]},{\"@type\":\"WebSite\",\"@id\":\"https:\/\/sorwespa.com\/#website\",\"url\":\"https:\/\/sorwespa.com\/\",\"name\":\"S\u00d6RWESPA\",\"description\":\"Majutus privaatsetes majakestes, spaahoone saunade ja basseiniga S\u00f5rve poolsaare alguses\",\"potentialAction\":[{\"@type\":\"SearchAction\",\"target\":{\"@type\":\"EntryPoint\",\"urlTemplate\":\"https:\/\/sorwespa.com\/?s={search_term_string}\"},\"query-input\":{\"@type\":\"PropertyValueSpecification\",\"valueRequired\":true,\"valueName\":\"search_term_string\"}}],\"inLanguage\":\"en-US\"}]}<\/script>\n<!-- \/ Yoast SEO plugin. -->","yoast_head_json":{"title":"What to do - S\u00d6RWESPA","robots":{"index":"index","follow":"follow","max-snippet":"max-snippet:-1","max-image-preview":"max-image-preview:large","max-video-preview":"max-video-preview:-1"},"canonical":"https:\/\/sorwespa.com\/en\/what-to-do\/","og_locale":"en_US","og_type":"article","og_title":"What to do - S\u00d6RWESPA","og_description":"S\u00d6RWESPA&#8217;s home is the S\u00f5rve peninsula in Saaremaa, which offers a private place to be on the one hand and the island&#8217;s characteristic magical power on the other. A refuge from the hustle and bustle of everyday life and a magical sanctuary for indulgents. Summer attracts a lot of vacationers to the island, because it [&hellip;]","og_url":"https:\/\/sorwespa.com\/en\/what-to-do\/","og_site_name":"S\u00d6RWESPA","article_modified_time":"2025-11-07T07:03:03+00:00","og_image":[{"width":1150,"height":768,"url":"https:\/\/sorwespa.com\/wp-content\/uploads\/2023\/08\/Walking-on-the-field.png","type":"image\/png"}],"twitter_card":"summary_large_image","twitter_misc":{"Est. reading time":"3 minutes"},"schema":{"@context":"https:\/\/schema.org","@graph":[{"@type":"WebPage","@id":"https:\/\/sorwespa.com\/en\/what-to-do\/","url":"https:\/\/sorwespa.com\/en\/what-to-do\/","name":"What to do - S\u00d6RWESPA","isPartOf":{"@id":"https:\/\/sorwespa.com\/#website"},"primaryImageOfPage":{"@id":"https:\/\/sorwespa.com\/en\/what-to-do\/#primaryimage"},"image":{"@id":"https:\/\/sorwespa.com\/en\/what-to-do\/#primaryimage"},"thumbnailUrl":"https:\/\/sorwespa.com\/wp-content\/uploads\/2023\/08\/Walking-on-the-field.png","datePublished":"2023-08-23T11:03:15+00:00","dateModified":"2025-11-07T07:03:03+00:00","breadcrumb":{"@id":"https:\/\/sorwespa.com\/en\/what-to-do\/#breadcrumb"},"inLanguage":"en-US","potentialAction":[{"@type":"ReadAction","target":["https:\/\/sorwespa.com\/en\/what-to-do\/"]}]},{"@type":"ImageObject","inLanguage":"en-US","@id":"https:\/\/sorwespa.com\/en\/what-to-do\/#primaryimage","url":"https:\/\/sorwespa.com\/wp-content\/uploads\/2023\/08\/Walking-on-the-field.png","contentUrl":"https:\/\/sorwespa.com\/wp-content\/uploads\/2023\/08\/Walking-on-the-field.png"},{"@type":"BreadcrumbList","@id":"https:\/\/sorwespa.com\/en\/what-to-do\/#breadcrumb","itemListElement":[{"@type":"ListItem","position":1,"name":"Home","item":"https:\/\/sorwespa.com\/en\/"},{"@type":"ListItem","position":2,"name":"What to do"}]},{"@type":"WebSite","@id":"https:\/\/sorwespa.com\/#website","url":"https:\/\/sorwespa.com\/","name":"S\u00d6RWESPA","description":"Majutus privaatsetes majakestes, spaahoone saunade ja basseiniga S\u00f5rve poolsaare alguses","potentialAction":[{"@type":"SearchAction","target":{"@type":"EntryPoint","urlTemplate":"https:\/\/sorwespa.com\/?s={search_term_string}"},"query-input":{"@type":"PropertyValueSpecification","valueRequired":true,"valueName":"search_term_string"}}],"inLanguage":"en-US"}]}},"_links":{"self":[{"href":"https:\/\/sorwespa.com\/en\/wp-json\/wp\/v2\/pages\/553","targetHints":{"allow":["GET"]}}],"collection":[{"href":"https:\/\/sorwespa.com\/en\/wp-json\/wp\/v2\/pages"}],"about":[{"href":"https:\/\/sorwespa.com\/en\/wp-json\/wp\/v2\/types\/page"}],"author":[{"embeddable":true,"href":"https:\/\/sorwespa.com\/en\/wp-json\/wp\/v2\/users\/2"}],"replies":[{"embeddable":true,"href":"https:\/\/sorwespa.com\/en\/wp-json\/wp\/v2\/comments?post=553"}],"version-history":[{"count":7,"href":"https:\/\/sorwespa.com\/en\/wp-json\/wp\/v2\/pages\/553\/revisions"}],"predecessor-version":[{"id":2192,"href":"https:\/\/sorwespa.com\/en\/wp-json\/wp\/v2\/pages\/553\/revisions\/2192"}],"wp:attachment":[{"href":"https:\/\/sorwespa.com\/en\/wp-json\/wp\/v2\/media?parent=553"}],"curies":[{"name":"wp","href":"https:\/\/api.w.org\/{rel}","templated":true}]}}