{"id":550,"date":"2023-08-23T14:13:13","date_gmt":"2023-08-23T11:13:13","guid":{"rendered":"https:\/\/sorwespa.com\/seminarid\/"},"modified":"2025-10-31T11:39:25","modified_gmt":"2025-10-31T09:39:25","slug":"seminar","status":"publish","type":"page","link":"https:\/\/sorwespa.com\/en\/seminar\/","title":{"rendered":"Seminar"},"content":{"rendered":"\n<div class=\"wp-block-cover alignfull is-light\"><img loading=\"lazy\" decoding=\"async\" width=\"2043\" height=\"894\" class=\"wp-block-cover__image-background wp-image-1371\" alt=\"\" src=\"https:\/\/sorwespa.com\/wp-content\/uploads\/2025\/01\/Sorwespa-seminar.png\" data-object-fit=\"cover\" srcset=\"https:\/\/sorwespa.com\/wp-content\/uploads\/2025\/01\/Sorwespa-seminar.png 2043w, https:\/\/sorwespa.com\/wp-content\/uploads\/2025\/01\/Sorwespa-seminar-300x131.png 300w, https:\/\/sorwespa.com\/wp-content\/uploads\/2025\/01\/Sorwespa-seminar-1024x448.png 1024w, https:\/\/sorwespa.com\/wp-content\/uploads\/2025\/01\/Sorwespa-seminar-768x336.png 768w, https:\/\/sorwespa.com\/wp-content\/uploads\/2025\/01\/Sorwespa-seminar-1536x672.png 1536w, https:\/\/sorwespa.com\/wp-content\/uploads\/2025\/01\/Sorwespa-seminar-1568x686.png 1568w\" sizes=\"auto, (max-width: 2043px) 100vw, 2043px\" \/><span aria-hidden=\"true\" class=\"wp-block-cover__background has-background-dim-30 has-background-dim\" style=\"background-color:#9a8f84\"><\/span><div class=\"wp-block-cover__inner-container is-layout-flow wp-block-cover-is-layout-flow\">\n<h1 class=\"wp-block-heading has-text-align-center has-white-color has-text-color has-x-large-font-size\">SEMINAR<\/h1>\n\n\n\n<p class=\"has-text-align-center has-white-color has-text-color has-medium-font-size\">Gain new knowledge<\/p>\n<\/div><\/div>\n\n\n\n<div style=\"height:40px\" aria-hidden=\"true\" class=\"wp-block-spacer mobile-spacer-10\"><\/div>\n\n\n\n<p>Come to Saaremaa to hold a seminar! Find your best self and the wonderful unity of your team here, where the surfers themselves have always gone to find worthwhile ideas.<\/p>\n\n\n\n<p>Saaremaa is a nice place to go with a team to take time off and relax together or to gain new knowledge with colleagues. Coming to the island separates you from everyday tasks and gives you the opportunity to fully devote yourself to what awaits you there. The ancient power frees the mind and saves from the mundane. There is time and space to dream big and think of ideas as solutions. Here, tasks become a game and solutions are born spontaneously. Perfect place to hold a seminar. <\/p>\n\n\n\n<p>S\u00f6rwespa offers three different rooms for organizing seminars.<\/p>\n\n\n\n<ul class=\"wp-block-list\">\n<li><strong>S\u00f6rwek\u00f6\u00f6k<\/strong> (200m<sup>2<\/sup>) can accommodate up to 100 guests in a theatre style<\/li>\n\n\n\n<li><strong>Tee\u00e4\u00e4re seminar house<\/strong> (100m<sup>2<\/sup>) can accommodate 50 guests in the theatre style and 12 in the board room style<\/li>\n\n\n\n<li><strong><a href=\"https:\/\/sorwespa.com\/en\/holiday-homes\/\">Spacious holiday hom<\/a><a href=\"https:\/\/sorwespa.com\/en\/holiday-homes\/\" target=\"_blank\" rel=\"noreferrer noopener\">es<\/a><\/strong> (35m<sup>2<\/sup>) can accommodate 8-10 guests in board room style<\/li>\n<\/ul>\n\n\n\n<p>In order to make the trip on the island playful and memorable, we share some recommendations with which to make a busy day playful.<\/p>\n\n\n\n<p>We create experiences in workshops introducing the culture of the island, which are inspired by nature and history. The island&#8217;s food training courses teach smoking, baking bread, making drinks from local juniper and other exciting things.<\/p>\n\n\n\n<h2 class=\"wp-block-heading has-text-align-center has-text-color\" style=\"color:#d19a04;font-size:40px\">Workshops<\/h2>\n\n\n\n<div class=\"wp-block-edhotels-edhotels-accordions accordion right\">\n<div class=\"acc_h\"><h3>Juniper beverage making workshop<\/h3><\/div><div class=\"acc_txt\">\n<p>The symbol of Saaremaa is juniper, which is abundant in the coastal meadows and forests of Saaremaa, also around the L\u00e4\u00e4tsa holiday centre. During the training, we will find out when it is the right time to pick juniper berries, what are the best berries for picking and what drinks are made from juniper berries and twigs in Saaremaa.<\/p>\n\n\n\n<p><a href=\"mailto:info@sorwespa.com\">SEND INQUIRY<\/a><\/p>\n<\/div>\n\n\n\n<div class=\"acc_h\"><h3>Craft vinegar making workshop<\/h3><\/div><div class=\"acc_txt\">\n<p>Products made from island raw materials include both handmade vinegars and so-called shrub, which can be added to various dishes to experience new taste experiences. During the training, various salads and sauces and drinks are prepared. In addition to cooking, we hear how unpasteurized and unfiltered apple cider vinegar is made and what healing properties it has.<\/p>\n\n\n\n<p><a href=\"mailto:info@sorwespa.com\"><\/a><a href=\"mailto:info@sorwespa.com\">SEND INQUIRY<\/a><\/p>\n<\/div>\n\n\n\n<div class=\"acc_h\"><h3>Birch sap handmade soap making workshop<\/h3><\/div><div class=\"acc_txt\">\n<p>Known for its vitamins and minerals, birch sap has always been part of the islanders&#8217; diet, being a refreshing mouthful both during the sauna and when doing field work. Rich in antioxidants, birch sap is a youth elixir that slows down aging, stimulates cell growth and protects the skin from ultraviolet radiation and inflammation. During the workshop, a unique birch sap soap with herbal additives will be prepared. We also hear about the benefits of birch sap and how to store\/acidify the juice so that it can be enjoyed not only in spring, but for a longer time.<\/p>\n\n\n\n<p><a href=\"mailto:info@sorwespa.com\"><\/a><a href=\"mailto:info@sorwespa.com\">SEND INQUIRY<\/a><\/p>\n<\/div>\n\n\n\n<div class=\"acc_h\"><h3>Saaremaa food and drink trainings &amp; natural cosmetics workshops<\/h3><\/div><div class=\"acc_txt\">\n<ul class=\"wp-block-list\">\n<li><strong>The use of natural products in traditional medicine.<\/strong><\/li>\n\n\n\n<li><strong>Tilk Bio<\/strong> products made from 100% natural ingredients, for which powerful plants are collected here from the same island of Saaremaa. Drop! has also created a unique environmental protection program in Estonia, Reuse Me, which aims to minimize the damage done to the environment and pay more attention to sustainable consumption through the circular economy. Workshop on the manufacture of natural cosmetics.<\/li>\n\n\n\n<li><strong>By Mukk Natural Cosmetics Workshop<\/strong>. Nature-inspired skin care products from Saaremaa. The products use local raw materials to combine tradition and primordial nature with modern knowledge. The products contain local red algae picked by hand from the coast.<\/li>\n\n\n\n<li><strong>Good Kaarma. <\/strong>Handmade soaps with natural ingredients. Soap making workshops.<a href=\"mailto:info@sorwespa.com\">SEND INQUIRY<\/a><\/li>\n<\/ul>\n<\/div>\n\n\n\n<div class=\"acc_h\"><h3>Workshops introducing the nature and history of Saaremaa<\/h3><\/div><div class=\"acc_txt\">\n<ul class=\"wp-block-list\">\n<li><strong>S\u00f6rvemaa Heritage Society. <\/strong>Workshops introducing S\u00f5rve traditional culture.<\/li>\n\n\n\n<li><strong>Workshops on the sea<\/strong>, where the traditions of sailors, knot-making and other things that are characteristic of the island nation are taught.<\/li>\n\n\n\n<li><strong>Mihkli Farm Museum.<\/strong> Located on the west coast of Saaremaa, one of the most unique museums in Estonia, a fully preserved complex of buildings and used utensils on the same farm. Conduct trainings and workshops introducing heritage culture. e.g. &#8220;Edible plants in tradition&#8221;, workshops related to the folk calendar, medicinal plants and farm work, etc.<\/li>\n<\/ul>\n\n\n\n<p><a href=\"mailto:info@sorwespa.com\"><\/a><a href=\"mailto:info@sorwespa.com\">SEND INQUIRY<\/a><\/p>\n<\/div>\n<\/div>\n\n\n\n<div class=\"wp-block-columns is-layout-flex wp-container-core-columns-is-layout-9d6595d7 wp-block-columns-is-layout-flex\">\n<div class=\"wp-block-column is-layout-flow wp-block-column-is-layout-flow\" style=\"flex-basis:100%\">\n<div class=\"wp-block-edhotels-gallery custom-grid-gallery\"><div class=\"grid lightgallery\"><div data-src=\"https:\/\/sorwespa.com\/wp-content\/uploads\/2025\/01\/Teeaare-teatristiilis.jpg\" class=\"grid-item\"><img decoding=\"async\" width=\"911\" height=\"1024\" src=\"https:\/\/sorwespa.com\/wp-content\/uploads\/2025\/01\/Teeaare-teatristiilis-911x1024.jpg\" alt=\"\" data-id=\"1347\" loading=\"lazy\" class=\"wp-image-1347\" srcset=\"https:\/\/sorwespa.com\/wp-content\/uploads\/2025\/01\/Teeaare-teatristiilis-911x1024.jpg 911w, https:\/\/sorwespa.com\/wp-content\/uploads\/2025\/01\/Teeaare-teatristiilis-267x300.jpg 267w, https:\/\/sorwespa.com\/wp-content\/uploads\/2025\/01\/Teeaare-teatristiilis-768x864.jpg 768w, https:\/\/sorwespa.com\/wp-content\/uploads\/2025\/01\/Teeaare-teatristiilis.jpg 1067w\" sizes=\"auto, (max-width: 911px) 100vw, 911px\" \/><\/div><div data-src=\"https:\/\/sorwespa.com\/wp-content\/uploads\/2023\/08\/White-flowers.png\" class=\"grid-item\"><img decoding=\"async\" width=\"1024\" height=\"683\" src=\"https:\/\/sorwespa.com\/wp-content\/uploads\/2023\/08\/White-flowers-1024x683.png\" alt=\"\" data-id=\"448\" loading=\"lazy\" class=\"wp-image-448\" srcset=\"https:\/\/sorwespa.com\/wp-content\/uploads\/2023\/08\/White-flowers-1024x683.png 1024w, https:\/\/sorwespa.com\/wp-content\/uploads\/2023\/08\/White-flowers-300x200.png 300w, https:\/\/sorwespa.com\/wp-content\/uploads\/2023\/08\/White-flowers-768x512.png 768w, https:\/\/sorwespa.com\/wp-content\/uploads\/2023\/08\/White-flowers.png 1152w\" sizes=\"auto, (max-width: 1024px) 100vw, 1024px\" \/><\/div><div data-src=\"https:\/\/sorwespa.com\/wp-content\/uploads\/2023\/11\/sorwespa-seminar.jpg\" class=\"grid-item\"><img decoding=\"async\" width=\"1024\" height=\"768\" src=\"https:\/\/sorwespa.com\/wp-content\/uploads\/2023\/11\/sorwespa-seminar-1024x768.jpg\" alt=\"\" data-id=\"911\" loading=\"lazy\" class=\"wp-image-911\" srcset=\"https:\/\/sorwespa.com\/wp-content\/uploads\/2023\/11\/sorwespa-seminar-1024x768.jpg 1024w, https:\/\/sorwespa.com\/wp-content\/uploads\/2023\/11\/sorwespa-seminar-300x225.jpg 300w, https:\/\/sorwespa.com\/wp-content\/uploads\/2023\/11\/sorwespa-seminar-768x576.jpg 768w, https:\/\/sorwespa.com\/wp-content\/uploads\/2023\/11\/sorwespa-seminar.jpg 1200w\" sizes=\"auto, (max-width: 1024px) 100vw, 1024px\" \/><\/div><div data-src=\"https:\/\/sorwespa.com\/wp-content\/uploads\/2023\/11\/sorwespa-puhkenurk.jpg\" class=\"grid-item\"><img decoding=\"async\" width=\"768\" height=\"1024\" src=\"https:\/\/sorwespa.com\/wp-content\/uploads\/2023\/11\/sorwespa-puhkenurk-768x1024.jpg\" alt=\"\" data-id=\"897\" loading=\"lazy\" class=\"wp-image-897\" srcset=\"https:\/\/sorwespa.com\/wp-content\/uploads\/2023\/11\/sorwespa-puhkenurk-768x1024.jpg 768w, https:\/\/sorwespa.com\/wp-content\/uploads\/2023\/11\/sorwespa-puhkenurk-225x300.jpg 225w, https:\/\/sorwespa.com\/wp-content\/uploads\/2023\/11\/sorwespa-puhkenurk.jpg 900w\" sizes=\"auto, (max-width: 768px) 100vw, 768px\" \/><\/div><div data-src=\"https:\/\/sorwespa.com\/wp-content\/uploads\/2023\/08\/Mirrow.png\" class=\"grid-item\"><img decoding=\"async\" width=\"1024\" height=\"683\" src=\"https:\/\/sorwespa.com\/wp-content\/uploads\/2023\/08\/Mirrow-1024x683.png\" alt=\"\" data-id=\"430\" loading=\"lazy\" class=\"wp-image-430\" srcset=\"https:\/\/sorwespa.com\/wp-content\/uploads\/2023\/08\/Mirrow-1024x683.png 1024w, https:\/\/sorwespa.com\/wp-content\/uploads\/2023\/08\/Mirrow-300x200.png 300w, https:\/\/sorwespa.com\/wp-content\/uploads\/2023\/08\/Mirrow-768x512.png 768w, https:\/\/sorwespa.com\/wp-content\/uploads\/2023\/08\/Mirrow.png 1296w\" sizes=\"auto, (max-width: 1024px) 100vw, 1024px\" \/><\/div><div data-src=\"https:\/\/sorwespa.com\/wp-content\/uploads\/2023\/11\/sorwespa-hygge.jpg\" class=\"grid-item\"><img decoding=\"async\" width=\"1024\" height=\"768\" src=\"https:\/\/sorwespa.com\/wp-content\/uploads\/2023\/11\/sorwespa-hygge-1024x768.jpg\" alt=\"\" data-id=\"914\" loading=\"lazy\" class=\"wp-image-914\" srcset=\"https:\/\/sorwespa.com\/wp-content\/uploads\/2023\/11\/sorwespa-hygge-1024x768.jpg 1024w, https:\/\/sorwespa.com\/wp-content\/uploads\/2023\/11\/sorwespa-hygge-300x225.jpg 300w, https:\/\/sorwespa.com\/wp-content\/uploads\/2023\/11\/sorwespa-hygge-768x576.jpg 768w, https:\/\/sorwespa.com\/wp-content\/uploads\/2023\/11\/sorwespa-hygge.jpg 1200w\" sizes=\"auto, (max-width: 1024px) 100vw, 1024px\" \/><\/div><div data-src=\"https:\/\/sorwespa.com\/wp-content\/uploads\/2023\/08\/White-flower.png\" class=\"grid-item\"><img decoding=\"async\" width=\"576\" height=\"864\" src=\"https:\/\/sorwespa.com\/wp-content\/uploads\/2023\/08\/White-flower.png\" alt=\"\" data-id=\"446\" loading=\"lazy\" class=\"wp-image-446\" srcset=\"https:\/\/sorwespa.com\/wp-content\/uploads\/2023\/08\/White-flower.png 576w, https:\/\/sorwespa.com\/wp-content\/uploads\/2023\/08\/White-flower-200x300.png 200w\" sizes=\"auto, (max-width: 576px) 100vw, 576px\" \/><\/div><div data-src=\"https:\/\/sorwespa.com\/wp-content\/uploads\/2024\/06\/sorwekook_6019-scaled.jpg\" class=\"grid-item\"><img decoding=\"async\" width=\"1024\" height=\"1024\" src=\"https:\/\/sorwespa.com\/wp-content\/uploads\/2024\/06\/sorwekook_6019-1024x1024.jpg\" alt=\"\" data-id=\"1084\" loading=\"lazy\" class=\"wp-image-1084\" srcset=\"https:\/\/sorwespa.com\/wp-content\/uploads\/2024\/06\/sorwekook_6019-1024x1024.jpg 1024w, https:\/\/sorwespa.com\/wp-content\/uploads\/2024\/06\/sorwekook_6019-300x300.jpg 300w, https:\/\/sorwespa.com\/wp-content\/uploads\/2024\/06\/sorwekook_6019-150x150.jpg 150w, https:\/\/sorwespa.com\/wp-content\/uploads\/2024\/06\/sorwekook_6019-768x768.jpg 768w, https:\/\/sorwespa.com\/wp-content\/uploads\/2024\/06\/sorwekook_6019-1536x1536.jpg 1536w, https:\/\/sorwespa.com\/wp-content\/uploads\/2024\/06\/sorwekook_6019-2048x2048.jpg 2048w, https:\/\/sorwespa.com\/wp-content\/uploads\/2024\/06\/sorwekook_6019-1568x1568.jpg 1568w\" sizes=\"auto, (max-width: 1024px) 100vw, 1024px\" \/><\/div><div data-src=\"https:\/\/sorwespa.com\/wp-content\/uploads\/2025\/01\/Teeaare-Sorwespa.jpg\" class=\"grid-item\"><img decoding=\"async\" width=\"1024\" height=\"731\" src=\"https:\/\/sorwespa.com\/wp-content\/uploads\/2025\/01\/Teeaare-Sorwespa-1024x731.jpg\" alt=\"\" data-id=\"1345\" loading=\"lazy\" class=\"wp-image-1345\" srcset=\"https:\/\/sorwespa.com\/wp-content\/uploads\/2025\/01\/Teeaare-Sorwespa-1024x731.jpg 1024w, https:\/\/sorwespa.com\/wp-content\/uploads\/2025\/01\/Teeaare-Sorwespa-300x214.jpg 300w, https:\/\/sorwespa.com\/wp-content\/uploads\/2025\/01\/Teeaare-Sorwespa-768x548.jpg 768w, https:\/\/sorwespa.com\/wp-content\/uploads\/2025\/01\/Teeaare-Sorwespa.jpg 1200w\" sizes=\"auto, (max-width: 1024px) 100vw, 1024px\" \/><\/div><div data-src=\"https:\/\/sorwespa.com\/wp-content\/uploads\/2023\/08\/White-decoration.png\" class=\"grid-item\"><img decoding=\"async\" width=\"1024\" height=\"681\" src=\"https:\/\/sorwespa.com\/wp-content\/uploads\/2023\/08\/White-decoration-1024x681.png\" alt=\"\" data-id=\"460\" loading=\"lazy\" class=\"wp-image-460\" srcset=\"https:\/\/sorwespa.com\/wp-content\/uploads\/2023\/08\/White-decoration-1024x681.png 1024w, https:\/\/sorwespa.com\/wp-content\/uploads\/2023\/08\/White-decoration-300x200.png 300w, https:\/\/sorwespa.com\/wp-content\/uploads\/2023\/08\/White-decoration-768x511.png 768w, https:\/\/sorwespa.com\/wp-content\/uploads\/2023\/08\/White-decoration.png 1443w\" sizes=\"auto, (max-width: 1024px) 100vw, 1024px\" \/><\/div><div data-src=\"https:\/\/sorwespa.com\/wp-content\/uploads\/2025\/01\/Teeaare-seminariruum.jpg\" class=\"grid-item\"><img decoding=\"async\" width=\"1024\" height=\"768\" src=\"https:\/\/sorwespa.com\/wp-content\/uploads\/2025\/01\/Teeaare-seminariruum-1024x768.jpg\" alt=\"\" data-id=\"1343\" loading=\"lazy\" class=\"wp-image-1343\" srcset=\"https:\/\/sorwespa.com\/wp-content\/uploads\/2025\/01\/Teeaare-seminariruum-1024x768.jpg 1024w, https:\/\/sorwespa.com\/wp-content\/uploads\/2025\/01\/Teeaare-seminariruum-300x225.jpg 300w, https:\/\/sorwespa.com\/wp-content\/uploads\/2025\/01\/Teeaare-seminariruum-768x576.jpg 768w, https:\/\/sorwespa.com\/wp-content\/uploads\/2025\/01\/Teeaare-seminariruum.jpg 1200w\" sizes=\"auto, (max-width: 1024px) 100vw, 1024px\" \/><\/div><div data-src=\"https:\/\/sorwespa.com\/wp-content\/uploads\/2023\/11\/Sorwespa-Sorwekook.jpg\" class=\"grid-item\"><img decoding=\"async\" width=\"1024\" height=\"768\" src=\"https:\/\/sorwespa.com\/wp-content\/uploads\/2023\/11\/Sorwespa-Sorwekook-1024x768.jpg\" alt=\"\" data-id=\"909\" loading=\"lazy\" class=\"wp-image-909\" srcset=\"https:\/\/sorwespa.com\/wp-content\/uploads\/2023\/11\/Sorwespa-Sorwekook-1024x768.jpg 1024w, https:\/\/sorwespa.com\/wp-content\/uploads\/2023\/11\/Sorwespa-Sorwekook-300x225.jpg 300w, https:\/\/sorwespa.com\/wp-content\/uploads\/2023\/11\/Sorwespa-Sorwekook-768x576.jpg 768w, https:\/\/sorwespa.com\/wp-content\/uploads\/2023\/11\/Sorwespa-Sorwekook.jpg 1200w\" sizes=\"auto, (max-width: 1024px) 100vw, 1024px\" \/><\/div><div data-src=\"https:\/\/sorwespa.com\/wp-content\/uploads\/2023\/11\/spaamaja.jpg\" class=\"grid-item\"><img decoding=\"async\" width=\"768\" height=\"1024\" src=\"https:\/\/sorwespa.com\/wp-content\/uploads\/2023\/11\/spaamaja-768x1024.jpg\" alt=\"\" data-id=\"893\" loading=\"lazy\" class=\"wp-image-893\" srcset=\"https:\/\/sorwespa.com\/wp-content\/uploads\/2023\/11\/spaamaja-768x1024.jpg 768w, https:\/\/sorwespa.com\/wp-content\/uploads\/2023\/11\/spaamaja-225x300.jpg 225w, https:\/\/sorwespa.com\/wp-content\/uploads\/2023\/11\/spaamaja.jpg 900w\" sizes=\"auto, (max-width: 768px) 100vw, 768px\" \/><\/div><div data-src=\"https:\/\/sorwespa.com\/wp-content\/uploads\/2025\/01\/Teeaare-seminar.jpg\" class=\"grid-item\"><img decoding=\"async\" width=\"768\" height=\"1024\" src=\"https:\/\/sorwespa.com\/wp-content\/uploads\/2025\/01\/Teeaare-seminar-768x1024.jpg\" alt=\"\" data-id=\"1341\" loading=\"lazy\" class=\"wp-image-1341\" srcset=\"https:\/\/sorwespa.com\/wp-content\/uploads\/2025\/01\/Teeaare-seminar-768x1024.jpg 768w, https:\/\/sorwespa.com\/wp-content\/uploads\/2025\/01\/Teeaare-seminar-225x300.jpg 225w, https:\/\/sorwespa.com\/wp-content\/uploads\/2025\/01\/Teeaare-seminar.jpg 900w\" sizes=\"auto, (max-width: 768px) 100vw, 768px\" \/><\/div><\/div><\/div>\n<\/div>\n<\/div>\n","protected":false},"excerpt":{"rendered":"<p>Come to Saaremaa to hold a seminar! Find your best self and the wonderful unity of your team here, where the surfers themselves have always gone to find worthwhile ideas. Saaremaa is a nice place to go with a team to take time off and relax together or to gain new knowledge with colleagues. Coming [&hellip;]<\/p>\n","protected":false},"author":2,"featured_media":0,"parent":0,"menu_order":0,"comment_status":"closed","ping_status":"closed","template":"","meta":{"inline_featured_image":false,"footnotes":""},"class_list":["post-550","page","type-page","status-publish","hentry"],"yoast_head":"<!-- This site is optimized with the Yoast SEO plugin v26.8 - https:\/\/yoast.com\/product\/yoast-seo-wordpress\/ -->\n<title>Seminar - S\u00d6RWESPA<\/title>\n<meta name=\"description\" content=\"S\u00f6rwespa offers three different rooms for organizing seminar. S\u00f6rwek\u00f6\u00f6k is the biggest and can accommodate up to 100 guests.\" \/>\n<meta name=\"robots\" content=\"index, follow, max-snippet:-1, max-image-preview:large, max-video-preview:-1\" \/>\n<link rel=\"canonical\" href=\"https:\/\/sorwespa.com\/en\/seminar\/\" \/>\n<meta property=\"og:locale\" content=\"en_US\" \/>\n<meta property=\"og:type\" content=\"article\" \/>\n<meta property=\"og:title\" content=\"Seminar - S\u00d6RWESPA\" \/>\n<meta property=\"og:description\" content=\"S\u00f6rwespa offers three different rooms for organizing seminar. S\u00f6rwek\u00f6\u00f6k is the biggest and can accommodate up to 100 guests.\" \/>\n<meta property=\"og:url\" content=\"https:\/\/sorwespa.com\/en\/seminar\/\" \/>\n<meta property=\"og:site_name\" content=\"S\u00d6RWESPA\" \/>\n<meta property=\"article:modified_time\" content=\"2025-10-31T09:39:25+00:00\" \/>\n<meta property=\"og:image\" content=\"https:\/\/sorwespa.com\/wp-content\/uploads\/2025\/01\/Sorwespa-seminar-1024x448.png\" \/>\n\t<meta property=\"og:image:width\" content=\"1024\" \/>\n\t<meta property=\"og:image:height\" content=\"448\" \/>\n\t<meta property=\"og:image:type\" content=\"image\/png\" \/>\n<meta name=\"twitter:card\" content=\"summary_large_image\" \/>\n<meta name=\"twitter:label1\" content=\"Est. reading time\" \/>\n\t<meta name=\"twitter:data1\" content=\"7 minutes\" \/>\n<script type=\"application\/ld+json\" class=\"yoast-schema-graph\">{\"@context\":\"https:\/\/schema.org\",\"@graph\":[{\"@type\":\"WebPage\",\"@id\":\"https:\/\/sorwespa.com\/en\/seminar\/\",\"url\":\"https:\/\/sorwespa.com\/en\/seminar\/\",\"name\":\"Seminar - S\u00d6RWESPA\",\"isPartOf\":{\"@id\":\"https:\/\/sorwespa.com\/#website\"},\"primaryImageOfPage\":{\"@id\":\"https:\/\/sorwespa.com\/en\/seminar\/#primaryimage\"},\"image\":{\"@id\":\"https:\/\/sorwespa.com\/en\/seminar\/#primaryimage\"},\"thumbnailUrl\":\"https:\/\/sorwespa.com\/wp-content\/uploads\/2025\/01\/Sorwespa-seminar.png\",\"datePublished\":\"2023-08-23T11:13:13+00:00\",\"dateModified\":\"2025-10-31T09:39:25+00:00\",\"description\":\"S\u00f6rwespa offers three different rooms for organizing seminar. S\u00f6rwek\u00f6\u00f6k is the biggest and can accommodate up to 100 guests.\",\"breadcrumb\":{\"@id\":\"https:\/\/sorwespa.com\/en\/seminar\/#breadcrumb\"},\"inLanguage\":\"en-US\",\"potentialAction\":[{\"@type\":\"ReadAction\",\"target\":[\"https:\/\/sorwespa.com\/en\/seminar\/\"]}]},{\"@type\":\"ImageObject\",\"inLanguage\":\"en-US\",\"@id\":\"https:\/\/sorwespa.com\/en\/seminar\/#primaryimage\",\"url\":\"https:\/\/sorwespa.com\/wp-content\/uploads\/2025\/01\/Sorwespa-seminar.png\",\"contentUrl\":\"https:\/\/sorwespa.com\/wp-content\/uploads\/2025\/01\/Sorwespa-seminar.png\"},{\"@type\":\"BreadcrumbList\",\"@id\":\"https:\/\/sorwespa.com\/en\/seminar\/#breadcrumb\",\"itemListElement\":[{\"@type\":\"ListItem\",\"position\":1,\"name\":\"Home\",\"item\":\"https:\/\/sorwespa.com\/en\/\"},{\"@type\":\"ListItem\",\"position\":2,\"name\":\"Seminar\"}]},{\"@type\":\"WebSite\",\"@id\":\"https:\/\/sorwespa.com\/#website\",\"url\":\"https:\/\/sorwespa.com\/\",\"name\":\"S\u00d6RWESPA\",\"description\":\"Majutus privaatsetes majakestes, spaahoone saunade ja basseiniga S\u00f5rve poolsaare alguses\",\"potentialAction\":[{\"@type\":\"SearchAction\",\"target\":{\"@type\":\"EntryPoint\",\"urlTemplate\":\"https:\/\/sorwespa.com\/?s={search_term_string}\"},\"query-input\":{\"@type\":\"PropertyValueSpecification\",\"valueRequired\":true,\"valueName\":\"search_term_string\"}}],\"inLanguage\":\"en-US\"}]}<\/script>\n<!-- \/ Yoast SEO plugin. -->","yoast_head_json":{"title":"Seminar - S\u00d6RWESPA","description":"S\u00f6rwespa offers three different rooms for organizing seminar. S\u00f6rwek\u00f6\u00f6k is the biggest and can accommodate up to 100 guests.","robots":{"index":"index","follow":"follow","max-snippet":"max-snippet:-1","max-image-preview":"max-image-preview:large","max-video-preview":"max-video-preview:-1"},"canonical":"https:\/\/sorwespa.com\/en\/seminar\/","og_locale":"en_US","og_type":"article","og_title":"Seminar - S\u00d6RWESPA","og_description":"S\u00f6rwespa offers three different rooms for organizing seminar. S\u00f6rwek\u00f6\u00f6k is the biggest and can accommodate up to 100 guests.","og_url":"https:\/\/sorwespa.com\/en\/seminar\/","og_site_name":"S\u00d6RWESPA","article_modified_time":"2025-10-31T09:39:25+00:00","og_image":[{"width":1024,"height":448,"url":"https:\/\/sorwespa.com\/wp-content\/uploads\/2025\/01\/Sorwespa-seminar-1024x448.png","type":"image\/png"}],"twitter_card":"summary_large_image","twitter_misc":{"Est. reading time":"7 minutes"},"schema":{"@context":"https:\/\/schema.org","@graph":[{"@type":"WebPage","@id":"https:\/\/sorwespa.com\/en\/seminar\/","url":"https:\/\/sorwespa.com\/en\/seminar\/","name":"Seminar - S\u00d6RWESPA","isPartOf":{"@id":"https:\/\/sorwespa.com\/#website"},"primaryImageOfPage":{"@id":"https:\/\/sorwespa.com\/en\/seminar\/#primaryimage"},"image":{"@id":"https:\/\/sorwespa.com\/en\/seminar\/#primaryimage"},"thumbnailUrl":"https:\/\/sorwespa.com\/wp-content\/uploads\/2025\/01\/Sorwespa-seminar.png","datePublished":"2023-08-23T11:13:13+00:00","dateModified":"2025-10-31T09:39:25+00:00","description":"S\u00f6rwespa offers three different rooms for organizing seminar. S\u00f6rwek\u00f6\u00f6k is the biggest and can accommodate up to 100 guests.","breadcrumb":{"@id":"https:\/\/sorwespa.com\/en\/seminar\/#breadcrumb"},"inLanguage":"en-US","potentialAction":[{"@type":"ReadAction","target":["https:\/\/sorwespa.com\/en\/seminar\/"]}]},{"@type":"ImageObject","inLanguage":"en-US","@id":"https:\/\/sorwespa.com\/en\/seminar\/#primaryimage","url":"https:\/\/sorwespa.com\/wp-content\/uploads\/2025\/01\/Sorwespa-seminar.png","contentUrl":"https:\/\/sorwespa.com\/wp-content\/uploads\/2025\/01\/Sorwespa-seminar.png"},{"@type":"BreadcrumbList","@id":"https:\/\/sorwespa.com\/en\/seminar\/#breadcrumb","itemListElement":[{"@type":"ListItem","position":1,"name":"Home","item":"https:\/\/sorwespa.com\/en\/"},{"@type":"ListItem","position":2,"name":"Seminar"}]},{"@type":"WebSite","@id":"https:\/\/sorwespa.com\/#website","url":"https:\/\/sorwespa.com\/","name":"S\u00d6RWESPA","description":"Majutus privaatsetes majakestes, spaahoone saunade ja basseiniga S\u00f5rve poolsaare alguses","potentialAction":[{"@type":"SearchAction","target":{"@type":"EntryPoint","urlTemplate":"https:\/\/sorwespa.com\/?s={search_term_string}"},"query-input":{"@type":"PropertyValueSpecification","valueRequired":true,"valueName":"search_term_string"}}],"inLanguage":"en-US"}]}},"_links":{"self":[{"href":"https:\/\/sorwespa.com\/en\/wp-json\/wp\/v2\/pages\/550","targetHints":{"allow":["GET"]}}],"collection":[{"href":"https:\/\/sorwespa.com\/en\/wp-json\/wp\/v2\/pages"}],"about":[{"href":"https:\/\/sorwespa.com\/en\/wp-json\/wp\/v2\/types\/page"}],"author":[{"embeddable":true,"href":"https:\/\/sorwespa.com\/en\/wp-json\/wp\/v2\/users\/2"}],"replies":[{"embeddable":true,"href":"https:\/\/sorwespa.com\/en\/wp-json\/wp\/v2\/comments?post=550"}],"version-history":[{"count":17,"href":"https:\/\/sorwespa.com\/en\/wp-json\/wp\/v2\/pages\/550\/revisions"}],"predecessor-version":[{"id":2073,"href":"https:\/\/sorwespa.com\/en\/wp-json\/wp\/v2\/pages\/550\/revisions\/2073"}],"wp:attachment":[{"href":"https:\/\/sorwespa.com\/en\/wp-json\/wp\/v2\/media?parent=550"}],"curies":[{"name":"wp","href":"https:\/\/api.w.org\/{rel}","templated":true}]}}